{"id":85,"date":"2025-03-13T12:21:26","date_gmt":"2025-03-13T11:21:26","guid":{"rendered":"https:\/\/iberogrooming.com\/?post_type=product&#038;p=85"},"modified":"2025-11-19T07:28:16","modified_gmt":"2025-11-19T06:28:16","slug":"inscripcion-en-freestyle","status":"publish","type":"product","link":"https:\/\/iberogrooming.com\/en\/product\/inscripcion-en-freestyle\/","title":{"rendered":"Registration in Freestyle"},"content":{"rendered":"<p class=\"\" data-start=\"336\" data-end=\"567\">The Freestyle category at Iberogrooming is one of the most challenging and expressive of the event. It is designed for groomers who want to explore their artistic side, breaking away from traditional breed standards.<\/p>\n<p class=\"\" data-start=\"569\" data-end=\"587\"><strong data-start=\"569\" data-end=\"587\">\u2714\ufe0f Requirements:<\/strong><\/p>\n<ul data-start=\"588\" data-end=\"871\">\n<li class=\"\" data-start=\"588\" data-end=\"626\">\n<p class=\"\" data-start=\"590\" data-end=\"626\">Open to all breeds and sizes.<\/p>\n<\/li>\n<li class=\"\" data-start=\"627\" data-end=\"772\">\n<p class=\"\" data-start=\"629\" data-end=\"772\">All techniques are allowed: scissors, clippers, safe dyes, decorations, and accessories, as long as the animal\u2019s well-being is respected.<\/p>\n<\/li>\n<li class=\"\" data-start=\"773\" data-end=\"871\">\n<p class=\"\" data-start=\"775\" data-end=\"871\">The design must show a visible and harmonious transformation, without the need to follow any breed standard.<\/p>\n<\/li>\n<\/ul>\n<p class=\"\" data-start=\"873\" data-end=\"900\"><strong data-start=\"873\" data-end=\"900\">\u23f1\ufe0f Execution time:<\/strong><\/p>\n<ul data-start=\"901\" data-end=\"979\">\n<li class=\"\" data-start=\"901\" data-end=\"939\">\n<p class=\"\" data-start=\"903\" data-end=\"939\">Perros peque\u00f1os y medianos: 2 horas.<\/p>\n<\/li>\n<li class=\"\" data-start=\"940\" data-end=\"979\">\n<p class=\"\" data-start=\"942\" data-end=\"979\">Perros grandes: 2 horas y 30 minutos.<\/p>\n<\/li>\n<\/ul>\n<p class=\"\" data-start=\"981\" data-end=\"1012\"><strong data-start=\"981\" data-end=\"1012\">\ud83c\udfc6 Judging Criteria:<\/strong><\/p>\n<ul data-start=\"1013\" data-end=\"1313\">\n<li class=\"\" data-start=\"1013\" data-end=\"1086\">\n<p class=\"\" data-start=\"1015\" data-end=\"1086\"><strong data-start=\"1015\" data-end=\"1044\">Creativity and innovation:<\/strong> originality of the design and transformation.<\/p>\n<\/li>\n<li class=\"\" data-start=\"1087\" data-end=\"1155\">\n<p class=\"\" data-start=\"1089\" data-end=\"1155\"><strong data-start=\"1089\" data-end=\"1113\">Technique and precision:<\/strong> cleanliness, symmetry, and execution of the cut.<\/p>\n<\/li>\n<li class=\"\" data-start=\"1156\" data-end=\"1250\">\n<p class=\"\" data-start=\"1158\" data-end=\"1250\"><strong data-start=\"1158\" data-end=\"1178\">Overall harmony:<\/strong> balance of the design with the dog's structure and final presentation.<\/p>\n<\/li>\n<li class=\"\" data-start=\"1251\" data-end=\"1313\">\n<p class=\"\" data-start=\"1253\" data-end=\"1313\"><strong data-start=\"1253\" data-end=\"1274\">Animal welfare:<\/strong> proper handling, with no signs of stress.<\/p>\n<\/li>\n<\/ul>","protected":false},"excerpt":{"rendered":"<p>La categor\u00eda Freestyle de Iberogrooming es una de las m\u00e1s desafiantes y expresivas del evento. Est\u00e1 dise\u00f1ada para aquellos groomers que desean explorar su lado m\u00e1s art\u00edstico, rompiendo con los est\u00e1ndares tradicionales de las razas. \u2714\ufe0f Requisitos: Abierta a todas las razas y tama\u00f1os. Se permite el uso de cualquier t\u00e9cnica: tijeras, m\u00e1quina, tintes seguros, [&hellip;]<\/p>","protected":false},"featured_media":272,"comment_status":"open","ping_status":"closed","template":"","meta":[],"product_brand":[],"product_cat":[17],"product_tag":[],"class_list":{"0":"post-85","1":"product","2":"type-product","3":"status-publish","4":"has-post-thumbnail","6":"product_cat-categorias-iberogrooming","8":"first","9":"outofstock","10":"featured","11":"taxable","12":"shipping-taxable","13":"purchasable","14":"product-type-variable"},"yoast_head":"<!-- This site is optimized with the Yoast SEO plugin v27.4 - https:\/\/yoast.com\/product\/yoast-seo-wordpress\/ -->\n<title>Inscripci\u00f3n en FreeStyle - Iberogrooming<\/title>\n<meta name=\"robots\" content=\"index, follow, max-snippet:-1, max-image-preview:large, max-video-preview:-1\" \/>\n<link rel=\"canonical\" href=\"https:\/\/iberogrooming.com\/en\/product\/inscripcion-en-freestyle\/\" \/>\n<meta property=\"og:locale\" content=\"en_GB\" \/>\n<meta property=\"og:type\" content=\"article\" \/>\n<meta property=\"og:title\" content=\"Inscripci\u00f3n en FreeStyle - Iberogrooming\" \/>\n<meta property=\"og:description\" content=\"La categor\u00eda Freestyle de Iberogrooming es una de las m\u00e1s desafiantes y expresivas del evento. Est\u00e1 dise\u00f1ada para aquellos groomers que desean explorar su lado m\u00e1s art\u00edstico, rompiendo con los est\u00e1ndares tradicionales de las razas. \u2714\ufe0f Requisitos: Abierta a todas las razas y tama\u00f1os. Se permite el uso de cualquier t\u00e9cnica: tijeras, m\u00e1quina, tintes seguros, [&hellip;]\" \/>\n<meta property=\"og:url\" content=\"https:\/\/iberogrooming.com\/en\/product\/inscripcion-en-freestyle\/\" \/>\n<meta property=\"og:site_name\" content=\"Iberogrooming\" \/>\n<meta property=\"article:modified_time\" content=\"2025-11-19T06:28:16+00:00\" \/>\n<meta property=\"og:image\" content=\"https:\/\/iberogrooming.com\/wp-content\/uploads\/2025\/03\/logoproducto.png\" \/>\n\t<meta property=\"og:image:width\" content=\"797\" \/>\n\t<meta property=\"og:image:height\" content=\"796\" \/>\n\t<meta property=\"og:image:type\" content=\"image\/png\" \/>\n<meta name=\"twitter:card\" content=\"summary_large_image\" \/>\n<meta name=\"twitter:label1\" content=\"Estimated reading time\" \/>\n\t<meta name=\"twitter:data1\" content=\"1 minute\" \/>\n<script type=\"application\/ld+json\" class=\"yoast-schema-graph\">{\"@context\":\"https:\\\/\\\/schema.org\",\"@graph\":[{\"@type\":\"WebPage\",\"@id\":\"https:\\\/\\\/iberogrooming.com\\\/producto\\\/inscripcion-en-freestyle\\\/\",\"url\":\"https:\\\/\\\/iberogrooming.com\\\/producto\\\/inscripcion-en-freestyle\\\/\",\"name\":\"Inscripci\u00f3n en FreeStyle - Iberogrooming\",\"isPartOf\":{\"@id\":\"https:\\\/\\\/iberogrooming.com\\\/#website\"},\"primaryImageOfPage\":{\"@id\":\"https:\\\/\\\/iberogrooming.com\\\/producto\\\/inscripcion-en-freestyle\\\/#primaryimage\"},\"image\":{\"@id\":\"https:\\\/\\\/iberogrooming.com\\\/producto\\\/inscripcion-en-freestyle\\\/#primaryimage\"},\"thumbnailUrl\":\"https:\\\/\\\/iberogrooming.com\\\/wp-content\\\/uploads\\\/2025\\\/03\\\/logoproducto.png\",\"datePublished\":\"2025-03-13T11:21:26+00:00\",\"dateModified\":\"2025-11-19T06:28:16+00:00\",\"breadcrumb\":{\"@id\":\"https:\\\/\\\/iberogrooming.com\\\/producto\\\/inscripcion-en-freestyle\\\/#breadcrumb\"},\"inLanguage\":\"en-GB\",\"potentialAction\":[{\"@type\":\"ReadAction\",\"target\":[\"https:\\\/\\\/iberogrooming.com\\\/producto\\\/inscripcion-en-freestyle\\\/\"]}]},{\"@type\":\"ImageObject\",\"inLanguage\":\"en-GB\",\"@id\":\"https:\\\/\\\/iberogrooming.com\\\/producto\\\/inscripcion-en-freestyle\\\/#primaryimage\",\"url\":\"https:\\\/\\\/iberogrooming.com\\\/wp-content\\\/uploads\\\/2025\\\/03\\\/logoproducto.png\",\"contentUrl\":\"https:\\\/\\\/iberogrooming.com\\\/wp-content\\\/uploads\\\/2025\\\/03\\\/logoproducto.png\",\"width\":797,\"height\":796},{\"@type\":\"BreadcrumbList\",\"@id\":\"https:\\\/\\\/iberogrooming.com\\\/producto\\\/inscripcion-en-freestyle\\\/#breadcrumb\",\"itemListElement\":[{\"@type\":\"ListItem\",\"position\":1,\"name\":\"Portada\",\"item\":\"https:\\\/\\\/iberogrooming.com\\\/\"},{\"@type\":\"ListItem\",\"position\":2,\"name\":\"Tienda\",\"item\":\"https:\\\/\\\/iberogrooming.com\\\/tienda\\\/\"},{\"@type\":\"ListItem\",\"position\":3,\"name\":\"Inscripci\u00f3n en FreeStyle\"}]},{\"@type\":\"WebSite\",\"@id\":\"https:\\\/\\\/iberogrooming.com\\\/#website\",\"url\":\"https:\\\/\\\/iberogrooming.com\\\/\",\"name\":\"Iberogrooming\",\"description\":\"\",\"publisher\":{\"@id\":\"https:\\\/\\\/iberogrooming.com\\\/#organization\"},\"potentialAction\":[{\"@type\":\"SearchAction\",\"target\":{\"@type\":\"EntryPoint\",\"urlTemplate\":\"https:\\\/\\\/iberogrooming.com\\\/?s={search_term_string}\"},\"query-input\":{\"@type\":\"PropertyValueSpecification\",\"valueRequired\":true,\"valueName\":\"search_term_string\"}}],\"inLanguage\":\"en-GB\"},{\"@type\":\"Organization\",\"@id\":\"https:\\\/\\\/iberogrooming.com\\\/#organization\",\"name\":\"Iberogrooming\",\"url\":\"https:\\\/\\\/iberogrooming.com\\\/\",\"logo\":{\"@type\":\"ImageObject\",\"inLanguage\":\"en-GB\",\"@id\":\"https:\\\/\\\/iberogrooming.com\\\/#\\\/schema\\\/logo\\\/image\\\/\",\"url\":\"https:\\\/\\\/iberogrooming.com\\\/wp-content\\\/uploads\\\/2025\\\/03\\\/logoyfavicon.png\",\"contentUrl\":\"https:\\\/\\\/iberogrooming.com\\\/wp-content\\\/uploads\\\/2025\\\/03\\\/logoyfavicon.png\",\"width\":508,\"height\":396,\"caption\":\"Iberogrooming\"},\"image\":{\"@id\":\"https:\\\/\\\/iberogrooming.com\\\/#\\\/schema\\\/logo\\\/image\\\/\"}}]}<\/script>\n<!-- \/ Yoast SEO plugin. -->","yoast_head_json":{"title":"Inscripci\u00f3n en FreeStyle - Iberogrooming","robots":{"index":"index","follow":"follow","max-snippet":"max-snippet:-1","max-image-preview":"max-image-preview:large","max-video-preview":"max-video-preview:-1"},"canonical":"https:\/\/iberogrooming.com\/en\/product\/inscripcion-en-freestyle\/","og_locale":"en_GB","og_type":"article","og_title":"Inscripci\u00f3n en FreeStyle - Iberogrooming","og_description":"La categor\u00eda Freestyle de Iberogrooming es una de las m\u00e1s desafiantes y expresivas del evento. Est\u00e1 dise\u00f1ada para aquellos groomers que desean explorar su lado m\u00e1s art\u00edstico, rompiendo con los est\u00e1ndares tradicionales de las razas. \u2714\ufe0f Requisitos: Abierta a todas las razas y tama\u00f1os. Se permite el uso de cualquier t\u00e9cnica: tijeras, m\u00e1quina, tintes seguros, [&hellip;]","og_url":"https:\/\/iberogrooming.com\/en\/product\/inscripcion-en-freestyle\/","og_site_name":"Iberogrooming","article_modified_time":"2025-11-19T06:28:16+00:00","og_image":[{"width":797,"height":796,"url":"https:\/\/iberogrooming.com\/wp-content\/uploads\/2025\/03\/logoproducto.png","type":"image\/png"}],"twitter_card":"summary_large_image","twitter_misc":{"Estimated reading time":"1 minute"},"schema":{"@context":"https:\/\/schema.org","@graph":[{"@type":"WebPage","@id":"https:\/\/iberogrooming.com\/producto\/inscripcion-en-freestyle\/","url":"https:\/\/iberogrooming.com\/producto\/inscripcion-en-freestyle\/","name":"Inscripci\u00f3n en FreeStyle - Iberogrooming","isPartOf":{"@id":"https:\/\/iberogrooming.com\/#website"},"primaryImageOfPage":{"@id":"https:\/\/iberogrooming.com\/producto\/inscripcion-en-freestyle\/#primaryimage"},"image":{"@id":"https:\/\/iberogrooming.com\/producto\/inscripcion-en-freestyle\/#primaryimage"},"thumbnailUrl":"https:\/\/iberogrooming.com\/wp-content\/uploads\/2025\/03\/logoproducto.png","datePublished":"2025-03-13T11:21:26+00:00","dateModified":"2025-11-19T06:28:16+00:00","breadcrumb":{"@id":"https:\/\/iberogrooming.com\/producto\/inscripcion-en-freestyle\/#breadcrumb"},"inLanguage":"en-GB","potentialAction":[{"@type":"ReadAction","target":["https:\/\/iberogrooming.com\/producto\/inscripcion-en-freestyle\/"]}]},{"@type":"ImageObject","inLanguage":"en-GB","@id":"https:\/\/iberogrooming.com\/producto\/inscripcion-en-freestyle\/#primaryimage","url":"https:\/\/iberogrooming.com\/wp-content\/uploads\/2025\/03\/logoproducto.png","contentUrl":"https:\/\/iberogrooming.com\/wp-content\/uploads\/2025\/03\/logoproducto.png","width":797,"height":796},{"@type":"BreadcrumbList","@id":"https:\/\/iberogrooming.com\/producto\/inscripcion-en-freestyle\/#breadcrumb","itemListElement":[{"@type":"ListItem","position":1,"name":"Portada","item":"https:\/\/iberogrooming.com\/"},{"@type":"ListItem","position":2,"name":"Tienda","item":"https:\/\/iberogrooming.com\/tienda\/"},{"@type":"ListItem","position":3,"name":"Inscripci\u00f3n en FreeStyle"}]},{"@type":"WebSite","@id":"https:\/\/iberogrooming.com\/#website","url":"https:\/\/iberogrooming.com\/","name":"Iberogrooming","description":"","publisher":{"@id":"https:\/\/iberogrooming.com\/#organization"},"potentialAction":[{"@type":"SearchAction","target":{"@type":"EntryPoint","urlTemplate":"https:\/\/iberogrooming.com\/?s={search_term_string}"},"query-input":{"@type":"PropertyValueSpecification","valueRequired":true,"valueName":"search_term_string"}}],"inLanguage":"en-GB"},{"@type":"Organization","@id":"https:\/\/iberogrooming.com\/#organization","name":"Iberogrooming","url":"https:\/\/iberogrooming.com\/","logo":{"@type":"ImageObject","inLanguage":"en-GB","@id":"https:\/\/iberogrooming.com\/#\/schema\/logo\/image\/","url":"https:\/\/iberogrooming.com\/wp-content\/uploads\/2025\/03\/logoyfavicon.png","contentUrl":"https:\/\/iberogrooming.com\/wp-content\/uploads\/2025\/03\/logoyfavicon.png","width":508,"height":396,"caption":"Iberogrooming"},"image":{"@id":"https:\/\/iberogrooming.com\/#\/schema\/logo\/image\/"}}]}},"_links":{"self":[{"href":"https:\/\/iberogrooming.com\/en\/wp-json\/wp\/v2\/product\/85","targetHints":{"allow":["GET"]}}],"collection":[{"href":"https:\/\/iberogrooming.com\/en\/wp-json\/wp\/v2\/product"}],"about":[{"href":"https:\/\/iberogrooming.com\/en\/wp-json\/wp\/v2\/types\/product"}],"replies":[{"embeddable":true,"href":"https:\/\/iberogrooming.com\/en\/wp-json\/wp\/v2\/comments?post=85"}],"wp:featuredmedia":[{"embeddable":true,"href":"https:\/\/iberogrooming.com\/en\/wp-json\/wp\/v2\/media\/272"}],"wp:attachment":[{"href":"https:\/\/iberogrooming.com\/en\/wp-json\/wp\/v2\/media?parent=85"}],"wp:term":[{"taxonomy":"product_brand","embeddable":true,"href":"https:\/\/iberogrooming.com\/en\/wp-json\/wp\/v2\/product_brand?post=85"},{"taxonomy":"product_cat","embeddable":true,"href":"https:\/\/iberogrooming.com\/en\/wp-json\/wp\/v2\/product_cat?post=85"},{"taxonomy":"product_tag","embeddable":true,"href":"https:\/\/iberogrooming.com\/en\/wp-json\/wp\/v2\/product_tag?post=85"}],"curies":[{"name":"wp","href":"https:\/\/api.w.org\/{rel}","templated":true}]}}