{"id":79,"date":"2025-03-13T12:18:20","date_gmt":"2025-03-13T11:18:20","guid":{"rendered":"https:\/\/iberogrooming.com\/?post_type=product&#038;p=79"},"modified":"2025-11-19T07:24:08","modified_gmt":"2025-11-19T06:24:08","slug":"inscripcion-en-tijeras","status":"publish","type":"product","link":"https:\/\/iberogrooming.com\/en\/product\/inscripcion-en-tijeras\/","title":{"rendered":"Registration in Scissoring"},"content":{"rendered":"<p class=\"\" data-start=\"155\" data-end=\"474\">The Scissor category at Iberogrooming is aimed at groomers who are experts in handling this tool, capable of achieving clean, balanced, and technically flawless finishes. It is the perfect stage to showcase control, symmetry, and creativity on breeds that require exclusively scissor-based trims.<\/p>\n<p class=\"\" data-start=\"476\" data-end=\"494\"><strong data-start=\"476\" data-end=\"494\">\u2714\ufe0f Requirements:<\/strong><\/p>\n<ul data-start=\"495\" data-end=\"902\">\n<li class=\"\" data-start=\"495\" data-end=\"640\">\n<p class=\"\" data-start=\"497\" data-end=\"640\">Open to breeds other than Poodles, such as Bichon Fris\u00e9, Kerry Blue Terrier, Schnauzer, and others with coats suitable for scissor work.<\/p>\n<\/li>\n<li class=\"\" data-start=\"641\" data-end=\"795\">\n<p class=\"\" data-start=\"643\" data-end=\"795\">Scissors must be used for the entire body. Limited clipper use is allowed only if required by the breed standard in specific areas.<\/p>\n<\/li>\n<li class=\"\" data-start=\"796\" data-end=\"902\">\n<p class=\"\" data-start=\"798\" data-end=\"902\">The use of cosmetics, hairspray, and extensions is allowed if they enhance the final finish without harming the animal.<\/p>\n<\/li>\n<\/ul>\n<p class=\"\" data-start=\"904\" data-end=\"931\"><strong data-start=\"904\" data-end=\"931\">\u23f1\ufe0f Execution time:<\/strong><\/p>\n<ul data-start=\"932\" data-end=\"941\">\n<li class=\"\" data-start=\"932\" data-end=\"941\">\n<p class=\"\" data-start=\"934\" data-end=\"941\">2 hours<\/p>\n<\/li>\n<\/ul>\n<p class=\"\" data-start=\"943\" data-end=\"974\"><strong data-start=\"943\" data-end=\"974\">\ud83c\udfc6 Judging Criteria:<\/strong><\/p>\n<ul data-start=\"975\" data-end=\"1322\">\n<li class=\"\" data-start=\"975\" data-end=\"1061\">\n<p class=\"\" data-start=\"977\" data-end=\"1061\"><strong data-start=\"977\" data-end=\"1001\">Technique and precision:<\/strong> mastery in scissor handling, clean and defined lines.<\/p>\n<\/li>\n<li class=\"\" data-start=\"1062\" data-end=\"1128\">\n<p class=\"\" data-start=\"1064\" data-end=\"1128\"><strong data-start=\"1064\" data-end=\"1089\">Symmetry and volume:<\/strong> balanced and even proportions.<\/p>\n<\/li>\n<li class=\"\" data-start=\"1129\" data-end=\"1242\">\n<p class=\"\" data-start=\"1131\" data-end=\"1242\"><strong data-start=\"1131\" data-end=\"1156\">Overall presentation:<\/strong> Harmony with the dog's morphology, proper facial expression, and professional finish.<\/p>\n<\/li>\n<li class=\"\" data-start=\"1243\" data-end=\"1322\">\n<p class=\"\" data-start=\"1245\" data-end=\"1322\"><strong data-start=\"1245\" data-end=\"1266\">Animal welfare:<\/strong> the dog should appear comfortable, clean, and well-handled.<\/p>\n<\/li>\n<\/ul>","protected":false},"excerpt":{"rendered":"<p>La categor\u00eda Tijeras de Iberogrooming est\u00e1 dirigida a groomers expertos en el manejo de esta herramienta, capaces de lograr acabados limpios, equilibrados y t\u00e9cnicamente impecables. Es el escenario perfecto para demostrar control, simetr\u00eda y creatividad en razas que requieren cortes elaborados exclusivamente a tijera. \u2714\ufe0f Requisitos: Dirigida a razas distintas al Caniche, como Bich\u00f3n Fris\u00e9, [&hellip;]<\/p>","protected":false},"featured_media":272,"comment_status":"open","ping_status":"closed","template":"","meta":[],"product_brand":[],"product_cat":[17],"product_tag":[],"class_list":{"0":"post-79","1":"product","2":"type-product","3":"status-publish","4":"has-post-thumbnail","6":"product_cat-categorias-iberogrooming","8":"first","9":"outofstock","10":"featured","11":"taxable","12":"shipping-taxable","13":"purchasable","14":"product-type-variable"},"yoast_head":"<!-- This site is optimized with the Yoast SEO plugin v27.4 - https:\/\/yoast.com\/product\/yoast-seo-wordpress\/ -->\n<title>Inscripci\u00f3n en Tijeras - Iberogrooming<\/title>\n<meta name=\"robots\" content=\"index, follow, max-snippet:-1, max-image-preview:large, max-video-preview:-1\" \/>\n<link rel=\"canonical\" href=\"https:\/\/iberogrooming.com\/en\/product\/inscripcion-en-tijeras\/\" \/>\n<meta property=\"og:locale\" content=\"en_GB\" \/>\n<meta property=\"og:type\" content=\"article\" \/>\n<meta property=\"og:title\" content=\"Inscripci\u00f3n en Tijeras - Iberogrooming\" \/>\n<meta property=\"og:description\" content=\"La categor\u00eda Tijeras de Iberogrooming est\u00e1 dirigida a groomers expertos en el manejo de esta herramienta, capaces de lograr acabados limpios, equilibrados y t\u00e9cnicamente impecables. Es el escenario perfecto para demostrar control, simetr\u00eda y creatividad en razas que requieren cortes elaborados exclusivamente a tijera. \u2714\ufe0f Requisitos: Dirigida a razas distintas al Caniche, como Bich\u00f3n Fris\u00e9, [&hellip;]\" \/>\n<meta property=\"og:url\" content=\"https:\/\/iberogrooming.com\/en\/product\/inscripcion-en-tijeras\/\" \/>\n<meta property=\"og:site_name\" content=\"Iberogrooming\" \/>\n<meta property=\"article:modified_time\" content=\"2025-11-19T06:24:08+00:00\" \/>\n<meta property=\"og:image\" content=\"https:\/\/iberogrooming.com\/wp-content\/uploads\/2025\/03\/logoproducto.png\" \/>\n\t<meta property=\"og:image:width\" content=\"797\" \/>\n\t<meta property=\"og:image:height\" content=\"796\" \/>\n\t<meta property=\"og:image:type\" content=\"image\/png\" \/>\n<meta name=\"twitter:card\" content=\"summary_large_image\" \/>\n<meta name=\"twitter:label1\" content=\"Estimated reading time\" \/>\n\t<meta name=\"twitter:data1\" content=\"1 minute\" \/>\n<script type=\"application\/ld+json\" class=\"yoast-schema-graph\">{\"@context\":\"https:\\\/\\\/schema.org\",\"@graph\":[{\"@type\":\"WebPage\",\"@id\":\"https:\\\/\\\/iberogrooming.com\\\/producto\\\/inscripcion-en-tijeras\\\/\",\"url\":\"https:\\\/\\\/iberogrooming.com\\\/producto\\\/inscripcion-en-tijeras\\\/\",\"name\":\"Inscripci\u00f3n en Tijeras - Iberogrooming\",\"isPartOf\":{\"@id\":\"https:\\\/\\\/iberogrooming.com\\\/#website\"},\"primaryImageOfPage\":{\"@id\":\"https:\\\/\\\/iberogrooming.com\\\/producto\\\/inscripcion-en-tijeras\\\/#primaryimage\"},\"image\":{\"@id\":\"https:\\\/\\\/iberogrooming.com\\\/producto\\\/inscripcion-en-tijeras\\\/#primaryimage\"},\"thumbnailUrl\":\"https:\\\/\\\/iberogrooming.com\\\/wp-content\\\/uploads\\\/2025\\\/03\\\/logoproducto.png\",\"datePublished\":\"2025-03-13T11:18:20+00:00\",\"dateModified\":\"2025-11-19T06:24:08+00:00\",\"breadcrumb\":{\"@id\":\"https:\\\/\\\/iberogrooming.com\\\/producto\\\/inscripcion-en-tijeras\\\/#breadcrumb\"},\"inLanguage\":\"en-GB\",\"potentialAction\":[{\"@type\":\"ReadAction\",\"target\":[\"https:\\\/\\\/iberogrooming.com\\\/producto\\\/inscripcion-en-tijeras\\\/\"]}]},{\"@type\":\"ImageObject\",\"inLanguage\":\"en-GB\",\"@id\":\"https:\\\/\\\/iberogrooming.com\\\/producto\\\/inscripcion-en-tijeras\\\/#primaryimage\",\"url\":\"https:\\\/\\\/iberogrooming.com\\\/wp-content\\\/uploads\\\/2025\\\/03\\\/logoproducto.png\",\"contentUrl\":\"https:\\\/\\\/iberogrooming.com\\\/wp-content\\\/uploads\\\/2025\\\/03\\\/logoproducto.png\",\"width\":797,\"height\":796},{\"@type\":\"BreadcrumbList\",\"@id\":\"https:\\\/\\\/iberogrooming.com\\\/producto\\\/inscripcion-en-tijeras\\\/#breadcrumb\",\"itemListElement\":[{\"@type\":\"ListItem\",\"position\":1,\"name\":\"Portada\",\"item\":\"https:\\\/\\\/iberogrooming.com\\\/\"},{\"@type\":\"ListItem\",\"position\":2,\"name\":\"Tienda\",\"item\":\"https:\\\/\\\/iberogrooming.com\\\/tienda\\\/\"},{\"@type\":\"ListItem\",\"position\":3,\"name\":\"Inscripci\u00f3n en Tijeras\"}]},{\"@type\":\"WebSite\",\"@id\":\"https:\\\/\\\/iberogrooming.com\\\/#website\",\"url\":\"https:\\\/\\\/iberogrooming.com\\\/\",\"name\":\"Iberogrooming\",\"description\":\"\",\"publisher\":{\"@id\":\"https:\\\/\\\/iberogrooming.com\\\/#organization\"},\"potentialAction\":[{\"@type\":\"SearchAction\",\"target\":{\"@type\":\"EntryPoint\",\"urlTemplate\":\"https:\\\/\\\/iberogrooming.com\\\/?s={search_term_string}\"},\"query-input\":{\"@type\":\"PropertyValueSpecification\",\"valueRequired\":true,\"valueName\":\"search_term_string\"}}],\"inLanguage\":\"en-GB\"},{\"@type\":\"Organization\",\"@id\":\"https:\\\/\\\/iberogrooming.com\\\/#organization\",\"name\":\"Iberogrooming\",\"url\":\"https:\\\/\\\/iberogrooming.com\\\/\",\"logo\":{\"@type\":\"ImageObject\",\"inLanguage\":\"en-GB\",\"@id\":\"https:\\\/\\\/iberogrooming.com\\\/#\\\/schema\\\/logo\\\/image\\\/\",\"url\":\"https:\\\/\\\/iberogrooming.com\\\/wp-content\\\/uploads\\\/2025\\\/03\\\/logoyfavicon.png\",\"contentUrl\":\"https:\\\/\\\/iberogrooming.com\\\/wp-content\\\/uploads\\\/2025\\\/03\\\/logoyfavicon.png\",\"width\":508,\"height\":396,\"caption\":\"Iberogrooming\"},\"image\":{\"@id\":\"https:\\\/\\\/iberogrooming.com\\\/#\\\/schema\\\/logo\\\/image\\\/\"}}]}<\/script>\n<!-- \/ Yoast SEO plugin. -->","yoast_head_json":{"title":"Inscripci\u00f3n en Tijeras - Iberogrooming","robots":{"index":"index","follow":"follow","max-snippet":"max-snippet:-1","max-image-preview":"max-image-preview:large","max-video-preview":"max-video-preview:-1"},"canonical":"https:\/\/iberogrooming.com\/en\/product\/inscripcion-en-tijeras\/","og_locale":"en_GB","og_type":"article","og_title":"Inscripci\u00f3n en Tijeras - Iberogrooming","og_description":"La categor\u00eda Tijeras de Iberogrooming est\u00e1 dirigida a groomers expertos en el manejo de esta herramienta, capaces de lograr acabados limpios, equilibrados y t\u00e9cnicamente impecables. Es el escenario perfecto para demostrar control, simetr\u00eda y creatividad en razas que requieren cortes elaborados exclusivamente a tijera. \u2714\ufe0f Requisitos: Dirigida a razas distintas al Caniche, como Bich\u00f3n Fris\u00e9, [&hellip;]","og_url":"https:\/\/iberogrooming.com\/en\/product\/inscripcion-en-tijeras\/","og_site_name":"Iberogrooming","article_modified_time":"2025-11-19T06:24:08+00:00","og_image":[{"width":797,"height":796,"url":"https:\/\/iberogrooming.com\/wp-content\/uploads\/2025\/03\/logoproducto.png","type":"image\/png"}],"twitter_card":"summary_large_image","twitter_misc":{"Estimated reading time":"1 minute"},"schema":{"@context":"https:\/\/schema.org","@graph":[{"@type":"WebPage","@id":"https:\/\/iberogrooming.com\/producto\/inscripcion-en-tijeras\/","url":"https:\/\/iberogrooming.com\/producto\/inscripcion-en-tijeras\/","name":"Inscripci\u00f3n en Tijeras - Iberogrooming","isPartOf":{"@id":"https:\/\/iberogrooming.com\/#website"},"primaryImageOfPage":{"@id":"https:\/\/iberogrooming.com\/producto\/inscripcion-en-tijeras\/#primaryimage"},"image":{"@id":"https:\/\/iberogrooming.com\/producto\/inscripcion-en-tijeras\/#primaryimage"},"thumbnailUrl":"https:\/\/iberogrooming.com\/wp-content\/uploads\/2025\/03\/logoproducto.png","datePublished":"2025-03-13T11:18:20+00:00","dateModified":"2025-11-19T06:24:08+00:00","breadcrumb":{"@id":"https:\/\/iberogrooming.com\/producto\/inscripcion-en-tijeras\/#breadcrumb"},"inLanguage":"en-GB","potentialAction":[{"@type":"ReadAction","target":["https:\/\/iberogrooming.com\/producto\/inscripcion-en-tijeras\/"]}]},{"@type":"ImageObject","inLanguage":"en-GB","@id":"https:\/\/iberogrooming.com\/producto\/inscripcion-en-tijeras\/#primaryimage","url":"https:\/\/iberogrooming.com\/wp-content\/uploads\/2025\/03\/logoproducto.png","contentUrl":"https:\/\/iberogrooming.com\/wp-content\/uploads\/2025\/03\/logoproducto.png","width":797,"height":796},{"@type":"BreadcrumbList","@id":"https:\/\/iberogrooming.com\/producto\/inscripcion-en-tijeras\/#breadcrumb","itemListElement":[{"@type":"ListItem","position":1,"name":"Portada","item":"https:\/\/iberogrooming.com\/"},{"@type":"ListItem","position":2,"name":"Tienda","item":"https:\/\/iberogrooming.com\/tienda\/"},{"@type":"ListItem","position":3,"name":"Inscripci\u00f3n en Tijeras"}]},{"@type":"WebSite","@id":"https:\/\/iberogrooming.com\/#website","url":"https:\/\/iberogrooming.com\/","name":"Iberogrooming","description":"","publisher":{"@id":"https:\/\/iberogrooming.com\/#organization"},"potentialAction":[{"@type":"SearchAction","target":{"@type":"EntryPoint","urlTemplate":"https:\/\/iberogrooming.com\/?s={search_term_string}"},"query-input":{"@type":"PropertyValueSpecification","valueRequired":true,"valueName":"search_term_string"}}],"inLanguage":"en-GB"},{"@type":"Organization","@id":"https:\/\/iberogrooming.com\/#organization","name":"Iberogrooming","url":"https:\/\/iberogrooming.com\/","logo":{"@type":"ImageObject","inLanguage":"en-GB","@id":"https:\/\/iberogrooming.com\/#\/schema\/logo\/image\/","url":"https:\/\/iberogrooming.com\/wp-content\/uploads\/2025\/03\/logoyfavicon.png","contentUrl":"https:\/\/iberogrooming.com\/wp-content\/uploads\/2025\/03\/logoyfavicon.png","width":508,"height":396,"caption":"Iberogrooming"},"image":{"@id":"https:\/\/iberogrooming.com\/#\/schema\/logo\/image\/"}}]}},"_links":{"self":[{"href":"https:\/\/iberogrooming.com\/en\/wp-json\/wp\/v2\/product\/79","targetHints":{"allow":["GET"]}}],"collection":[{"href":"https:\/\/iberogrooming.com\/en\/wp-json\/wp\/v2\/product"}],"about":[{"href":"https:\/\/iberogrooming.com\/en\/wp-json\/wp\/v2\/types\/product"}],"replies":[{"embeddable":true,"href":"https:\/\/iberogrooming.com\/en\/wp-json\/wp\/v2\/comments?post=79"}],"wp:featuredmedia":[{"embeddable":true,"href":"https:\/\/iberogrooming.com\/en\/wp-json\/wp\/v2\/media\/272"}],"wp:attachment":[{"href":"https:\/\/iberogrooming.com\/en\/wp-json\/wp\/v2\/media?parent=79"}],"wp:term":[{"taxonomy":"product_brand","embeddable":true,"href":"https:\/\/iberogrooming.com\/en\/wp-json\/wp\/v2\/product_brand?post=79"},{"taxonomy":"product_cat","embeddable":true,"href":"https:\/\/iberogrooming.com\/en\/wp-json\/wp\/v2\/product_cat?post=79"},{"taxonomy":"product_tag","embeddable":true,"href":"https:\/\/iberogrooming.com\/en\/wp-json\/wp\/v2\/product_tag?post=79"}],"curies":[{"name":"wp","href":"https:\/\/api.w.org\/{rel}","templated":true}]}}