{"id":75,"date":"2025-03-13T11:52:07","date_gmt":"2025-03-13T10:52:07","guid":{"rendered":"https:\/\/iberogrooming.com\/?post_type=product&#038;p=75"},"modified":"2025-11-19T07:25:53","modified_gmt":"2025-11-19T06:25:53","slug":"inscripcion-en-asian-fusion","status":"publish","type":"product","link":"https:\/\/iberogrooming.com\/en\/product\/inscripcion-en-asian-fusion\/","title":{"rendered":"Inscripci\u00f3n en Asian Fusion"},"content":{"rendered":"<p class=\"\" data-start=\"208\" data-end=\"539\">Explora el arte del Asian Fusion en Iberogrooming, una categor\u00eda creada para groomers que desean destacar su creatividad mediante cortes estilizados, redondeados y perfectamente sim\u00e9tricos. Inspirado en la peluquer\u00eda canina asi\u00e1tica, este estilo combina t\u00e9cnica, suavidad y expresi\u00f3n para lograr un resultado visualmente encantador.<\/p>\n<p class=\"\" data-start=\"541\" data-end=\"559\"><strong data-start=\"541\" data-end=\"559\">\u2714\ufe0f Requirements:<\/strong><\/p>\n<ul data-start=\"560\" data-end=\"1124\">\n<li class=\"\" data-start=\"560\" data-end=\"772\">\n<p class=\"\" data-start=\"562\" data-end=\"772\">Aimed at small and medium breeds with moldable coats: Poodles, Bichons, Shih Tzus, Yorkshires, Schnauzers, mixed breeds, among others. Large breeds are also accepted as long as time and technique are respected.<\/p>\n<\/li>\n<li class=\"\" data-start=\"773\" data-end=\"877\">\n<p class=\"\" data-start=\"775\" data-end=\"877\">The use of scissors and clippers is allowed, with priority given to defining compact and rounded volumes.<\/p>\n<\/li>\n<li class=\"\" data-start=\"878\" data-end=\"1017\">\n<p class=\"\" data-start=\"880\" data-end=\"1017\">Moderate use of color is allowed (up to 20% of the body), as well as bows, bands, and small accessories. Hairpieces and 3D figures are not permitted.<\/p>\n<\/li>\n<li class=\"\" data-start=\"1018\" data-end=\"1124\">\n<p class=\"\" data-start=\"1020\" data-end=\"1124\">The coat must be perfectly clean, detangled, and free of any product residues that could affect the cut.<\/p>\n<\/li>\n<\/ul>\n<p class=\"\" data-start=\"1126\" data-end=\"1153\"><strong data-start=\"1126\" data-end=\"1153\">\u23f1\ufe0f Execution time:<\/strong><\/p>\n<ul data-start=\"1154\" data-end=\"1238\">\n<li class=\"\" data-start=\"1154\" data-end=\"1190\">\n<p class=\"\" data-start=\"1156\" data-end=\"1190\">Small dogs: 1 hour 45 minutes<\/p>\n<\/li>\n<li class=\"\" data-start=\"1191\" data-end=\"1238\">\n<p class=\"\" data-start=\"1193\" data-end=\"1238\">Medium and large dogs: 2 hours 30 minutes<\/p>\n<\/li>\n<\/ul>\n<p class=\"\" data-start=\"1240\" data-end=\"1271\"><strong data-start=\"1240\" data-end=\"1271\">\ud83c\udfc6 Judging Criteria:<\/strong><\/p>\n<ul data-start=\"1272\" data-end=\"1622\">\n<li class=\"\" data-start=\"1272\" data-end=\"1341\">\n<p class=\"\" data-start=\"1274\" data-end=\"1341\"><strong data-start=\"1274\" data-end=\"1296\">Scissoring technique:<\/strong> clean cut, with no visible lines or marks.<\/p>\n<\/li>\n<li class=\"\" data-start=\"1342\" data-end=\"1416\">\n<p class=\"\" data-start=\"1344\" data-end=\"1416\"><strong data-start=\"1344\" data-end=\"1369\">Volume and symmetry:<\/strong> balanced proportions and harmonious shapes.<\/p>\n<\/li>\n<li class=\"\" data-start=\"1417\" data-end=\"1457\">\n<p class=\"\" data-start=\"1419\" data-end=\"1457\"><strong data-start=\"1419\" data-end=\"1440\">Facial expression:<\/strong> sweet and precise.<\/p>\n<\/li>\n<li class=\"\" data-start=\"1458\" data-end=\"1531\">\n<p class=\"\" data-start=\"1460\" data-end=\"1531\"><strong data-start=\"1460\" data-end=\"1485\">Overall presentation:<\/strong> well-groomed aesthetics in line with the Asian style.<\/p>\n<\/li>\n<li class=\"\" data-start=\"1532\" data-end=\"1622\">\n<p class=\"\" data-start=\"1534\" data-end=\"1622\"><strong data-start=\"1534\" data-end=\"1555\">Animal welfare:<\/strong> the dog must appear relaxed and comfortable throughout the entire process.<\/p>\n<\/li>\n<\/ul>","protected":false},"excerpt":{"rendered":"<p>Explora el arte del Asian Fusion en Iberogrooming, una categor\u00eda creada para groomers que desean destacar su creatividad mediante cortes estilizados, redondeados y perfectamente sim\u00e9tricos. Inspirado en la peluquer\u00eda canina asi\u00e1tica, este estilo combina t\u00e9cnica, suavidad y expresi\u00f3n para lograr un resultado visualmente encantador. \u2714\ufe0f Requisitos: Dirigida a razas peque\u00f1as y medianas con manto moldeable: [&hellip;]<\/p>","protected":false},"featured_media":272,"comment_status":"open","ping_status":"closed","template":"","meta":[],"product_brand":[],"product_cat":[17],"product_tag":[],"class_list":{"0":"post-75","1":"product","2":"type-product","3":"status-publish","4":"has-post-thumbnail","6":"product_cat-categorias-iberogrooming","8":"first","9":"outofstock","10":"featured","11":"taxable","12":"shipping-taxable","13":"purchasable","14":"product-type-variable"},"yoast_head":"<!-- This site is optimized with the Yoast SEO plugin v27.4 - https:\/\/yoast.com\/product\/yoast-seo-wordpress\/ -->\n<title>Inscripci\u00f3n en Asian Fusion - Iberogrooming<\/title>\n<meta name=\"robots\" content=\"index, follow, max-snippet:-1, max-image-preview:large, max-video-preview:-1\" \/>\n<link rel=\"canonical\" href=\"https:\/\/iberogrooming.com\/en\/product\/inscripcion-en-asian-fusion\/\" \/>\n<meta property=\"og:locale\" content=\"en_GB\" \/>\n<meta property=\"og:type\" content=\"article\" \/>\n<meta property=\"og:title\" content=\"Inscripci\u00f3n en Asian Fusion - Iberogrooming\" \/>\n<meta property=\"og:description\" content=\"Explora el arte del Asian Fusion en Iberogrooming, una categor\u00eda creada para groomers que desean destacar su creatividad mediante cortes estilizados, redondeados y perfectamente sim\u00e9tricos. Inspirado en la peluquer\u00eda canina asi\u00e1tica, este estilo combina t\u00e9cnica, suavidad y expresi\u00f3n para lograr un resultado visualmente encantador. \u2714\ufe0f Requisitos: Dirigida a razas peque\u00f1as y medianas con manto moldeable: [&hellip;]\" \/>\n<meta property=\"og:url\" content=\"https:\/\/iberogrooming.com\/en\/product\/inscripcion-en-asian-fusion\/\" \/>\n<meta property=\"og:site_name\" content=\"Iberogrooming\" \/>\n<meta property=\"article:modified_time\" content=\"2025-11-19T06:25:53+00:00\" \/>\n<meta property=\"og:image\" content=\"https:\/\/iberogrooming.com\/wp-content\/uploads\/2025\/03\/logoproducto.png\" \/>\n\t<meta property=\"og:image:width\" content=\"797\" \/>\n\t<meta property=\"og:image:height\" content=\"796\" \/>\n\t<meta property=\"og:image:type\" content=\"image\/png\" \/>\n<meta name=\"twitter:card\" content=\"summary_large_image\" \/>\n<meta name=\"twitter:label1\" content=\"Estimated reading time\" \/>\n\t<meta name=\"twitter:data1\" content=\"2 minutes\" \/>\n<script type=\"application\/ld+json\" class=\"yoast-schema-graph\">{\"@context\":\"https:\\\/\\\/schema.org\",\"@graph\":[{\"@type\":\"WebPage\",\"@id\":\"https:\\\/\\\/iberogrooming.com\\\/producto\\\/inscripcion-en-asian-fusion\\\/\",\"url\":\"https:\\\/\\\/iberogrooming.com\\\/producto\\\/inscripcion-en-asian-fusion\\\/\",\"name\":\"Inscripci\u00f3n en Asian Fusion - Iberogrooming\",\"isPartOf\":{\"@id\":\"https:\\\/\\\/iberogrooming.com\\\/#website\"},\"primaryImageOfPage\":{\"@id\":\"https:\\\/\\\/iberogrooming.com\\\/producto\\\/inscripcion-en-asian-fusion\\\/#primaryimage\"},\"image\":{\"@id\":\"https:\\\/\\\/iberogrooming.com\\\/producto\\\/inscripcion-en-asian-fusion\\\/#primaryimage\"},\"thumbnailUrl\":\"https:\\\/\\\/iberogrooming.com\\\/wp-content\\\/uploads\\\/2025\\\/03\\\/logoproducto.png\",\"datePublished\":\"2025-03-13T10:52:07+00:00\",\"dateModified\":\"2025-11-19T06:25:53+00:00\",\"breadcrumb\":{\"@id\":\"https:\\\/\\\/iberogrooming.com\\\/producto\\\/inscripcion-en-asian-fusion\\\/#breadcrumb\"},\"inLanguage\":\"en-GB\",\"potentialAction\":[{\"@type\":\"ReadAction\",\"target\":[\"https:\\\/\\\/iberogrooming.com\\\/producto\\\/inscripcion-en-asian-fusion\\\/\"]}]},{\"@type\":\"ImageObject\",\"inLanguage\":\"en-GB\",\"@id\":\"https:\\\/\\\/iberogrooming.com\\\/producto\\\/inscripcion-en-asian-fusion\\\/#primaryimage\",\"url\":\"https:\\\/\\\/iberogrooming.com\\\/wp-content\\\/uploads\\\/2025\\\/03\\\/logoproducto.png\",\"contentUrl\":\"https:\\\/\\\/iberogrooming.com\\\/wp-content\\\/uploads\\\/2025\\\/03\\\/logoproducto.png\",\"width\":797,\"height\":796},{\"@type\":\"BreadcrumbList\",\"@id\":\"https:\\\/\\\/iberogrooming.com\\\/producto\\\/inscripcion-en-asian-fusion\\\/#breadcrumb\",\"itemListElement\":[{\"@type\":\"ListItem\",\"position\":1,\"name\":\"Portada\",\"item\":\"https:\\\/\\\/iberogrooming.com\\\/\"},{\"@type\":\"ListItem\",\"position\":2,\"name\":\"Tienda\",\"item\":\"https:\\\/\\\/iberogrooming.com\\\/tienda\\\/\"},{\"@type\":\"ListItem\",\"position\":3,\"name\":\"Inscripci\u00f3n en Asian Fusion\"}]},{\"@type\":\"WebSite\",\"@id\":\"https:\\\/\\\/iberogrooming.com\\\/#website\",\"url\":\"https:\\\/\\\/iberogrooming.com\\\/\",\"name\":\"Iberogrooming\",\"description\":\"\",\"publisher\":{\"@id\":\"https:\\\/\\\/iberogrooming.com\\\/#organization\"},\"potentialAction\":[{\"@type\":\"SearchAction\",\"target\":{\"@type\":\"EntryPoint\",\"urlTemplate\":\"https:\\\/\\\/iberogrooming.com\\\/?s={search_term_string}\"},\"query-input\":{\"@type\":\"PropertyValueSpecification\",\"valueRequired\":true,\"valueName\":\"search_term_string\"}}],\"inLanguage\":\"en-GB\"},{\"@type\":\"Organization\",\"@id\":\"https:\\\/\\\/iberogrooming.com\\\/#organization\",\"name\":\"Iberogrooming\",\"url\":\"https:\\\/\\\/iberogrooming.com\\\/\",\"logo\":{\"@type\":\"ImageObject\",\"inLanguage\":\"en-GB\",\"@id\":\"https:\\\/\\\/iberogrooming.com\\\/#\\\/schema\\\/logo\\\/image\\\/\",\"url\":\"https:\\\/\\\/iberogrooming.com\\\/wp-content\\\/uploads\\\/2025\\\/03\\\/logoyfavicon.png\",\"contentUrl\":\"https:\\\/\\\/iberogrooming.com\\\/wp-content\\\/uploads\\\/2025\\\/03\\\/logoyfavicon.png\",\"width\":508,\"height\":396,\"caption\":\"Iberogrooming\"},\"image\":{\"@id\":\"https:\\\/\\\/iberogrooming.com\\\/#\\\/schema\\\/logo\\\/image\\\/\"}}]}<\/script>\n<!-- \/ Yoast SEO plugin. -->","yoast_head_json":{"title":"Inscripci\u00f3n en Asian Fusion - Iberogrooming","robots":{"index":"index","follow":"follow","max-snippet":"max-snippet:-1","max-image-preview":"max-image-preview:large","max-video-preview":"max-video-preview:-1"},"canonical":"https:\/\/iberogrooming.com\/en\/product\/inscripcion-en-asian-fusion\/","og_locale":"en_GB","og_type":"article","og_title":"Inscripci\u00f3n en Asian Fusion - Iberogrooming","og_description":"Explora el arte del Asian Fusion en Iberogrooming, una categor\u00eda creada para groomers que desean destacar su creatividad mediante cortes estilizados, redondeados y perfectamente sim\u00e9tricos. Inspirado en la peluquer\u00eda canina asi\u00e1tica, este estilo combina t\u00e9cnica, suavidad y expresi\u00f3n para lograr un resultado visualmente encantador. \u2714\ufe0f Requisitos: Dirigida a razas peque\u00f1as y medianas con manto moldeable: [&hellip;]","og_url":"https:\/\/iberogrooming.com\/en\/product\/inscripcion-en-asian-fusion\/","og_site_name":"Iberogrooming","article_modified_time":"2025-11-19T06:25:53+00:00","og_image":[{"width":797,"height":796,"url":"https:\/\/iberogrooming.com\/wp-content\/uploads\/2025\/03\/logoproducto.png","type":"image\/png"}],"twitter_card":"summary_large_image","twitter_misc":{"Estimated reading time":"2 minutes"},"schema":{"@context":"https:\/\/schema.org","@graph":[{"@type":"WebPage","@id":"https:\/\/iberogrooming.com\/producto\/inscripcion-en-asian-fusion\/","url":"https:\/\/iberogrooming.com\/producto\/inscripcion-en-asian-fusion\/","name":"Inscripci\u00f3n en Asian Fusion - Iberogrooming","isPartOf":{"@id":"https:\/\/iberogrooming.com\/#website"},"primaryImageOfPage":{"@id":"https:\/\/iberogrooming.com\/producto\/inscripcion-en-asian-fusion\/#primaryimage"},"image":{"@id":"https:\/\/iberogrooming.com\/producto\/inscripcion-en-asian-fusion\/#primaryimage"},"thumbnailUrl":"https:\/\/iberogrooming.com\/wp-content\/uploads\/2025\/03\/logoproducto.png","datePublished":"2025-03-13T10:52:07+00:00","dateModified":"2025-11-19T06:25:53+00:00","breadcrumb":{"@id":"https:\/\/iberogrooming.com\/producto\/inscripcion-en-asian-fusion\/#breadcrumb"},"inLanguage":"en-GB","potentialAction":[{"@type":"ReadAction","target":["https:\/\/iberogrooming.com\/producto\/inscripcion-en-asian-fusion\/"]}]},{"@type":"ImageObject","inLanguage":"en-GB","@id":"https:\/\/iberogrooming.com\/producto\/inscripcion-en-asian-fusion\/#primaryimage","url":"https:\/\/iberogrooming.com\/wp-content\/uploads\/2025\/03\/logoproducto.png","contentUrl":"https:\/\/iberogrooming.com\/wp-content\/uploads\/2025\/03\/logoproducto.png","width":797,"height":796},{"@type":"BreadcrumbList","@id":"https:\/\/iberogrooming.com\/producto\/inscripcion-en-asian-fusion\/#breadcrumb","itemListElement":[{"@type":"ListItem","position":1,"name":"Portada","item":"https:\/\/iberogrooming.com\/"},{"@type":"ListItem","position":2,"name":"Tienda","item":"https:\/\/iberogrooming.com\/tienda\/"},{"@type":"ListItem","position":3,"name":"Inscripci\u00f3n en Asian Fusion"}]},{"@type":"WebSite","@id":"https:\/\/iberogrooming.com\/#website","url":"https:\/\/iberogrooming.com\/","name":"Iberogrooming","description":"","publisher":{"@id":"https:\/\/iberogrooming.com\/#organization"},"potentialAction":[{"@type":"SearchAction","target":{"@type":"EntryPoint","urlTemplate":"https:\/\/iberogrooming.com\/?s={search_term_string}"},"query-input":{"@type":"PropertyValueSpecification","valueRequired":true,"valueName":"search_term_string"}}],"inLanguage":"en-GB"},{"@type":"Organization","@id":"https:\/\/iberogrooming.com\/#organization","name":"Iberogrooming","url":"https:\/\/iberogrooming.com\/","logo":{"@type":"ImageObject","inLanguage":"en-GB","@id":"https:\/\/iberogrooming.com\/#\/schema\/logo\/image\/","url":"https:\/\/iberogrooming.com\/wp-content\/uploads\/2025\/03\/logoyfavicon.png","contentUrl":"https:\/\/iberogrooming.com\/wp-content\/uploads\/2025\/03\/logoyfavicon.png","width":508,"height":396,"caption":"Iberogrooming"},"image":{"@id":"https:\/\/iberogrooming.com\/#\/schema\/logo\/image\/"}}]}},"_links":{"self":[{"href":"https:\/\/iberogrooming.com\/en\/wp-json\/wp\/v2\/product\/75","targetHints":{"allow":["GET"]}}],"collection":[{"href":"https:\/\/iberogrooming.com\/en\/wp-json\/wp\/v2\/product"}],"about":[{"href":"https:\/\/iberogrooming.com\/en\/wp-json\/wp\/v2\/types\/product"}],"replies":[{"embeddable":true,"href":"https:\/\/iberogrooming.com\/en\/wp-json\/wp\/v2\/comments?post=75"}],"wp:featuredmedia":[{"embeddable":true,"href":"https:\/\/iberogrooming.com\/en\/wp-json\/wp\/v2\/media\/272"}],"wp:attachment":[{"href":"https:\/\/iberogrooming.com\/en\/wp-json\/wp\/v2\/media?parent=75"}],"wp:term":[{"taxonomy":"product_brand","embeddable":true,"href":"https:\/\/iberogrooming.com\/en\/wp-json\/wp\/v2\/product_brand?post=75"},{"taxonomy":"product_cat","embeddable":true,"href":"https:\/\/iberogrooming.com\/en\/wp-json\/wp\/v2\/product_cat?post=75"},{"taxonomy":"product_tag","embeddable":true,"href":"https:\/\/iberogrooming.com\/en\/wp-json\/wp\/v2\/product_tag?post=75"}],"curies":[{"name":"wp","href":"https:\/\/api.w.org\/{rel}","templated":true}]}}