{"id":74,"date":"2025-03-13T11:50:21","date_gmt":"2025-03-13T10:50:21","guid":{"rendered":"https:\/\/iberogrooming.com\/?post_type=product&#038;p=74"},"modified":"2026-04-14T15:36:08","modified_gmt":"2026-04-14T13:36:08","slug":"inscripcion-en-stripping","status":"publish","type":"product","link":"https:\/\/iberogrooming.com\/en\/product\/inscripcion-en-stripping\/","title":{"rendered":"Registration in Stripping"},"content":{"rendered":"<p class=\"\" data-start=\"184\" data-end=\"458\">Showcase your mastery of the stripping technique with this category designed for groomers specialized in wire-haired breeds. Here, not only your skill is evaluated, but also your adherence to the breed standard and your ability to highlight the natural texture and structure of the coat.<\/p>\n<p class=\"\" data-start=\"460\" data-end=\"478\"><strong data-start=\"460\" data-end=\"478\">\u2714\ufe0f Requirements:<\/strong><\/p>\n<ul data-start=\"479\" data-end=\"862\">\n<li class=\"\" data-start=\"479\" data-end=\"600\">\n<p class=\"\" data-start=\"481\" data-end=\"600\">Allowed dogs: wire-haired breeds such as Terriers, Schnauzers, Cocker Spaniels, among others suitable for stripping.<\/p>\n<\/li>\n<li class=\"\" data-start=\"601\" data-end=\"745\">\n<p class=\"\" data-start=\"603\" data-end=\"745\">Dead hair must be removed manually or with appropriate tools, always preserving the original texture of the coat.<\/p>\n<\/li>\n<li class=\"\" data-start=\"746\" data-end=\"862\">\n<p class=\"\" data-start=\"748\" data-end=\"862\">Excessive use of scissors or clippers is prohibited, especially in areas where the breed standard requires pure stripping.<\/p>\n<\/li>\n<\/ul>\n<p class=\"\" data-start=\"864\" data-end=\"891\"><strong data-start=\"864\" data-end=\"891\">\u23f1\ufe0f Execution time:<\/strong><\/p>\n<ul data-start=\"892\" data-end=\"1069\">\n<li class=\"\" data-start=\"892\" data-end=\"980\">\n<p class=\"\" data-start=\"894\" data-end=\"906\">With clippers:<\/p>\n<ul data-start=\"909\" data-end=\"980\">\n<li class=\"\" data-start=\"909\" data-end=\"942\">\n<p class=\"\" data-start=\"911\" data-end=\"942\">Small\/medium size: 2 hours<\/p>\n<\/li>\n<li class=\"\" data-start=\"945\" data-end=\"980\">\n<p class=\"\" data-start=\"947\" data-end=\"980\">Large size: 2 hours 30 minutes<\/p>\n<\/li>\n<\/ul>\n<\/li>\n<li class=\"\" data-start=\"981\" data-end=\"1069\">\n<p class=\"\" data-start=\"983\" data-end=\"995\">Without clippers:<\/p>\n<ul data-start=\"998\" data-end=\"1069\">\n<li class=\"\" data-start=\"998\" data-end=\"1042\">\n<p class=\"\" data-start=\"1000\" data-end=\"1042\">Small\/medium size: 2 hours 30 minutes<\/p>\n<\/li>\n<li class=\"\" data-start=\"1045\" data-end=\"1069\">\n<p class=\"\" data-start=\"1047\" data-end=\"1069\">Large size: 3 hours<\/p>\n<\/li>\n<\/ul>\n<\/li>\n<\/ul>\n<p class=\"\" data-start=\"1071\" data-end=\"1102\"><strong data-start=\"1071\" data-end=\"1102\">\ud83c\udfc6 Judging Criteria:<\/strong><\/p>\n<ul data-start=\"1103\" data-end=\"1426\">\n<li class=\"\" data-start=\"1103\" data-end=\"1188\">\n<p class=\"\" data-start=\"1105\" data-end=\"1188\"><strong data-start=\"1105\" data-end=\"1130\">Stripping technique:<\/strong> proper removal of dead hair without damaging the coat.<\/p>\n<\/li>\n<li class=\"\" data-start=\"1189\" data-end=\"1263\">\n<p class=\"\" data-start=\"1191\" data-end=\"1263\"><strong data-start=\"1191\" data-end=\"1216\">Overall presentation:<\/strong> cleanliness, uniformity, and harmony in the finish.<\/p>\n<\/li>\n<li class=\"\" data-start=\"1264\" data-end=\"1342\">\n<p class=\"\" data-start=\"1266\" data-end=\"1342\"><strong data-start=\"1266\" data-end=\"1290\">Breed standard compliance:<\/strong> faithfulness to the breed\u2019s specific characteristics.<\/p>\n<\/li>\n<li class=\"\" data-start=\"1343\" data-end=\"1426\">\n<p class=\"\" data-start=\"1345\" data-end=\"1426\"><strong data-start=\"1345\" data-end=\"1366\">Animal welfare:<\/strong> careful handling with no signs of discomfort for the dog.<\/p>\n<\/li>\n<\/ul>","protected":false},"excerpt":{"rendered":"<p>Demuestra tu maestr\u00eda en la t\u00e9cnica de stripping con esta categor\u00eda dise\u00f1ada para groomers especializados en razas de pelo duro. Aqu\u00ed se eval\u00faa no solo tu destreza, sino tambi\u00e9n tu fidelidad al est\u00e1ndar y tu capacidad para resaltar la textura y estructura natural del manto. \u2714\ufe0f Requisitos: Perros permitidos: razas de pelo duro como Terrier, [&hellip;]<\/p>","protected":false},"featured_media":272,"comment_status":"open","ping_status":"closed","template":"","meta":[],"product_brand":[],"product_cat":[17],"product_tag":[],"class_list":{"0":"post-74","1":"product","2":"type-product","3":"status-publish","4":"has-post-thumbnail","6":"product_cat-categorias-iberogrooming","8":"first","9":"outofstock","10":"featured","11":"taxable","12":"shipping-taxable","13":"purchasable","14":"product-type-variable"},"yoast_head":"<!-- This site is optimized with the Yoast SEO plugin v27.4 - https:\/\/yoast.com\/product\/yoast-seo-wordpress\/ -->\n<title>Inscripci\u00f3n en Stripping - Iberogrooming<\/title>\n<meta name=\"robots\" content=\"index, follow, max-snippet:-1, max-image-preview:large, max-video-preview:-1\" \/>\n<link rel=\"canonical\" href=\"https:\/\/iberogrooming.com\/en\/product\/inscripcion-en-stripping\/\" \/>\n<meta property=\"og:locale\" content=\"en_GB\" \/>\n<meta property=\"og:type\" content=\"article\" \/>\n<meta property=\"og:title\" content=\"Inscripci\u00f3n en Stripping - Iberogrooming\" \/>\n<meta property=\"og:description\" content=\"Demuestra tu maestr\u00eda en la t\u00e9cnica de stripping con esta categor\u00eda dise\u00f1ada para groomers especializados en razas de pelo duro. Aqu\u00ed se eval\u00faa no solo tu destreza, sino tambi\u00e9n tu fidelidad al est\u00e1ndar y tu capacidad para resaltar la textura y estructura natural del manto. \u2714\ufe0f Requisitos: Perros permitidos: razas de pelo duro como Terrier, [&hellip;]\" \/>\n<meta property=\"og:url\" content=\"https:\/\/iberogrooming.com\/en\/product\/inscripcion-en-stripping\/\" \/>\n<meta property=\"og:site_name\" content=\"Iberogrooming\" \/>\n<meta property=\"article:modified_time\" content=\"2026-04-14T13:36:08+00:00\" \/>\n<meta property=\"og:image\" content=\"https:\/\/iberogrooming.com\/wp-content\/uploads\/2025\/03\/logoproducto.png\" \/>\n\t<meta property=\"og:image:width\" content=\"797\" \/>\n\t<meta property=\"og:image:height\" content=\"796\" \/>\n\t<meta property=\"og:image:type\" content=\"image\/png\" \/>\n<meta name=\"twitter:card\" content=\"summary_large_image\" \/>\n<meta name=\"twitter:label1\" content=\"Estimated reading time\" \/>\n\t<meta name=\"twitter:data1\" content=\"2 minutes\" \/>\n<script type=\"application\/ld+json\" class=\"yoast-schema-graph\">{\"@context\":\"https:\\\/\\\/schema.org\",\"@graph\":[{\"@type\":\"WebPage\",\"@id\":\"https:\\\/\\\/iberogrooming.com\\\/producto\\\/inscripcion-en-stripping\\\/\",\"url\":\"https:\\\/\\\/iberogrooming.com\\\/producto\\\/inscripcion-en-stripping\\\/\",\"name\":\"Inscripci\u00f3n en Stripping - Iberogrooming\",\"isPartOf\":{\"@id\":\"https:\\\/\\\/iberogrooming.com\\\/#website\"},\"primaryImageOfPage\":{\"@id\":\"https:\\\/\\\/iberogrooming.com\\\/producto\\\/inscripcion-en-stripping\\\/#primaryimage\"},\"image\":{\"@id\":\"https:\\\/\\\/iberogrooming.com\\\/producto\\\/inscripcion-en-stripping\\\/#primaryimage\"},\"thumbnailUrl\":\"https:\\\/\\\/iberogrooming.com\\\/wp-content\\\/uploads\\\/2025\\\/03\\\/logoproducto.png\",\"datePublished\":\"2025-03-13T10:50:21+00:00\",\"dateModified\":\"2026-04-14T13:36:08+00:00\",\"breadcrumb\":{\"@id\":\"https:\\\/\\\/iberogrooming.com\\\/producto\\\/inscripcion-en-stripping\\\/#breadcrumb\"},\"inLanguage\":\"en-GB\",\"potentialAction\":[{\"@type\":\"ReadAction\",\"target\":[\"https:\\\/\\\/iberogrooming.com\\\/producto\\\/inscripcion-en-stripping\\\/\"]}]},{\"@type\":\"ImageObject\",\"inLanguage\":\"en-GB\",\"@id\":\"https:\\\/\\\/iberogrooming.com\\\/producto\\\/inscripcion-en-stripping\\\/#primaryimage\",\"url\":\"https:\\\/\\\/iberogrooming.com\\\/wp-content\\\/uploads\\\/2025\\\/03\\\/logoproducto.png\",\"contentUrl\":\"https:\\\/\\\/iberogrooming.com\\\/wp-content\\\/uploads\\\/2025\\\/03\\\/logoproducto.png\",\"width\":797,\"height\":796},{\"@type\":\"BreadcrumbList\",\"@id\":\"https:\\\/\\\/iberogrooming.com\\\/producto\\\/inscripcion-en-stripping\\\/#breadcrumb\",\"itemListElement\":[{\"@type\":\"ListItem\",\"position\":1,\"name\":\"Portada\",\"item\":\"https:\\\/\\\/iberogrooming.com\\\/\"},{\"@type\":\"ListItem\",\"position\":2,\"name\":\"Tienda\",\"item\":\"https:\\\/\\\/iberogrooming.com\\\/tienda\\\/\"},{\"@type\":\"ListItem\",\"position\":3,\"name\":\"Inscripci\u00f3n en Stripping\"}]},{\"@type\":\"WebSite\",\"@id\":\"https:\\\/\\\/iberogrooming.com\\\/#website\",\"url\":\"https:\\\/\\\/iberogrooming.com\\\/\",\"name\":\"Iberogrooming\",\"description\":\"\",\"publisher\":{\"@id\":\"https:\\\/\\\/iberogrooming.com\\\/#organization\"},\"potentialAction\":[{\"@type\":\"SearchAction\",\"target\":{\"@type\":\"EntryPoint\",\"urlTemplate\":\"https:\\\/\\\/iberogrooming.com\\\/?s={search_term_string}\"},\"query-input\":{\"@type\":\"PropertyValueSpecification\",\"valueRequired\":true,\"valueName\":\"search_term_string\"}}],\"inLanguage\":\"en-GB\"},{\"@type\":\"Organization\",\"@id\":\"https:\\\/\\\/iberogrooming.com\\\/#organization\",\"name\":\"Iberogrooming\",\"url\":\"https:\\\/\\\/iberogrooming.com\\\/\",\"logo\":{\"@type\":\"ImageObject\",\"inLanguage\":\"en-GB\",\"@id\":\"https:\\\/\\\/iberogrooming.com\\\/#\\\/schema\\\/logo\\\/image\\\/\",\"url\":\"https:\\\/\\\/iberogrooming.com\\\/wp-content\\\/uploads\\\/2025\\\/03\\\/logoyfavicon.png\",\"contentUrl\":\"https:\\\/\\\/iberogrooming.com\\\/wp-content\\\/uploads\\\/2025\\\/03\\\/logoyfavicon.png\",\"width\":508,\"height\":396,\"caption\":\"Iberogrooming\"},\"image\":{\"@id\":\"https:\\\/\\\/iberogrooming.com\\\/#\\\/schema\\\/logo\\\/image\\\/\"}}]}<\/script>\n<!-- \/ Yoast SEO plugin. -->","yoast_head_json":{"title":"Inscripci\u00f3n en Stripping - Iberogrooming","robots":{"index":"index","follow":"follow","max-snippet":"max-snippet:-1","max-image-preview":"max-image-preview:large","max-video-preview":"max-video-preview:-1"},"canonical":"https:\/\/iberogrooming.com\/en\/product\/inscripcion-en-stripping\/","og_locale":"en_GB","og_type":"article","og_title":"Inscripci\u00f3n en Stripping - Iberogrooming","og_description":"Demuestra tu maestr\u00eda en la t\u00e9cnica de stripping con esta categor\u00eda dise\u00f1ada para groomers especializados en razas de pelo duro. Aqu\u00ed se eval\u00faa no solo tu destreza, sino tambi\u00e9n tu fidelidad al est\u00e1ndar y tu capacidad para resaltar la textura y estructura natural del manto. \u2714\ufe0f Requisitos: Perros permitidos: razas de pelo duro como Terrier, [&hellip;]","og_url":"https:\/\/iberogrooming.com\/en\/product\/inscripcion-en-stripping\/","og_site_name":"Iberogrooming","article_modified_time":"2026-04-14T13:36:08+00:00","og_image":[{"width":797,"height":796,"url":"https:\/\/iberogrooming.com\/wp-content\/uploads\/2025\/03\/logoproducto.png","type":"image\/png"}],"twitter_card":"summary_large_image","twitter_misc":{"Estimated reading time":"2 minutes"},"schema":{"@context":"https:\/\/schema.org","@graph":[{"@type":"WebPage","@id":"https:\/\/iberogrooming.com\/producto\/inscripcion-en-stripping\/","url":"https:\/\/iberogrooming.com\/producto\/inscripcion-en-stripping\/","name":"Inscripci\u00f3n en Stripping - Iberogrooming","isPartOf":{"@id":"https:\/\/iberogrooming.com\/#website"},"primaryImageOfPage":{"@id":"https:\/\/iberogrooming.com\/producto\/inscripcion-en-stripping\/#primaryimage"},"image":{"@id":"https:\/\/iberogrooming.com\/producto\/inscripcion-en-stripping\/#primaryimage"},"thumbnailUrl":"https:\/\/iberogrooming.com\/wp-content\/uploads\/2025\/03\/logoproducto.png","datePublished":"2025-03-13T10:50:21+00:00","dateModified":"2026-04-14T13:36:08+00:00","breadcrumb":{"@id":"https:\/\/iberogrooming.com\/producto\/inscripcion-en-stripping\/#breadcrumb"},"inLanguage":"en-GB","potentialAction":[{"@type":"ReadAction","target":["https:\/\/iberogrooming.com\/producto\/inscripcion-en-stripping\/"]}]},{"@type":"ImageObject","inLanguage":"en-GB","@id":"https:\/\/iberogrooming.com\/producto\/inscripcion-en-stripping\/#primaryimage","url":"https:\/\/iberogrooming.com\/wp-content\/uploads\/2025\/03\/logoproducto.png","contentUrl":"https:\/\/iberogrooming.com\/wp-content\/uploads\/2025\/03\/logoproducto.png","width":797,"height":796},{"@type":"BreadcrumbList","@id":"https:\/\/iberogrooming.com\/producto\/inscripcion-en-stripping\/#breadcrumb","itemListElement":[{"@type":"ListItem","position":1,"name":"Portada","item":"https:\/\/iberogrooming.com\/"},{"@type":"ListItem","position":2,"name":"Tienda","item":"https:\/\/iberogrooming.com\/tienda\/"},{"@type":"ListItem","position":3,"name":"Inscripci\u00f3n en Stripping"}]},{"@type":"WebSite","@id":"https:\/\/iberogrooming.com\/#website","url":"https:\/\/iberogrooming.com\/","name":"Iberogrooming","description":"","publisher":{"@id":"https:\/\/iberogrooming.com\/#organization"},"potentialAction":[{"@type":"SearchAction","target":{"@type":"EntryPoint","urlTemplate":"https:\/\/iberogrooming.com\/?s={search_term_string}"},"query-input":{"@type":"PropertyValueSpecification","valueRequired":true,"valueName":"search_term_string"}}],"inLanguage":"en-GB"},{"@type":"Organization","@id":"https:\/\/iberogrooming.com\/#organization","name":"Iberogrooming","url":"https:\/\/iberogrooming.com\/","logo":{"@type":"ImageObject","inLanguage":"en-GB","@id":"https:\/\/iberogrooming.com\/#\/schema\/logo\/image\/","url":"https:\/\/iberogrooming.com\/wp-content\/uploads\/2025\/03\/logoyfavicon.png","contentUrl":"https:\/\/iberogrooming.com\/wp-content\/uploads\/2025\/03\/logoyfavicon.png","width":508,"height":396,"caption":"Iberogrooming"},"image":{"@id":"https:\/\/iberogrooming.com\/#\/schema\/logo\/image\/"}}]}},"_links":{"self":[{"href":"https:\/\/iberogrooming.com\/en\/wp-json\/wp\/v2\/product\/74","targetHints":{"allow":["GET"]}}],"collection":[{"href":"https:\/\/iberogrooming.com\/en\/wp-json\/wp\/v2\/product"}],"about":[{"href":"https:\/\/iberogrooming.com\/en\/wp-json\/wp\/v2\/types\/product"}],"replies":[{"embeddable":true,"href":"https:\/\/iberogrooming.com\/en\/wp-json\/wp\/v2\/comments?post=74"}],"wp:featuredmedia":[{"embeddable":true,"href":"https:\/\/iberogrooming.com\/en\/wp-json\/wp\/v2\/media\/272"}],"wp:attachment":[{"href":"https:\/\/iberogrooming.com\/en\/wp-json\/wp\/v2\/media?parent=74"}],"wp:term":[{"taxonomy":"product_brand","embeddable":true,"href":"https:\/\/iberogrooming.com\/en\/wp-json\/wp\/v2\/product_brand?post=74"},{"taxonomy":"product_cat","embeddable":true,"href":"https:\/\/iberogrooming.com\/en\/wp-json\/wp\/v2\/product_cat?post=74"},{"taxonomy":"product_tag","embeddable":true,"href":"https:\/\/iberogrooming.com\/en\/wp-json\/wp\/v2\/product_tag?post=74"}],"curies":[{"name":"wp","href":"https:\/\/api.w.org\/{rel}","templated":true}]}}