{"id":73,"date":"2025-03-13T11:49:14","date_gmt":"2025-03-13T10:49:14","guid":{"rendered":"https:\/\/iberogrooming.com\/?post_type=product&#038;p=73"},"modified":"2025-11-19T07:29:12","modified_gmt":"2025-11-19T06:29:12","slug":"inscripcion-en-spaniel","status":"publish","type":"product","link":"https:\/\/iberogrooming.com\/en\/product\/inscripcion-en-spaniel\/","title":{"rendered":"Registration in Spaniel"},"content":{"rendered":"<p class=\"\" data-start=\"173\" data-end=\"473\">The Spaniel category at Iberogrooming is designed for groomers who master the specific grooming techniques of these elegant and complex breeds. The goal is to highlight the dog\u2019s natural structure, movement, and the flowing beauty of its coat, while faithfully following the official breed standard.<\/p>\n<p class=\"\" data-start=\"475\" data-end=\"493\"><strong data-start=\"475\" data-end=\"493\">\u2714\ufe0f Requirements:<\/strong><\/p>\n<ul data-start=\"494\" data-end=\"839\">\n<li class=\"\" data-start=\"494\" data-end=\"636\">\n<p class=\"\" data-start=\"496\" data-end=\"636\">Allowed dogs: American Cocker Spaniel, English Cocker Spaniel, and other breeds from the Spaniel or Setter group suitable for this category.<\/p>\n<\/li>\n<li class=\"\" data-start=\"637\" data-end=\"743\">\n<p class=\"\" data-start=\"639\" data-end=\"743\">The combined use of scissors, stripping, and clippers is allowed, as long as it aligns with the breed standard.<\/p>\n<\/li>\n<li class=\"\" data-start=\"744\" data-end=\"839\">\n<p class=\"\" data-start=\"746\" data-end=\"839\">The finish must achieve a natural appearance, with smooth transitions and no harsh lines.<\/p>\n<\/li>\n<\/ul>\n<p class=\"\" data-start=\"841\" data-end=\"868\"><strong data-start=\"841\" data-end=\"868\">\u23f1\ufe0f Execution time:<\/strong><\/p>\n<ul data-start=\"869\" data-end=\"889\">\n<li class=\"\" data-start=\"869\" data-end=\"889\">\n<p class=\"\" data-start=\"871\" data-end=\"889\">2 hours 30 minutes<\/p>\n<\/li>\n<\/ul>\n<p class=\"\" data-start=\"891\" data-end=\"922\"><strong data-start=\"891\" data-end=\"922\">\ud83c\udfc6 Judging Criteria:<\/strong><\/p>\n<ul data-start=\"923\" data-end=\"1349\">\n<li class=\"\" data-start=\"923\" data-end=\"1009\">\n<p class=\"\" data-start=\"925\" data-end=\"1009\"><strong data-start=\"925\" data-end=\"946\">Applied technique:<\/strong> proper use of tools according to the breed standard.<\/p>\n<\/li>\n<li class=\"\" data-start=\"1010\" data-end=\"1096\">\n<p class=\"\" data-start=\"1012\" data-end=\"1096\"><strong data-start=\"1012\" data-end=\"1035\">Simetr\u00eda y armon\u00eda:<\/strong> proporci\u00f3n equilibrada entre las distintas zonas del cuerpo.<\/p>\n<\/li>\n<li class=\"\" data-start=\"1097\" data-end=\"1183\">\n<p class=\"\" data-start=\"1099\" data-end=\"1183\"><strong data-start=\"1099\" data-end=\"1122\">Limpieza y acabado:<\/strong> trabajo pulido, transiciones suaves y pelaje bien trabajado.<\/p>\n<\/li>\n<li class=\"\" data-start=\"1184\" data-end=\"1261\">\n<p class=\"\" data-start=\"1186\" data-end=\"1261\"><strong data-start=\"1186\" data-end=\"1212\">Fidelidad al est\u00e1ndar:<\/strong> morfolog\u00eda, expresi\u00f3n y tipo de manto correctos.<\/p>\n<\/li>\n<li class=\"\" data-start=\"1262\" data-end=\"1349\">\n<p class=\"\" data-start=\"1264\" data-end=\"1349\"><strong data-start=\"1264\" data-end=\"1285\">Animal welfare:<\/strong> correcto manejo y condici\u00f3n f\u00edsica del perro durante la prueba.<\/p>\n<\/li>\n<\/ul>","protected":false},"excerpt":{"rendered":"<p>La categor\u00eda Spaniel de Iberogrooming est\u00e1 pensada para los groomers que dominan las t\u00e9cnicas de arreglo espec\u00edficas de estas elegantes y complejas razas. El objetivo es resaltar la estructura natural del perro, su movimiento y la belleza fluida de su pelaje, siguiendo fielmente el est\u00e1ndar oficial. \u2714\ufe0f Requisitos: Perros permitidos: Cocker Spaniel Americano, Cocker Spaniel [&hellip;]<\/p>","protected":false},"featured_media":272,"comment_status":"open","ping_status":"closed","template":"","meta":[],"product_brand":[],"product_cat":[17],"product_tag":[],"class_list":{"0":"post-73","1":"product","2":"type-product","3":"status-publish","4":"has-post-thumbnail","6":"product_cat-categorias-iberogrooming","8":"first","9":"outofstock","10":"featured","11":"taxable","12":"shipping-taxable","13":"purchasable","14":"product-type-variable"},"yoast_head":"<!-- This site is optimized with the Yoast SEO plugin v27.4 - https:\/\/yoast.com\/product\/yoast-seo-wordpress\/ -->\n<title>Inscripci\u00f3n en Spaniel - Iberogrooming<\/title>\n<meta name=\"robots\" content=\"index, follow, max-snippet:-1, max-image-preview:large, max-video-preview:-1\" \/>\n<link rel=\"canonical\" href=\"https:\/\/iberogrooming.com\/en\/product\/inscripcion-en-spaniel\/\" \/>\n<meta property=\"og:locale\" content=\"en_GB\" \/>\n<meta property=\"og:type\" content=\"article\" \/>\n<meta property=\"og:title\" content=\"Inscripci\u00f3n en Spaniel - Iberogrooming\" \/>\n<meta property=\"og:description\" content=\"La categor\u00eda Spaniel de Iberogrooming est\u00e1 pensada para los groomers que dominan las t\u00e9cnicas de arreglo espec\u00edficas de estas elegantes y complejas razas. El objetivo es resaltar la estructura natural del perro, su movimiento y la belleza fluida de su pelaje, siguiendo fielmente el est\u00e1ndar oficial. \u2714\ufe0f Requisitos: Perros permitidos: Cocker Spaniel Americano, Cocker Spaniel [&hellip;]\" \/>\n<meta property=\"og:url\" content=\"https:\/\/iberogrooming.com\/en\/product\/inscripcion-en-spaniel\/\" \/>\n<meta property=\"og:site_name\" content=\"Iberogrooming\" \/>\n<meta property=\"article:modified_time\" content=\"2025-11-19T06:29:12+00:00\" \/>\n<meta property=\"og:image\" content=\"https:\/\/iberogrooming.com\/wp-content\/uploads\/2025\/03\/logoproducto.png\" \/>\n\t<meta property=\"og:image:width\" content=\"797\" \/>\n\t<meta property=\"og:image:height\" content=\"796\" \/>\n\t<meta property=\"og:image:type\" content=\"image\/png\" \/>\n<meta name=\"twitter:card\" content=\"summary_large_image\" \/>\n<meta name=\"twitter:label1\" content=\"Estimated reading time\" \/>\n\t<meta name=\"twitter:data1\" content=\"1 minute\" \/>\n<script type=\"application\/ld+json\" class=\"yoast-schema-graph\">{\"@context\":\"https:\\\/\\\/schema.org\",\"@graph\":[{\"@type\":\"WebPage\",\"@id\":\"https:\\\/\\\/iberogrooming.com\\\/producto\\\/inscripcion-en-spaniel\\\/\",\"url\":\"https:\\\/\\\/iberogrooming.com\\\/producto\\\/inscripcion-en-spaniel\\\/\",\"name\":\"Inscripci\u00f3n en Spaniel - Iberogrooming\",\"isPartOf\":{\"@id\":\"https:\\\/\\\/iberogrooming.com\\\/#website\"},\"primaryImageOfPage\":{\"@id\":\"https:\\\/\\\/iberogrooming.com\\\/producto\\\/inscripcion-en-spaniel\\\/#primaryimage\"},\"image\":{\"@id\":\"https:\\\/\\\/iberogrooming.com\\\/producto\\\/inscripcion-en-spaniel\\\/#primaryimage\"},\"thumbnailUrl\":\"https:\\\/\\\/iberogrooming.com\\\/wp-content\\\/uploads\\\/2025\\\/03\\\/logoproducto.png\",\"datePublished\":\"2025-03-13T10:49:14+00:00\",\"dateModified\":\"2025-11-19T06:29:12+00:00\",\"breadcrumb\":{\"@id\":\"https:\\\/\\\/iberogrooming.com\\\/producto\\\/inscripcion-en-spaniel\\\/#breadcrumb\"},\"inLanguage\":\"en-GB\",\"potentialAction\":[{\"@type\":\"ReadAction\",\"target\":[\"https:\\\/\\\/iberogrooming.com\\\/producto\\\/inscripcion-en-spaniel\\\/\"]}]},{\"@type\":\"ImageObject\",\"inLanguage\":\"en-GB\",\"@id\":\"https:\\\/\\\/iberogrooming.com\\\/producto\\\/inscripcion-en-spaniel\\\/#primaryimage\",\"url\":\"https:\\\/\\\/iberogrooming.com\\\/wp-content\\\/uploads\\\/2025\\\/03\\\/logoproducto.png\",\"contentUrl\":\"https:\\\/\\\/iberogrooming.com\\\/wp-content\\\/uploads\\\/2025\\\/03\\\/logoproducto.png\",\"width\":797,\"height\":796},{\"@type\":\"BreadcrumbList\",\"@id\":\"https:\\\/\\\/iberogrooming.com\\\/producto\\\/inscripcion-en-spaniel\\\/#breadcrumb\",\"itemListElement\":[{\"@type\":\"ListItem\",\"position\":1,\"name\":\"Portada\",\"item\":\"https:\\\/\\\/iberogrooming.com\\\/\"},{\"@type\":\"ListItem\",\"position\":2,\"name\":\"Tienda\",\"item\":\"https:\\\/\\\/iberogrooming.com\\\/tienda\\\/\"},{\"@type\":\"ListItem\",\"position\":3,\"name\":\"Inscripci\u00f3n en Spaniel\"}]},{\"@type\":\"WebSite\",\"@id\":\"https:\\\/\\\/iberogrooming.com\\\/#website\",\"url\":\"https:\\\/\\\/iberogrooming.com\\\/\",\"name\":\"Iberogrooming\",\"description\":\"\",\"publisher\":{\"@id\":\"https:\\\/\\\/iberogrooming.com\\\/#organization\"},\"potentialAction\":[{\"@type\":\"SearchAction\",\"target\":{\"@type\":\"EntryPoint\",\"urlTemplate\":\"https:\\\/\\\/iberogrooming.com\\\/?s={search_term_string}\"},\"query-input\":{\"@type\":\"PropertyValueSpecification\",\"valueRequired\":true,\"valueName\":\"search_term_string\"}}],\"inLanguage\":\"en-GB\"},{\"@type\":\"Organization\",\"@id\":\"https:\\\/\\\/iberogrooming.com\\\/#organization\",\"name\":\"Iberogrooming\",\"url\":\"https:\\\/\\\/iberogrooming.com\\\/\",\"logo\":{\"@type\":\"ImageObject\",\"inLanguage\":\"en-GB\",\"@id\":\"https:\\\/\\\/iberogrooming.com\\\/#\\\/schema\\\/logo\\\/image\\\/\",\"url\":\"https:\\\/\\\/iberogrooming.com\\\/wp-content\\\/uploads\\\/2025\\\/03\\\/logoyfavicon.png\",\"contentUrl\":\"https:\\\/\\\/iberogrooming.com\\\/wp-content\\\/uploads\\\/2025\\\/03\\\/logoyfavicon.png\",\"width\":508,\"height\":396,\"caption\":\"Iberogrooming\"},\"image\":{\"@id\":\"https:\\\/\\\/iberogrooming.com\\\/#\\\/schema\\\/logo\\\/image\\\/\"}}]}<\/script>\n<!-- \/ Yoast SEO plugin. -->","yoast_head_json":{"title":"Inscripci\u00f3n en Spaniel - Iberogrooming","robots":{"index":"index","follow":"follow","max-snippet":"max-snippet:-1","max-image-preview":"max-image-preview:large","max-video-preview":"max-video-preview:-1"},"canonical":"https:\/\/iberogrooming.com\/en\/product\/inscripcion-en-spaniel\/","og_locale":"en_GB","og_type":"article","og_title":"Inscripci\u00f3n en Spaniel - Iberogrooming","og_description":"La categor\u00eda Spaniel de Iberogrooming est\u00e1 pensada para los groomers que dominan las t\u00e9cnicas de arreglo espec\u00edficas de estas elegantes y complejas razas. El objetivo es resaltar la estructura natural del perro, su movimiento y la belleza fluida de su pelaje, siguiendo fielmente el est\u00e1ndar oficial. \u2714\ufe0f Requisitos: Perros permitidos: Cocker Spaniel Americano, Cocker Spaniel [&hellip;]","og_url":"https:\/\/iberogrooming.com\/en\/product\/inscripcion-en-spaniel\/","og_site_name":"Iberogrooming","article_modified_time":"2025-11-19T06:29:12+00:00","og_image":[{"width":797,"height":796,"url":"https:\/\/iberogrooming.com\/wp-content\/uploads\/2025\/03\/logoproducto.png","type":"image\/png"}],"twitter_card":"summary_large_image","twitter_misc":{"Estimated reading time":"1 minute"},"schema":{"@context":"https:\/\/schema.org","@graph":[{"@type":"WebPage","@id":"https:\/\/iberogrooming.com\/producto\/inscripcion-en-spaniel\/","url":"https:\/\/iberogrooming.com\/producto\/inscripcion-en-spaniel\/","name":"Inscripci\u00f3n en Spaniel - Iberogrooming","isPartOf":{"@id":"https:\/\/iberogrooming.com\/#website"},"primaryImageOfPage":{"@id":"https:\/\/iberogrooming.com\/producto\/inscripcion-en-spaniel\/#primaryimage"},"image":{"@id":"https:\/\/iberogrooming.com\/producto\/inscripcion-en-spaniel\/#primaryimage"},"thumbnailUrl":"https:\/\/iberogrooming.com\/wp-content\/uploads\/2025\/03\/logoproducto.png","datePublished":"2025-03-13T10:49:14+00:00","dateModified":"2025-11-19T06:29:12+00:00","breadcrumb":{"@id":"https:\/\/iberogrooming.com\/producto\/inscripcion-en-spaniel\/#breadcrumb"},"inLanguage":"en-GB","potentialAction":[{"@type":"ReadAction","target":["https:\/\/iberogrooming.com\/producto\/inscripcion-en-spaniel\/"]}]},{"@type":"ImageObject","inLanguage":"en-GB","@id":"https:\/\/iberogrooming.com\/producto\/inscripcion-en-spaniel\/#primaryimage","url":"https:\/\/iberogrooming.com\/wp-content\/uploads\/2025\/03\/logoproducto.png","contentUrl":"https:\/\/iberogrooming.com\/wp-content\/uploads\/2025\/03\/logoproducto.png","width":797,"height":796},{"@type":"BreadcrumbList","@id":"https:\/\/iberogrooming.com\/producto\/inscripcion-en-spaniel\/#breadcrumb","itemListElement":[{"@type":"ListItem","position":1,"name":"Portada","item":"https:\/\/iberogrooming.com\/"},{"@type":"ListItem","position":2,"name":"Tienda","item":"https:\/\/iberogrooming.com\/tienda\/"},{"@type":"ListItem","position":3,"name":"Inscripci\u00f3n en Spaniel"}]},{"@type":"WebSite","@id":"https:\/\/iberogrooming.com\/#website","url":"https:\/\/iberogrooming.com\/","name":"Iberogrooming","description":"","publisher":{"@id":"https:\/\/iberogrooming.com\/#organization"},"potentialAction":[{"@type":"SearchAction","target":{"@type":"EntryPoint","urlTemplate":"https:\/\/iberogrooming.com\/?s={search_term_string}"},"query-input":{"@type":"PropertyValueSpecification","valueRequired":true,"valueName":"search_term_string"}}],"inLanguage":"en-GB"},{"@type":"Organization","@id":"https:\/\/iberogrooming.com\/#organization","name":"Iberogrooming","url":"https:\/\/iberogrooming.com\/","logo":{"@type":"ImageObject","inLanguage":"en-GB","@id":"https:\/\/iberogrooming.com\/#\/schema\/logo\/image\/","url":"https:\/\/iberogrooming.com\/wp-content\/uploads\/2025\/03\/logoyfavicon.png","contentUrl":"https:\/\/iberogrooming.com\/wp-content\/uploads\/2025\/03\/logoyfavicon.png","width":508,"height":396,"caption":"Iberogrooming"},"image":{"@id":"https:\/\/iberogrooming.com\/#\/schema\/logo\/image\/"}}]}},"_links":{"self":[{"href":"https:\/\/iberogrooming.com\/en\/wp-json\/wp\/v2\/product\/73","targetHints":{"allow":["GET"]}}],"collection":[{"href":"https:\/\/iberogrooming.com\/en\/wp-json\/wp\/v2\/product"}],"about":[{"href":"https:\/\/iberogrooming.com\/en\/wp-json\/wp\/v2\/types\/product"}],"replies":[{"embeddable":true,"href":"https:\/\/iberogrooming.com\/en\/wp-json\/wp\/v2\/comments?post=73"}],"wp:featuredmedia":[{"embeddable":true,"href":"https:\/\/iberogrooming.com\/en\/wp-json\/wp\/v2\/media\/272"}],"wp:attachment":[{"href":"https:\/\/iberogrooming.com\/en\/wp-json\/wp\/v2\/media?parent=73"}],"wp:term":[{"taxonomy":"product_brand","embeddable":true,"href":"https:\/\/iberogrooming.com\/en\/wp-json\/wp\/v2\/product_brand?post=73"},{"taxonomy":"product_cat","embeddable":true,"href":"https:\/\/iberogrooming.com\/en\/wp-json\/wp\/v2\/product_cat?post=73"},{"taxonomy":"product_tag","embeddable":true,"href":"https:\/\/iberogrooming.com\/en\/wp-json\/wp\/v2\/product_tag?post=73"}],"curies":[{"name":"wp","href":"https:\/\/api.w.org\/{rel}","templated":true}]}}