{"id":71,"date":"2025-03-13T11:46:07","date_gmt":"2025-03-13T10:46:07","guid":{"rendered":"https:\/\/iberogrooming.com\/?post_type=product&#038;p=71"},"modified":"2026-04-17T17:52:57","modified_gmt":"2026-04-17T15:52:57","slug":"inscripcion-en-principiantes","status":"publish","type":"product","link":"https:\/\/iberogrooming.com\/en\/product\/inscripcion-en-principiantes\/","title":{"rendered":"Registration in Beginners"},"content":{"rendered":"<p class=\"\" data-start=\"512\" data-end=\"804\">La categor\u00eda Principiantes de Iberogrooming est\u00e1 pensada para groomers que est\u00e1n dando sus primeros pasos en la competici\u00f3n profesional. Si llevas menos de 2 a\u00f1os como estilista canino, esta es tu oportunidad de adquirir experiencia, mejorar tu t\u00e9cnica y competir con otros en tu mismo nivel.<\/p>\n<p class=\"\" data-start=\"806\" data-end=\"824\"><strong data-start=\"806\" data-end=\"824\">\u2714\ufe0f Requirements:<\/strong><\/p>\n<ul data-start=\"825\" data-end=\"1178\">\n<li class=\"\" data-start=\"825\" data-end=\"937\">\n<p class=\"\" data-start=\"827\" data-end=\"937\">Abierta exclusivamente a participantes con menos de 2 a\u00f1os de experiencia profesional como estilistas caninos.<\/p>\n<\/li>\n<li class=\"\" data-start=\"938\" data-end=\"1042\">\n<p class=\"\" data-start=\"940\" data-end=\"1042\">Se permite el uso de tijeras, m\u00e1quina y t\u00e9cnicas de stripping, seg\u00fan el est\u00e1ndar de la raza trabajada.<\/p>\n<\/li>\n<li class=\"\" data-start=\"1043\" data-end=\"1178\">\n<p class=\"\" data-start=\"1045\" data-end=\"1178\">El perro debe acudir con un m\u00ednimo de 8 semanas sin corte (excepto higiene), estar limpio, seco, desenredado y con las u\u00f1as cortadas.<\/p>\n<\/li>\n<\/ul>\n<p class=\"\" data-start=\"1180\" data-end=\"1207\"><strong data-start=\"1180\" data-end=\"1207\">\u23f1\ufe0f Execution time:<\/strong><\/p>\n<ul data-start=\"1208\" data-end=\"1228\">\n<li class=\"\" data-start=\"1208\" data-end=\"1228\">\n<p class=\"\" data-start=\"1210\" data-end=\"1228\">2 hours 30 minutes<\/p>\n<\/li>\n<\/ul>\n<p class=\"\" data-start=\"1230\" data-end=\"1261\"><strong data-start=\"1230\" data-end=\"1261\">\ud83c\udfc6 Judging Criteria:<\/strong><\/p>\n<ul data-start=\"1262\" data-end=\"1556\">\n<li class=\"\" data-start=\"1262\" data-end=\"1330\">\n<p class=\"\" data-start=\"1264\" data-end=\"1330\"><strong data-start=\"1264\" data-end=\"1291\">T\u00e9cnica b\u00e1sica aplicada<\/strong>: limpieza del corte y ejecuci\u00f3n clara.<\/p>\n<\/li>\n<li class=\"\" data-start=\"1331\" data-end=\"1405\">\n<p class=\"\" data-start=\"1333\" data-end=\"1405\"><strong data-start=\"1333\" data-end=\"1355\">Simetr\u00eda y armon\u00eda<\/strong>: equilibrio entre las distintas zonas del cuerpo.<\/p>\n<\/li>\n<li class=\"\" data-start=\"1406\" data-end=\"1488\">\n<p class=\"\" data-start=\"1408\" data-end=\"1488\"><strong data-start=\"1408\" data-end=\"1430\">Presentaci\u00f3n final<\/strong>: cambio visible y respetuoso con la estructura del perro.<\/p>\n<\/li>\n<li class=\"\" data-start=\"1489\" data-end=\"1556\">\n<p class=\"\" data-start=\"1491\" data-end=\"1556\"><strong data-start=\"1491\" data-end=\"1511\">Bienestar animal<\/strong>: manejo correcto y sin estr\u00e9s para el perro.<\/p>\n<\/li>\n<\/ul>","protected":false},"excerpt":{"rendered":"<p data-start=\"137\" data-end=\"504\">Si est\u00e1s dando tus primeros pasos en el mundo del grooming, la categor\u00eda <strong data-start=\"210\" data-end=\"227\">Beginners<\/strong> en Iberogrooming es la oportunidad perfecta para demostrar tu talento y seguir aprendiendo de los mejores. Dise\u00f1ada para groomers en formaci\u00f3n o con poca experiencia en competici\u00f3n, esta categor\u00eda te permitir\u00e1 ganar confianza y mejorar tu t\u00e9cnica en un ambiente profesional.<\/p>\n<p data-start=\"506\" data-end=\"526\">\ud83d\udc36 <strong data-start=\"509\" data-end=\"524\">Requisitos:<\/strong><\/p>\n<ul data-start=\"527\" data-end=\"770\">\n<li data-start=\"527\" data-end=\"609\">Abierta a groomers con un m\u00e1ximo de (indicar a\u00f1os) de experiencia profesional.<\/li>\n<li data-start=\"610\" data-end=\"701\">Se permite el uso de m\u00e1quina, tijeras y stripping seg\u00fan el est\u00e1ndar de la raza elegida.<\/li>\n<li data-start=\"702\" data-end=\"770\">Se valorar\u00e1 la t\u00e9cnica, limpieza del corte y el acabado general.<\/li>\n<\/ul>\n<p data-start=\"772\" data-end=\"947\">\ud83c\udfc6 <strong data-start=\"775\" data-end=\"803\">Criterios de Evaluaci\u00f3n:<\/strong><br data-start=\"803\" data-end=\"806\" \/>El jurado tendr\u00e1 en cuenta la correcta ejecuci\u00f3n de la t\u00e9cnica, el respeto por la morfolog\u00eda del perro y la presentaci\u00f3n final del trabajo.<\/p>","protected":false},"featured_media":272,"comment_status":"open","ping_status":"closed","template":"","meta":[],"product_brand":[],"product_cat":[17],"product_tag":[],"class_list":{"0":"post-71","1":"product","2":"type-product","3":"status-publish","4":"has-post-thumbnail","6":"product_cat-categorias-iberogrooming","8":"first","9":"instock","10":"featured","11":"virtual","12":"taxable","13":"purchasable","14":"product-type-simple"},"yoast_head":"<!-- This site is optimized with the Yoast SEO plugin v27.4 - https:\/\/yoast.com\/product\/yoast-seo-wordpress\/ -->\n<title>Inscripci\u00f3n en Principiantes - Iberogrooming<\/title>\n<meta name=\"robots\" content=\"index, follow, max-snippet:-1, max-image-preview:large, max-video-preview:-1\" \/>\n<link rel=\"canonical\" href=\"https:\/\/iberogrooming.com\/en\/product\/inscripcion-en-principiantes\/\" \/>\n<meta property=\"og:locale\" content=\"en_GB\" \/>\n<meta property=\"og:type\" content=\"article\" \/>\n<meta property=\"og:title\" content=\"Inscripci\u00f3n en Principiantes - Iberogrooming\" \/>\n<meta property=\"og:description\" content=\"Si est\u00e1s dando tus primeros pasos en el mundo del grooming, la categor\u00eda Principiantes en Iberogrooming es la oportunidad perfecta para demostrar tu talento y seguir aprendiendo de los mejores. Dise\u00f1ada para groomers en formaci\u00f3n o con poca experiencia en competici\u00f3n, esta categor\u00eda te permitir\u00e1 ganar confianza y mejorar tu t\u00e9cnica en un ambiente profesional. \ud83d\udc36 Requisitos:    Abierta a groomers con un m\u00e1ximo de (indicar a\u00f1os) de experiencia profesional.  Se permite el uso de m\u00e1quina, tijeras y stripping seg\u00fan el est\u00e1ndar de la raza elegida.  Se valorar\u00e1 la t\u00e9cnica, limpieza del corte y el acabado general.  \ud83c\udfc6 Criterios de Evaluaci\u00f3n:El jurado tendr\u00e1 en cuenta la correcta ejecuci\u00f3n de la t\u00e9cnica, el respeto por la morfolog\u00eda del perro y la presentaci\u00f3n final del trabajo.\" \/>\n<meta property=\"og:url\" content=\"https:\/\/iberogrooming.com\/en\/product\/inscripcion-en-principiantes\/\" \/>\n<meta property=\"og:site_name\" content=\"Iberogrooming\" \/>\n<meta property=\"article:modified_time\" content=\"2026-04-17T15:52:57+00:00\" \/>\n<meta property=\"og:image\" content=\"https:\/\/iberogrooming.com\/wp-content\/uploads\/2025\/03\/logoproducto.png\" \/>\n\t<meta property=\"og:image:width\" content=\"797\" \/>\n\t<meta property=\"og:image:height\" content=\"796\" \/>\n\t<meta property=\"og:image:type\" content=\"image\/png\" \/>\n<meta name=\"twitter:card\" content=\"summary_large_image\" \/>\n<meta name=\"twitter:label1\" content=\"Estimated reading time\" \/>\n\t<meta name=\"twitter:data1\" content=\"1 minute\" \/>\n<script type=\"application\/ld+json\" class=\"yoast-schema-graph\">{\"@context\":\"https:\\\/\\\/schema.org\",\"@graph\":[{\"@type\":\"WebPage\",\"@id\":\"https:\\\/\\\/iberogrooming.com\\\/producto\\\/inscripcion-en-principiantes\\\/\",\"url\":\"https:\\\/\\\/iberogrooming.com\\\/producto\\\/inscripcion-en-principiantes\\\/\",\"name\":\"Inscripci\u00f3n en Principiantes - Iberogrooming\",\"isPartOf\":{\"@id\":\"https:\\\/\\\/iberogrooming.com\\\/#website\"},\"primaryImageOfPage\":{\"@id\":\"https:\\\/\\\/iberogrooming.com\\\/producto\\\/inscripcion-en-principiantes\\\/#primaryimage\"},\"image\":{\"@id\":\"https:\\\/\\\/iberogrooming.com\\\/producto\\\/inscripcion-en-principiantes\\\/#primaryimage\"},\"thumbnailUrl\":\"https:\\\/\\\/iberogrooming.com\\\/wp-content\\\/uploads\\\/2025\\\/03\\\/logoproducto.png\",\"datePublished\":\"2025-03-13T10:46:07+00:00\",\"dateModified\":\"2026-04-17T15:52:57+00:00\",\"breadcrumb\":{\"@id\":\"https:\\\/\\\/iberogrooming.com\\\/producto\\\/inscripcion-en-principiantes\\\/#breadcrumb\"},\"inLanguage\":\"en-GB\",\"potentialAction\":[{\"@type\":\"ReadAction\",\"target\":[\"https:\\\/\\\/iberogrooming.com\\\/producto\\\/inscripcion-en-principiantes\\\/\"]}]},{\"@type\":\"ImageObject\",\"inLanguage\":\"en-GB\",\"@id\":\"https:\\\/\\\/iberogrooming.com\\\/producto\\\/inscripcion-en-principiantes\\\/#primaryimage\",\"url\":\"https:\\\/\\\/iberogrooming.com\\\/wp-content\\\/uploads\\\/2025\\\/03\\\/logoproducto.png\",\"contentUrl\":\"https:\\\/\\\/iberogrooming.com\\\/wp-content\\\/uploads\\\/2025\\\/03\\\/logoproducto.png\",\"width\":797,\"height\":796},{\"@type\":\"BreadcrumbList\",\"@id\":\"https:\\\/\\\/iberogrooming.com\\\/producto\\\/inscripcion-en-principiantes\\\/#breadcrumb\",\"itemListElement\":[{\"@type\":\"ListItem\",\"position\":1,\"name\":\"Portada\",\"item\":\"https:\\\/\\\/iberogrooming.com\\\/\"},{\"@type\":\"ListItem\",\"position\":2,\"name\":\"Tienda\",\"item\":\"https:\\\/\\\/iberogrooming.com\\\/tienda\\\/\"},{\"@type\":\"ListItem\",\"position\":3,\"name\":\"Inscripci\u00f3n en Principiantes\"}]},{\"@type\":\"WebSite\",\"@id\":\"https:\\\/\\\/iberogrooming.com\\\/#website\",\"url\":\"https:\\\/\\\/iberogrooming.com\\\/\",\"name\":\"Iberogrooming\",\"description\":\"\",\"publisher\":{\"@id\":\"https:\\\/\\\/iberogrooming.com\\\/#organization\"},\"potentialAction\":[{\"@type\":\"SearchAction\",\"target\":{\"@type\":\"EntryPoint\",\"urlTemplate\":\"https:\\\/\\\/iberogrooming.com\\\/?s={search_term_string}\"},\"query-input\":{\"@type\":\"PropertyValueSpecification\",\"valueRequired\":true,\"valueName\":\"search_term_string\"}}],\"inLanguage\":\"en-GB\"},{\"@type\":\"Organization\",\"@id\":\"https:\\\/\\\/iberogrooming.com\\\/#organization\",\"name\":\"Iberogrooming\",\"url\":\"https:\\\/\\\/iberogrooming.com\\\/\",\"logo\":{\"@type\":\"ImageObject\",\"inLanguage\":\"en-GB\",\"@id\":\"https:\\\/\\\/iberogrooming.com\\\/#\\\/schema\\\/logo\\\/image\\\/\",\"url\":\"https:\\\/\\\/iberogrooming.com\\\/wp-content\\\/uploads\\\/2025\\\/03\\\/logoyfavicon.png\",\"contentUrl\":\"https:\\\/\\\/iberogrooming.com\\\/wp-content\\\/uploads\\\/2025\\\/03\\\/logoyfavicon.png\",\"width\":508,\"height\":396,\"caption\":\"Iberogrooming\"},\"image\":{\"@id\":\"https:\\\/\\\/iberogrooming.com\\\/#\\\/schema\\\/logo\\\/image\\\/\"}}]}<\/script>\n<!-- \/ Yoast SEO plugin. -->","yoast_head_json":{"title":"Inscripci\u00f3n en Principiantes - Iberogrooming","robots":{"index":"index","follow":"follow","max-snippet":"max-snippet:-1","max-image-preview":"max-image-preview:large","max-video-preview":"max-video-preview:-1"},"canonical":"https:\/\/iberogrooming.com\/en\/product\/inscripcion-en-principiantes\/","og_locale":"en_GB","og_type":"article","og_title":"Inscripci\u00f3n en Principiantes - Iberogrooming","og_description":"Si est\u00e1s dando tus primeros pasos en el mundo del grooming, la categor\u00eda Principiantes en Iberogrooming es la oportunidad perfecta para demostrar tu talento y seguir aprendiendo de los mejores. Dise\u00f1ada para groomers en formaci\u00f3n o con poca experiencia en competici\u00f3n, esta categor\u00eda te permitir\u00e1 ganar confianza y mejorar tu t\u00e9cnica en un ambiente profesional. \ud83d\udc36 Requisitos:    Abierta a groomers con un m\u00e1ximo de (indicar a\u00f1os) de experiencia profesional.  Se permite el uso de m\u00e1quina, tijeras y stripping seg\u00fan el est\u00e1ndar de la raza elegida.  Se valorar\u00e1 la t\u00e9cnica, limpieza del corte y el acabado general.  \ud83c\udfc6 Criterios de Evaluaci\u00f3n:El jurado tendr\u00e1 en cuenta la correcta ejecuci\u00f3n de la t\u00e9cnica, el respeto por la morfolog\u00eda del perro y la presentaci\u00f3n final del trabajo.","og_url":"https:\/\/iberogrooming.com\/en\/product\/inscripcion-en-principiantes\/","og_site_name":"Iberogrooming","article_modified_time":"2026-04-17T15:52:57+00:00","og_image":[{"width":797,"height":796,"url":"https:\/\/iberogrooming.com\/wp-content\/uploads\/2025\/03\/logoproducto.png","type":"image\/png"}],"twitter_card":"summary_large_image","twitter_misc":{"Estimated reading time":"1 minute"},"schema":{"@context":"https:\/\/schema.org","@graph":[{"@type":"WebPage","@id":"https:\/\/iberogrooming.com\/producto\/inscripcion-en-principiantes\/","url":"https:\/\/iberogrooming.com\/producto\/inscripcion-en-principiantes\/","name":"Inscripci\u00f3n en Principiantes - Iberogrooming","isPartOf":{"@id":"https:\/\/iberogrooming.com\/#website"},"primaryImageOfPage":{"@id":"https:\/\/iberogrooming.com\/producto\/inscripcion-en-principiantes\/#primaryimage"},"image":{"@id":"https:\/\/iberogrooming.com\/producto\/inscripcion-en-principiantes\/#primaryimage"},"thumbnailUrl":"https:\/\/iberogrooming.com\/wp-content\/uploads\/2025\/03\/logoproducto.png","datePublished":"2025-03-13T10:46:07+00:00","dateModified":"2026-04-17T15:52:57+00:00","breadcrumb":{"@id":"https:\/\/iberogrooming.com\/producto\/inscripcion-en-principiantes\/#breadcrumb"},"inLanguage":"en-GB","potentialAction":[{"@type":"ReadAction","target":["https:\/\/iberogrooming.com\/producto\/inscripcion-en-principiantes\/"]}]},{"@type":"ImageObject","inLanguage":"en-GB","@id":"https:\/\/iberogrooming.com\/producto\/inscripcion-en-principiantes\/#primaryimage","url":"https:\/\/iberogrooming.com\/wp-content\/uploads\/2025\/03\/logoproducto.png","contentUrl":"https:\/\/iberogrooming.com\/wp-content\/uploads\/2025\/03\/logoproducto.png","width":797,"height":796},{"@type":"BreadcrumbList","@id":"https:\/\/iberogrooming.com\/producto\/inscripcion-en-principiantes\/#breadcrumb","itemListElement":[{"@type":"ListItem","position":1,"name":"Portada","item":"https:\/\/iberogrooming.com\/"},{"@type":"ListItem","position":2,"name":"Tienda","item":"https:\/\/iberogrooming.com\/tienda\/"},{"@type":"ListItem","position":3,"name":"Inscripci\u00f3n en Principiantes"}]},{"@type":"WebSite","@id":"https:\/\/iberogrooming.com\/#website","url":"https:\/\/iberogrooming.com\/","name":"Iberogrooming","description":"","publisher":{"@id":"https:\/\/iberogrooming.com\/#organization"},"potentialAction":[{"@type":"SearchAction","target":{"@type":"EntryPoint","urlTemplate":"https:\/\/iberogrooming.com\/?s={search_term_string}"},"query-input":{"@type":"PropertyValueSpecification","valueRequired":true,"valueName":"search_term_string"}}],"inLanguage":"en-GB"},{"@type":"Organization","@id":"https:\/\/iberogrooming.com\/#organization","name":"Iberogrooming","url":"https:\/\/iberogrooming.com\/","logo":{"@type":"ImageObject","inLanguage":"en-GB","@id":"https:\/\/iberogrooming.com\/#\/schema\/logo\/image\/","url":"https:\/\/iberogrooming.com\/wp-content\/uploads\/2025\/03\/logoyfavicon.png","contentUrl":"https:\/\/iberogrooming.com\/wp-content\/uploads\/2025\/03\/logoyfavicon.png","width":508,"height":396,"caption":"Iberogrooming"},"image":{"@id":"https:\/\/iberogrooming.com\/#\/schema\/logo\/image\/"}}]}},"_links":{"self":[{"href":"https:\/\/iberogrooming.com\/en\/wp-json\/wp\/v2\/product\/71","targetHints":{"allow":["GET"]}}],"collection":[{"href":"https:\/\/iberogrooming.com\/en\/wp-json\/wp\/v2\/product"}],"about":[{"href":"https:\/\/iberogrooming.com\/en\/wp-json\/wp\/v2\/types\/product"}],"replies":[{"embeddable":true,"href":"https:\/\/iberogrooming.com\/en\/wp-json\/wp\/v2\/comments?post=71"}],"wp:featuredmedia":[{"embeddable":true,"href":"https:\/\/iberogrooming.com\/en\/wp-json\/wp\/v2\/media\/272"}],"wp:attachment":[{"href":"https:\/\/iberogrooming.com\/en\/wp-json\/wp\/v2\/media?parent=71"}],"wp:term":[{"taxonomy":"product_brand","embeddable":true,"href":"https:\/\/iberogrooming.com\/en\/wp-json\/wp\/v2\/product_brand?post=71"},{"taxonomy":"product_cat","embeddable":true,"href":"https:\/\/iberogrooming.com\/en\/wp-json\/wp\/v2\/product_cat?post=71"},{"taxonomy":"product_tag","embeddable":true,"href":"https:\/\/iberogrooming.com\/en\/wp-json\/wp\/v2\/product_tag?post=71"}],"curies":[{"name":"wp","href":"https:\/\/api.w.org\/{rel}","templated":true}]}}