{"id":707,"date":"2025-08-29T17:29:08","date_gmt":"2025-08-29T15:29:08","guid":{"rendered":"https:\/\/iberogrooming.com\/?post_type=product&#038;p=707"},"modified":"2025-09-11T20:51:03","modified_gmt":"2025-09-11T18:51:03","slug":"banera-n2-sabado-13-de-septiembre-copia","status":"publish","type":"product","link":"https:\/\/iberogrooming.com\/en\/product\/banera-n2-sabado-13-de-septiembre-copia\/","title":{"rendered":"Ba\u00f1era N2 \u2014 S\u00e1bado 13 de septiembre."},"content":{"rendered":"<p>La ba\u00f1era se encuentra en la zona de ba\u00f1o, con servicio de champ\u00fas BurburPRO y toallas BurburPRO. <strong>El tiempo de uso ser\u00e1 totalmente estricto, sin flexibilidad en los horarios si otro participante tiene su reserva.<\/strong><\/p>","protected":false},"excerpt":{"rendered":"<p>La ba\u00f1era se encuentra en la zona de ba\u00f1o, con servicio de champ\u00fas BurburPRO y toallas BurburPRO. El tiempo de uso ser\u00e1 totalmente estricto, sin flexibilidad en los horarios si otro participante tiene su reserva.<\/p>","protected":false},"featured_media":178,"comment_status":"open","ping_status":"closed","template":"","meta":[],"product_brand":[],"product_cat":[29,28],"product_tag":[],"class_list":{"0":"post-707","1":"product","2":"type-product","3":"status-publish","4":"has-post-thumbnail","6":"product_cat-baneras","7":"product_cat-zona-de-bano","9":"first","10":"instock","11":"taxable","12":"shipping-taxable","13":"purchasable","14":"product-type-variable"},"yoast_head":"<!-- This site is optimized with the Yoast SEO plugin v27.4 - https:\/\/yoast.com\/product\/yoast-seo-wordpress\/ -->\n<title>Ba\u00f1era N2 \u2014 S\u00e1bado 13 de septiembre. - Iberogrooming<\/title>\n<meta name=\"robots\" content=\"index, follow, max-snippet:-1, max-image-preview:large, max-video-preview:-1\" \/>\n<link rel=\"canonical\" href=\"https:\/\/iberogrooming.com\/en\/product\/banera-n2-sabado-13-de-septiembre-copia\/\" \/>\n<meta property=\"og:locale\" content=\"en_GB\" \/>\n<meta property=\"og:type\" content=\"article\" \/>\n<meta property=\"og:title\" content=\"Ba\u00f1era N2 \u2014 S\u00e1bado 13 de septiembre. - Iberogrooming\" \/>\n<meta property=\"og:description\" content=\"La ba\u00f1era se encuentra en la zona de ba\u00f1o, con servicio de champ\u00fas BurburPRO y toallas BurburPRO. El tiempo de uso ser\u00e1 totalmente estricto, sin flexibilidad en los horarios si otro participante tiene su reserva.\" \/>\n<meta property=\"og:url\" content=\"https:\/\/iberogrooming.com\/en\/product\/banera-n2-sabado-13-de-septiembre-copia\/\" \/>\n<meta property=\"og:site_name\" content=\"Iberogrooming\" \/>\n<meta property=\"article:modified_time\" content=\"2025-09-11T18:51:03+00:00\" \/>\n<meta property=\"og:image\" content=\"https:\/\/iberogrooming.com\/wp-content\/uploads\/2025\/03\/logoiberogrouming.png\" \/>\n\t<meta property=\"og:image:width\" content=\"595\" \/>\n\t<meta property=\"og:image:height\" content=\"523\" \/>\n\t<meta property=\"og:image:type\" content=\"image\/png\" \/>\n<meta name=\"twitter:card\" content=\"summary_large_image\" \/>\n<script type=\"application\/ld+json\" class=\"yoast-schema-graph\">{\"@context\":\"https:\\\/\\\/schema.org\",\"@graph\":[{\"@type\":\"WebPage\",\"@id\":\"https:\\\/\\\/iberogrooming.com\\\/producto\\\/banera-n2-sabado-13-de-septiembre-copia\\\/\",\"url\":\"https:\\\/\\\/iberogrooming.com\\\/producto\\\/banera-n2-sabado-13-de-septiembre-copia\\\/\",\"name\":\"Ba\u00f1era N2 \u2014 S\u00e1bado 13 de septiembre. - Iberogrooming\",\"isPartOf\":{\"@id\":\"https:\\\/\\\/iberogrooming.com\\\/#website\"},\"primaryImageOfPage\":{\"@id\":\"https:\\\/\\\/iberogrooming.com\\\/producto\\\/banera-n2-sabado-13-de-septiembre-copia\\\/#primaryimage\"},\"image\":{\"@id\":\"https:\\\/\\\/iberogrooming.com\\\/producto\\\/banera-n2-sabado-13-de-septiembre-copia\\\/#primaryimage\"},\"thumbnailUrl\":\"https:\\\/\\\/iberogrooming.com\\\/wp-content\\\/uploads\\\/2025\\\/03\\\/logoiberogrouming.png\",\"datePublished\":\"2025-08-29T15:29:08+00:00\",\"dateModified\":\"2025-09-11T18:51:03+00:00\",\"breadcrumb\":{\"@id\":\"https:\\\/\\\/iberogrooming.com\\\/producto\\\/banera-n2-sabado-13-de-septiembre-copia\\\/#breadcrumb\"},\"inLanguage\":\"en-GB\",\"potentialAction\":[{\"@type\":\"ReadAction\",\"target\":[\"https:\\\/\\\/iberogrooming.com\\\/producto\\\/banera-n2-sabado-13-de-septiembre-copia\\\/\"]}]},{\"@type\":\"ImageObject\",\"inLanguage\":\"en-GB\",\"@id\":\"https:\\\/\\\/iberogrooming.com\\\/producto\\\/banera-n2-sabado-13-de-septiembre-copia\\\/#primaryimage\",\"url\":\"https:\\\/\\\/iberogrooming.com\\\/wp-content\\\/uploads\\\/2025\\\/03\\\/logoiberogrouming.png\",\"contentUrl\":\"https:\\\/\\\/iberogrooming.com\\\/wp-content\\\/uploads\\\/2025\\\/03\\\/logoiberogrouming.png\",\"width\":595,\"height\":523},{\"@type\":\"BreadcrumbList\",\"@id\":\"https:\\\/\\\/iberogrooming.com\\\/producto\\\/banera-n2-sabado-13-de-septiembre-copia\\\/#breadcrumb\",\"itemListElement\":[{\"@type\":\"ListItem\",\"position\":1,\"name\":\"Portada\",\"item\":\"https:\\\/\\\/iberogrooming.com\\\/\"},{\"@type\":\"ListItem\",\"position\":2,\"name\":\"Tienda\",\"item\":\"https:\\\/\\\/iberogrooming.com\\\/tienda\\\/\"},{\"@type\":\"ListItem\",\"position\":3,\"name\":\"Ba\u00f1era N2 \u2014 S\u00e1bado 13 de septiembre.\"}]},{\"@type\":\"WebSite\",\"@id\":\"https:\\\/\\\/iberogrooming.com\\\/#website\",\"url\":\"https:\\\/\\\/iberogrooming.com\\\/\",\"name\":\"Iberogrooming\",\"description\":\"\",\"publisher\":{\"@id\":\"https:\\\/\\\/iberogrooming.com\\\/#organization\"},\"potentialAction\":[{\"@type\":\"SearchAction\",\"target\":{\"@type\":\"EntryPoint\",\"urlTemplate\":\"https:\\\/\\\/iberogrooming.com\\\/?s={search_term_string}\"},\"query-input\":{\"@type\":\"PropertyValueSpecification\",\"valueRequired\":true,\"valueName\":\"search_term_string\"}}],\"inLanguage\":\"en-GB\"},{\"@type\":\"Organization\",\"@id\":\"https:\\\/\\\/iberogrooming.com\\\/#organization\",\"name\":\"Iberogrooming\",\"url\":\"https:\\\/\\\/iberogrooming.com\\\/\",\"logo\":{\"@type\":\"ImageObject\",\"inLanguage\":\"en-GB\",\"@id\":\"https:\\\/\\\/iberogrooming.com\\\/#\\\/schema\\\/logo\\\/image\\\/\",\"url\":\"https:\\\/\\\/iberogrooming.com\\\/wp-content\\\/uploads\\\/2025\\\/03\\\/logoyfavicon.png\",\"contentUrl\":\"https:\\\/\\\/iberogrooming.com\\\/wp-content\\\/uploads\\\/2025\\\/03\\\/logoyfavicon.png\",\"width\":508,\"height\":396,\"caption\":\"Iberogrooming\"},\"image\":{\"@id\":\"https:\\\/\\\/iberogrooming.com\\\/#\\\/schema\\\/logo\\\/image\\\/\"}}]}<\/script>\n<!-- \/ Yoast SEO plugin. -->","yoast_head_json":{"title":"Ba\u00f1era N2 \u2014 S\u00e1bado 13 de septiembre. - Iberogrooming","robots":{"index":"index","follow":"follow","max-snippet":"max-snippet:-1","max-image-preview":"max-image-preview:large","max-video-preview":"max-video-preview:-1"},"canonical":"https:\/\/iberogrooming.com\/en\/product\/banera-n2-sabado-13-de-septiembre-copia\/","og_locale":"en_GB","og_type":"article","og_title":"Ba\u00f1era N2 \u2014 S\u00e1bado 13 de septiembre. - Iberogrooming","og_description":"La ba\u00f1era se encuentra en la zona de ba\u00f1o, con servicio de champ\u00fas BurburPRO y toallas BurburPRO. El tiempo de uso ser\u00e1 totalmente estricto, sin flexibilidad en los horarios si otro participante tiene su reserva.","og_url":"https:\/\/iberogrooming.com\/en\/product\/banera-n2-sabado-13-de-septiembre-copia\/","og_site_name":"Iberogrooming","article_modified_time":"2025-09-11T18:51:03+00:00","og_image":[{"width":595,"height":523,"url":"https:\/\/iberogrooming.com\/wp-content\/uploads\/2025\/03\/logoiberogrouming.png","type":"image\/png"}],"twitter_card":"summary_large_image","schema":{"@context":"https:\/\/schema.org","@graph":[{"@type":"WebPage","@id":"https:\/\/iberogrooming.com\/producto\/banera-n2-sabado-13-de-septiembre-copia\/","url":"https:\/\/iberogrooming.com\/producto\/banera-n2-sabado-13-de-septiembre-copia\/","name":"Ba\u00f1era N2 \u2014 S\u00e1bado 13 de septiembre. - Iberogrooming","isPartOf":{"@id":"https:\/\/iberogrooming.com\/#website"},"primaryImageOfPage":{"@id":"https:\/\/iberogrooming.com\/producto\/banera-n2-sabado-13-de-septiembre-copia\/#primaryimage"},"image":{"@id":"https:\/\/iberogrooming.com\/producto\/banera-n2-sabado-13-de-septiembre-copia\/#primaryimage"},"thumbnailUrl":"https:\/\/iberogrooming.com\/wp-content\/uploads\/2025\/03\/logoiberogrouming.png","datePublished":"2025-08-29T15:29:08+00:00","dateModified":"2025-09-11T18:51:03+00:00","breadcrumb":{"@id":"https:\/\/iberogrooming.com\/producto\/banera-n2-sabado-13-de-septiembre-copia\/#breadcrumb"},"inLanguage":"en-GB","potentialAction":[{"@type":"ReadAction","target":["https:\/\/iberogrooming.com\/producto\/banera-n2-sabado-13-de-septiembre-copia\/"]}]},{"@type":"ImageObject","inLanguage":"en-GB","@id":"https:\/\/iberogrooming.com\/producto\/banera-n2-sabado-13-de-septiembre-copia\/#primaryimage","url":"https:\/\/iberogrooming.com\/wp-content\/uploads\/2025\/03\/logoiberogrouming.png","contentUrl":"https:\/\/iberogrooming.com\/wp-content\/uploads\/2025\/03\/logoiberogrouming.png","width":595,"height":523},{"@type":"BreadcrumbList","@id":"https:\/\/iberogrooming.com\/producto\/banera-n2-sabado-13-de-septiembre-copia\/#breadcrumb","itemListElement":[{"@type":"ListItem","position":1,"name":"Portada","item":"https:\/\/iberogrooming.com\/"},{"@type":"ListItem","position":2,"name":"Tienda","item":"https:\/\/iberogrooming.com\/tienda\/"},{"@type":"ListItem","position":3,"name":"Ba\u00f1era N2 \u2014 S\u00e1bado 13 de septiembre."}]},{"@type":"WebSite","@id":"https:\/\/iberogrooming.com\/#website","url":"https:\/\/iberogrooming.com\/","name":"Iberogrooming","description":"","publisher":{"@id":"https:\/\/iberogrooming.com\/#organization"},"potentialAction":[{"@type":"SearchAction","target":{"@type":"EntryPoint","urlTemplate":"https:\/\/iberogrooming.com\/?s={search_term_string}"},"query-input":{"@type":"PropertyValueSpecification","valueRequired":true,"valueName":"search_term_string"}}],"inLanguage":"en-GB"},{"@type":"Organization","@id":"https:\/\/iberogrooming.com\/#organization","name":"Iberogrooming","url":"https:\/\/iberogrooming.com\/","logo":{"@type":"ImageObject","inLanguage":"en-GB","@id":"https:\/\/iberogrooming.com\/#\/schema\/logo\/image\/","url":"https:\/\/iberogrooming.com\/wp-content\/uploads\/2025\/03\/logoyfavicon.png","contentUrl":"https:\/\/iberogrooming.com\/wp-content\/uploads\/2025\/03\/logoyfavicon.png","width":508,"height":396,"caption":"Iberogrooming"},"image":{"@id":"https:\/\/iberogrooming.com\/#\/schema\/logo\/image\/"}}]}},"_links":{"self":[{"href":"https:\/\/iberogrooming.com\/en\/wp-json\/wp\/v2\/product\/707","targetHints":{"allow":["GET"]}}],"collection":[{"href":"https:\/\/iberogrooming.com\/en\/wp-json\/wp\/v2\/product"}],"about":[{"href":"https:\/\/iberogrooming.com\/en\/wp-json\/wp\/v2\/types\/product"}],"replies":[{"embeddable":true,"href":"https:\/\/iberogrooming.com\/en\/wp-json\/wp\/v2\/comments?post=707"}],"wp:featuredmedia":[{"embeddable":true,"href":"https:\/\/iberogrooming.com\/en\/wp-json\/wp\/v2\/media\/178"}],"wp:attachment":[{"href":"https:\/\/iberogrooming.com\/en\/wp-json\/wp\/v2\/media?parent=707"}],"wp:term":[{"taxonomy":"product_brand","embeddable":true,"href":"https:\/\/iberogrooming.com\/en\/wp-json\/wp\/v2\/product_brand?post=707"},{"taxonomy":"product_cat","embeddable":true,"href":"https:\/\/iberogrooming.com\/en\/wp-json\/wp\/v2\/product_cat?post=707"},{"taxonomy":"product_tag","embeddable":true,"href":"https:\/\/iberogrooming.com\/en\/wp-json\/wp\/v2\/product_tag?post=707"}],"curies":[{"name":"wp","href":"https:\/\/api.w.org\/{rel}","templated":true}]}}