{"id":70,"date":"2025-03-13T11:44:14","date_gmt":"2025-03-13T10:44:14","guid":{"rendered":"https:\/\/iberogrooming.com\/?post_type=product&#038;p=70"},"modified":"2025-11-19T07:33:20","modified_gmt":"2025-11-19T06:33:20","slug":"inscripcion-en-model-dog-creativo","status":"publish","type":"product","link":"https:\/\/iberogrooming.com\/en\/product\/inscripcion-en-model-dog-creativo\/","title":{"rendered":"Inscripci\u00f3n en model dog creativo"},"content":{"rendered":"<p class=\"\" data-start=\"1616\" data-end=\"1837\">Demuestra tu talento y creatividad en Iberogrooming. Esta categor\u00eda est\u00e1 dise\u00f1ada para groomers que quieren transformar a su perro en una aut\u00e9ntica obra de arte mediante un dise\u00f1o libre, art\u00edstico y lleno de personalidad.<\/p>\n<p class=\"\" data-start=\"1839\" data-end=\"1857\"><strong data-start=\"1839\" data-end=\"1857\">\u2714\ufe0f Requirements:<\/strong><\/p>\n<ul data-start=\"1858\" data-end=\"2210\">\n<li class=\"\" data-start=\"1858\" data-end=\"1900\">\n<p class=\"\" data-start=\"1860\" data-end=\"1900\">Abierta a groomers de todos los niveles.<\/p>\n<\/li>\n<li class=\"\" data-start=\"1901\" data-end=\"2014\">\n<p class=\"\" data-start=\"1903\" data-end=\"2014\">El participante debe presentar un perro real previamente trabajado, pero el acabado se completar\u00e1 en el evento.<\/p>\n<\/li>\n<li class=\"\" data-start=\"2015\" data-end=\"2151\">\n<p class=\"\" data-start=\"2017\" data-end=\"2151\">Se permite el uso de tintes, adornos, dibujos, figuras y cualquier elemento creativo siempre que se garantice el bienestar del animal.<\/p>\n<\/li>\n<li class=\"\" data-start=\"2152\" data-end=\"2210\">\n<p class=\"\" data-start=\"2154\" data-end=\"2210\">El dise\u00f1o debe ser entendible sin explicaci\u00f3n adicional.<\/p>\n<\/li>\n<\/ul>\n<p class=\"\" data-start=\"2212\" data-end=\"2239\"><strong data-start=\"2212\" data-end=\"2239\">\u23f1\ufe0f Execution time:<\/strong><\/p>\n<ul data-start=\"2240\" data-end=\"2291\">\n<li class=\"\" data-start=\"2240\" data-end=\"2291\">\n<p class=\"\" data-start=\"2242\" data-end=\"2291\">2 horas 30 minutos (gigantes: 2 horas 45 minutos)<\/p>\n<\/li>\n<\/ul>\n<p class=\"\" data-start=\"2293\" data-end=\"2324\"><strong data-start=\"2293\" data-end=\"2324\">\ud83c\udfc6 Judging Criteria:<\/strong><\/p>\n<ul data-start=\"2325\" data-end=\"2597\">\n<li class=\"\" data-start=\"2325\" data-end=\"2371\">\n<p class=\"\" data-start=\"2327\" data-end=\"2371\"><strong data-start=\"2327\" data-end=\"2357\">Originalidad y creatividad<\/strong> del concepto.<\/p>\n<\/li>\n<li class=\"\" data-start=\"2372\" data-end=\"2440\">\n<p class=\"\" data-start=\"2374\" data-end=\"2440\"><strong data-start=\"2374\" data-end=\"2398\">T\u00e9cnica de ejecuci\u00f3n<\/strong>: precisi\u00f3n, simetr\u00eda, limpieza y acabado.<\/p>\n<\/li>\n<li class=\"\" data-start=\"2441\" data-end=\"2520\">\n<p class=\"\" data-start=\"2443\" data-end=\"2520\"><strong data-start=\"2443\" data-end=\"2461\">Impacto visual<\/strong>: armon\u00eda entre colores, accesorios y estructura del perro.<\/p>\n<\/li>\n<li class=\"\" data-start=\"2521\" data-end=\"2597\">\n<p class=\"\" data-start=\"2523\" data-end=\"2597\"><strong data-start=\"2523\" data-end=\"2543\">Bienestar animal<\/strong>: seguridad, manejo respetuoso y sin signos de estr\u00e9s.<\/p>\n<\/li>\n<\/ul>","protected":false},"excerpt":{"rendered":"<p>Demuestra tu talento y creatividad en Iberogrooming. Esta categor\u00eda est\u00e1 dise\u00f1ada para groomers que quieren transformar a su perro en una aut\u00e9ntica obra de arte mediante un dise\u00f1o libre, art\u00edstico y lleno de personalidad. \u2714\ufe0f Requisitos: Abierta a groomers de todos los niveles. El participante debe presentar un perro real previamente trabajado, pero el acabado [&hellip;]<\/p>","protected":false},"featured_media":272,"comment_status":"open","ping_status":"closed","template":"","meta":[],"product_brand":[],"product_cat":[17],"product_tag":[],"class_list":{"0":"post-70","1":"product","2":"type-product","3":"status-publish","4":"has-post-thumbnail","6":"product_cat-categorias-iberogrooming","8":"first","9":"outofstock","10":"featured","11":"taxable","12":"shipping-taxable","13":"purchasable","14":"product-type-variable"},"yoast_head":"<!-- This site is optimized with the Yoast SEO plugin v27.4 - https:\/\/yoast.com\/product\/yoast-seo-wordpress\/ -->\n<title>Inscripci\u00f3n en model dog creativo - Iberogrooming<\/title>\n<meta name=\"robots\" content=\"index, follow, max-snippet:-1, max-image-preview:large, max-video-preview:-1\" \/>\n<link rel=\"canonical\" href=\"https:\/\/iberogrooming.com\/en\/product\/inscripcion-en-model-dog-creativo\/\" \/>\n<meta property=\"og:locale\" content=\"en_GB\" \/>\n<meta property=\"og:type\" content=\"article\" \/>\n<meta property=\"og:title\" content=\"Inscripci\u00f3n en model dog creativo - Iberogrooming\" \/>\n<meta property=\"og:description\" content=\"Demuestra tu talento y creatividad en Iberogrooming. Esta categor\u00eda est\u00e1 dise\u00f1ada para groomers que quieren transformar a su perro en una aut\u00e9ntica obra de arte mediante un dise\u00f1o libre, art\u00edstico y lleno de personalidad. \u2714\ufe0f Requisitos: Abierta a groomers de todos los niveles. El participante debe presentar un perro real previamente trabajado, pero el acabado [&hellip;]\" \/>\n<meta property=\"og:url\" content=\"https:\/\/iberogrooming.com\/en\/product\/inscripcion-en-model-dog-creativo\/\" \/>\n<meta property=\"og:site_name\" content=\"Iberogrooming\" \/>\n<meta property=\"article:modified_time\" content=\"2025-11-19T06:33:20+00:00\" \/>\n<meta property=\"og:image\" content=\"https:\/\/iberogrooming.com\/wp-content\/uploads\/2025\/03\/logoproducto.png\" \/>\n\t<meta property=\"og:image:width\" content=\"797\" \/>\n\t<meta property=\"og:image:height\" content=\"796\" \/>\n\t<meta property=\"og:image:type\" content=\"image\/png\" \/>\n<meta name=\"twitter:card\" content=\"summary_large_image\" \/>\n<meta name=\"twitter:label1\" content=\"Estimated reading time\" \/>\n\t<meta name=\"twitter:data1\" content=\"1 minute\" \/>\n<script type=\"application\/ld+json\" class=\"yoast-schema-graph\">{\"@context\":\"https:\\\/\\\/schema.org\",\"@graph\":[{\"@type\":\"WebPage\",\"@id\":\"https:\\\/\\\/iberogrooming.com\\\/producto\\\/inscripcion-en-model-dog-creativo\\\/\",\"url\":\"https:\\\/\\\/iberogrooming.com\\\/producto\\\/inscripcion-en-model-dog-creativo\\\/\",\"name\":\"Inscripci\u00f3n en model dog creativo - Iberogrooming\",\"isPartOf\":{\"@id\":\"https:\\\/\\\/iberogrooming.com\\\/#website\"},\"primaryImageOfPage\":{\"@id\":\"https:\\\/\\\/iberogrooming.com\\\/producto\\\/inscripcion-en-model-dog-creativo\\\/#primaryimage\"},\"image\":{\"@id\":\"https:\\\/\\\/iberogrooming.com\\\/producto\\\/inscripcion-en-model-dog-creativo\\\/#primaryimage\"},\"thumbnailUrl\":\"https:\\\/\\\/iberogrooming.com\\\/wp-content\\\/uploads\\\/2025\\\/03\\\/logoproducto.png\",\"datePublished\":\"2025-03-13T10:44:14+00:00\",\"dateModified\":\"2025-11-19T06:33:20+00:00\",\"breadcrumb\":{\"@id\":\"https:\\\/\\\/iberogrooming.com\\\/producto\\\/inscripcion-en-model-dog-creativo\\\/#breadcrumb\"},\"inLanguage\":\"en-GB\",\"potentialAction\":[{\"@type\":\"ReadAction\",\"target\":[\"https:\\\/\\\/iberogrooming.com\\\/producto\\\/inscripcion-en-model-dog-creativo\\\/\"]}]},{\"@type\":\"ImageObject\",\"inLanguage\":\"en-GB\",\"@id\":\"https:\\\/\\\/iberogrooming.com\\\/producto\\\/inscripcion-en-model-dog-creativo\\\/#primaryimage\",\"url\":\"https:\\\/\\\/iberogrooming.com\\\/wp-content\\\/uploads\\\/2025\\\/03\\\/logoproducto.png\",\"contentUrl\":\"https:\\\/\\\/iberogrooming.com\\\/wp-content\\\/uploads\\\/2025\\\/03\\\/logoproducto.png\",\"width\":797,\"height\":796},{\"@type\":\"BreadcrumbList\",\"@id\":\"https:\\\/\\\/iberogrooming.com\\\/producto\\\/inscripcion-en-model-dog-creativo\\\/#breadcrumb\",\"itemListElement\":[{\"@type\":\"ListItem\",\"position\":1,\"name\":\"Portada\",\"item\":\"https:\\\/\\\/iberogrooming.com\\\/\"},{\"@type\":\"ListItem\",\"position\":2,\"name\":\"Tienda\",\"item\":\"https:\\\/\\\/iberogrooming.com\\\/tienda\\\/\"},{\"@type\":\"ListItem\",\"position\":3,\"name\":\"Inscripci\u00f3n en model dog creativo\"}]},{\"@type\":\"WebSite\",\"@id\":\"https:\\\/\\\/iberogrooming.com\\\/#website\",\"url\":\"https:\\\/\\\/iberogrooming.com\\\/\",\"name\":\"Iberogrooming\",\"description\":\"\",\"publisher\":{\"@id\":\"https:\\\/\\\/iberogrooming.com\\\/#organization\"},\"potentialAction\":[{\"@type\":\"SearchAction\",\"target\":{\"@type\":\"EntryPoint\",\"urlTemplate\":\"https:\\\/\\\/iberogrooming.com\\\/?s={search_term_string}\"},\"query-input\":{\"@type\":\"PropertyValueSpecification\",\"valueRequired\":true,\"valueName\":\"search_term_string\"}}],\"inLanguage\":\"en-GB\"},{\"@type\":\"Organization\",\"@id\":\"https:\\\/\\\/iberogrooming.com\\\/#organization\",\"name\":\"Iberogrooming\",\"url\":\"https:\\\/\\\/iberogrooming.com\\\/\",\"logo\":{\"@type\":\"ImageObject\",\"inLanguage\":\"en-GB\",\"@id\":\"https:\\\/\\\/iberogrooming.com\\\/#\\\/schema\\\/logo\\\/image\\\/\",\"url\":\"https:\\\/\\\/iberogrooming.com\\\/wp-content\\\/uploads\\\/2025\\\/03\\\/logoyfavicon.png\",\"contentUrl\":\"https:\\\/\\\/iberogrooming.com\\\/wp-content\\\/uploads\\\/2025\\\/03\\\/logoyfavicon.png\",\"width\":508,\"height\":396,\"caption\":\"Iberogrooming\"},\"image\":{\"@id\":\"https:\\\/\\\/iberogrooming.com\\\/#\\\/schema\\\/logo\\\/image\\\/\"}}]}<\/script>\n<!-- \/ Yoast SEO plugin. -->","yoast_head_json":{"title":"Inscripci\u00f3n en model dog creativo - Iberogrooming","robots":{"index":"index","follow":"follow","max-snippet":"max-snippet:-1","max-image-preview":"max-image-preview:large","max-video-preview":"max-video-preview:-1"},"canonical":"https:\/\/iberogrooming.com\/en\/product\/inscripcion-en-model-dog-creativo\/","og_locale":"en_GB","og_type":"article","og_title":"Inscripci\u00f3n en model dog creativo - Iberogrooming","og_description":"Demuestra tu talento y creatividad en Iberogrooming. Esta categor\u00eda est\u00e1 dise\u00f1ada para groomers que quieren transformar a su perro en una aut\u00e9ntica obra de arte mediante un dise\u00f1o libre, art\u00edstico y lleno de personalidad. \u2714\ufe0f Requisitos: Abierta a groomers de todos los niveles. El participante debe presentar un perro real previamente trabajado, pero el acabado [&hellip;]","og_url":"https:\/\/iberogrooming.com\/en\/product\/inscripcion-en-model-dog-creativo\/","og_site_name":"Iberogrooming","article_modified_time":"2025-11-19T06:33:20+00:00","og_image":[{"width":797,"height":796,"url":"https:\/\/iberogrooming.com\/wp-content\/uploads\/2025\/03\/logoproducto.png","type":"image\/png"}],"twitter_card":"summary_large_image","twitter_misc":{"Estimated reading time":"1 minute"},"schema":{"@context":"https:\/\/schema.org","@graph":[{"@type":"WebPage","@id":"https:\/\/iberogrooming.com\/producto\/inscripcion-en-model-dog-creativo\/","url":"https:\/\/iberogrooming.com\/producto\/inscripcion-en-model-dog-creativo\/","name":"Inscripci\u00f3n en model dog creativo - Iberogrooming","isPartOf":{"@id":"https:\/\/iberogrooming.com\/#website"},"primaryImageOfPage":{"@id":"https:\/\/iberogrooming.com\/producto\/inscripcion-en-model-dog-creativo\/#primaryimage"},"image":{"@id":"https:\/\/iberogrooming.com\/producto\/inscripcion-en-model-dog-creativo\/#primaryimage"},"thumbnailUrl":"https:\/\/iberogrooming.com\/wp-content\/uploads\/2025\/03\/logoproducto.png","datePublished":"2025-03-13T10:44:14+00:00","dateModified":"2025-11-19T06:33:20+00:00","breadcrumb":{"@id":"https:\/\/iberogrooming.com\/producto\/inscripcion-en-model-dog-creativo\/#breadcrumb"},"inLanguage":"en-GB","potentialAction":[{"@type":"ReadAction","target":["https:\/\/iberogrooming.com\/producto\/inscripcion-en-model-dog-creativo\/"]}]},{"@type":"ImageObject","inLanguage":"en-GB","@id":"https:\/\/iberogrooming.com\/producto\/inscripcion-en-model-dog-creativo\/#primaryimage","url":"https:\/\/iberogrooming.com\/wp-content\/uploads\/2025\/03\/logoproducto.png","contentUrl":"https:\/\/iberogrooming.com\/wp-content\/uploads\/2025\/03\/logoproducto.png","width":797,"height":796},{"@type":"BreadcrumbList","@id":"https:\/\/iberogrooming.com\/producto\/inscripcion-en-model-dog-creativo\/#breadcrumb","itemListElement":[{"@type":"ListItem","position":1,"name":"Portada","item":"https:\/\/iberogrooming.com\/"},{"@type":"ListItem","position":2,"name":"Tienda","item":"https:\/\/iberogrooming.com\/tienda\/"},{"@type":"ListItem","position":3,"name":"Inscripci\u00f3n en model dog creativo"}]},{"@type":"WebSite","@id":"https:\/\/iberogrooming.com\/#website","url":"https:\/\/iberogrooming.com\/","name":"Iberogrooming","description":"","publisher":{"@id":"https:\/\/iberogrooming.com\/#organization"},"potentialAction":[{"@type":"SearchAction","target":{"@type":"EntryPoint","urlTemplate":"https:\/\/iberogrooming.com\/?s={search_term_string}"},"query-input":{"@type":"PropertyValueSpecification","valueRequired":true,"valueName":"search_term_string"}}],"inLanguage":"en-GB"},{"@type":"Organization","@id":"https:\/\/iberogrooming.com\/#organization","name":"Iberogrooming","url":"https:\/\/iberogrooming.com\/","logo":{"@type":"ImageObject","inLanguage":"en-GB","@id":"https:\/\/iberogrooming.com\/#\/schema\/logo\/image\/","url":"https:\/\/iberogrooming.com\/wp-content\/uploads\/2025\/03\/logoyfavicon.png","contentUrl":"https:\/\/iberogrooming.com\/wp-content\/uploads\/2025\/03\/logoyfavicon.png","width":508,"height":396,"caption":"Iberogrooming"},"image":{"@id":"https:\/\/iberogrooming.com\/#\/schema\/logo\/image\/"}}]}},"_links":{"self":[{"href":"https:\/\/iberogrooming.com\/en\/wp-json\/wp\/v2\/product\/70","targetHints":{"allow":["GET"]}}],"collection":[{"href":"https:\/\/iberogrooming.com\/en\/wp-json\/wp\/v2\/product"}],"about":[{"href":"https:\/\/iberogrooming.com\/en\/wp-json\/wp\/v2\/types\/product"}],"replies":[{"embeddable":true,"href":"https:\/\/iberogrooming.com\/en\/wp-json\/wp\/v2\/comments?post=70"}],"wp:featuredmedia":[{"embeddable":true,"href":"https:\/\/iberogrooming.com\/en\/wp-json\/wp\/v2\/media\/272"}],"wp:attachment":[{"href":"https:\/\/iberogrooming.com\/en\/wp-json\/wp\/v2\/media?parent=70"}],"wp:term":[{"taxonomy":"product_brand","embeddable":true,"href":"https:\/\/iberogrooming.com\/en\/wp-json\/wp\/v2\/product_brand?post=70"},{"taxonomy":"product_cat","embeddable":true,"href":"https:\/\/iberogrooming.com\/en\/wp-json\/wp\/v2\/product_cat?post=70"},{"taxonomy":"product_tag","embeddable":true,"href":"https:\/\/iberogrooming.com\/en\/wp-json\/wp\/v2\/product_tag?post=70"}],"curies":[{"name":"wp","href":"https:\/\/api.w.org\/{rel}","templated":true}]}}