{"id":67,"date":"2025-03-13T11:37:42","date_gmt":"2025-03-13T10:37:42","guid":{"rendered":"https:\/\/iberogrooming.com\/?post_type=product&#038;p=67"},"modified":"2025-11-19T07:21:10","modified_gmt":"2025-11-19T06:21:10","slug":"inscripcion-en-model-open-dog","status":"publish","type":"product","link":"https:\/\/iberogrooming.com\/en\/product\/inscripcion-en-model-open-dog\/","title":{"rendered":"Inscripci\u00f3n en Model Open Dog"},"content":{"rendered":"<p class=\"\" data-start=\"293\" data-end=\"615\">La categor\u00eda Model Dog de Iberogrooming est\u00e1 dise\u00f1ada para groomers que quieren mostrar todo su potencial art\u00edstico en un entorno sin restricciones, utilizando perros artificiales (maniqu\u00edes). Es una excelente oportunidad para explorar nuevas ideas, t\u00e9cnicas y dise\u00f1os innovadores sin depender del manejo de un perro real.<\/p>\n<p class=\"\" data-start=\"617\" data-end=\"635\"><strong data-start=\"617\" data-end=\"635\">\u2714\ufe0f Requirements:<\/strong><\/p>\n<ul data-start=\"636\" data-end=\"959\">\n<li class=\"\" data-start=\"636\" data-end=\"737\">\n<p class=\"\" data-start=\"638\" data-end=\"737\">Se trabaja exclusivamente sobre un <em data-start=\"673\" data-end=\"684\">Model Dog<\/em> (perro artificial), respetando la morfolog\u00eda canina.<\/p>\n<\/li>\n<li class=\"\" data-start=\"738\" data-end=\"844\">\n<p class=\"\" data-start=\"740\" data-end=\"844\">Total libertad creativa: se permiten cortes, tintes, figuras, adornos y t\u00e9cnicas avanzadas de estilismo.<\/p>\n<\/li>\n<li class=\"\" data-start=\"845\" data-end=\"959\">\n<p class=\"\" data-start=\"847\" data-end=\"959\">El dise\u00f1o debe destacar por su armon\u00eda, ejecuci\u00f3n t\u00e9cnica y creatividad, sin necesidad de explicaci\u00f3n adicional.<\/p>\n<\/li>\n<\/ul>\n<p class=\"\" data-start=\"961\" data-end=\"988\"><strong data-start=\"961\" data-end=\"988\">\u23f1\ufe0f Execution time:<\/strong><\/p>\n<ul data-start=\"989\" data-end=\"998\">\n<li class=\"\" data-start=\"989\" data-end=\"998\">\n<p class=\"\" data-start=\"991\" data-end=\"998\">2 hours<\/p>\n<\/li>\n<\/ul>\n<p class=\"\" data-start=\"1000\" data-end=\"1031\"><strong data-start=\"1000\" data-end=\"1031\">\ud83c\udfc6 Judging Criteria:<\/strong><\/p>\n<ul data-start=\"1032\" data-end=\"1296\">\n<li class=\"\" data-start=\"1032\" data-end=\"1098\">\n<p class=\"\" data-start=\"1034\" data-end=\"1098\"><strong data-start=\"1034\" data-end=\"1055\">T\u00e9cnica de corte:<\/strong> limpieza, detalle y precisi\u00f3n del trabajo.<\/p>\n<\/li>\n<li class=\"\" data-start=\"1099\" data-end=\"1159\">\n<p class=\"\" data-start=\"1101\" data-end=\"1159\"><strong data-start=\"1101\" data-end=\"1121\">Dise\u00f1o creativo:<\/strong> originalidad y est\u00e9tica del concepto.<\/p>\n<\/li>\n<li class=\"\" data-start=\"1160\" data-end=\"1228\">\n<p class=\"\" data-start=\"1162\" data-end=\"1228\"><strong data-start=\"1162\" data-end=\"1181\">Armon\u00eda visual:<\/strong> uso equilibrado de formas, colores y texturas.<\/p>\n<\/li>\n<li class=\"\" data-start=\"1229\" data-end=\"1296\">\n<p class=\"\" data-start=\"1231\" data-end=\"1296\"><strong data-start=\"1231\" data-end=\"1256\">Overall presentation:<\/strong> impacto visual y ejecuci\u00f3n profesional.<\/p>\n<\/li>\n<\/ul>","protected":false},"excerpt":{"rendered":"<p>La categor\u00eda Model Dog de Iberogrooming est\u00e1 dise\u00f1ada para groomers que quieren mostrar todo su potencial art\u00edstico en un entorno sin restricciones, utilizando perros artificiales (maniqu\u00edes). Es una excelente oportunidad para explorar nuevas ideas, t\u00e9cnicas y dise\u00f1os innovadores sin depender del manejo de un perro real. \u2714\ufe0f Requisitos: Se trabaja exclusivamente sobre un Model Dog [&hellip;]<\/p>","protected":false},"featured_media":272,"comment_status":"open","ping_status":"closed","template":"","meta":[],"product_brand":[],"product_cat":[17],"product_tag":[],"class_list":{"0":"post-67","1":"product","2":"type-product","3":"status-publish","4":"has-post-thumbnail","6":"product_cat-categorias-iberogrooming","8":"first","9":"outofstock","10":"featured","11":"taxable","12":"shipping-taxable","13":"purchasable","14":"product-type-variable"},"yoast_head":"<!-- This site is optimized with the Yoast SEO plugin v27.4 - https:\/\/yoast.com\/product\/yoast-seo-wordpress\/ -->\n<title>Inscripci\u00f3n en Model Open Dog - Iberogrooming<\/title>\n<meta name=\"robots\" content=\"index, follow, max-snippet:-1, max-image-preview:large, max-video-preview:-1\" \/>\n<link rel=\"canonical\" href=\"https:\/\/iberogrooming.com\/en\/product\/inscripcion-en-model-open-dog\/\" \/>\n<meta property=\"og:locale\" content=\"en_GB\" \/>\n<meta property=\"og:type\" content=\"article\" \/>\n<meta property=\"og:title\" content=\"Inscripci\u00f3n en Model Open Dog - Iberogrooming\" \/>\n<meta property=\"og:description\" content=\"La categor\u00eda Model Dog de Iberogrooming est\u00e1 dise\u00f1ada para groomers que quieren mostrar todo su potencial art\u00edstico en un entorno sin restricciones, utilizando perros artificiales (maniqu\u00edes). Es una excelente oportunidad para explorar nuevas ideas, t\u00e9cnicas y dise\u00f1os innovadores sin depender del manejo de un perro real. \u2714\ufe0f Requisitos: Se trabaja exclusivamente sobre un Model Dog [&hellip;]\" \/>\n<meta property=\"og:url\" content=\"https:\/\/iberogrooming.com\/en\/product\/inscripcion-en-model-open-dog\/\" \/>\n<meta property=\"og:site_name\" content=\"Iberogrooming\" \/>\n<meta property=\"article:modified_time\" content=\"2025-11-19T06:21:10+00:00\" \/>\n<meta property=\"og:image\" content=\"https:\/\/iberogrooming.com\/wp-content\/uploads\/2025\/03\/logoproducto.png\" \/>\n\t<meta property=\"og:image:width\" content=\"797\" \/>\n\t<meta property=\"og:image:height\" content=\"796\" \/>\n\t<meta property=\"og:image:type\" content=\"image\/png\" \/>\n<meta name=\"twitter:card\" content=\"summary_large_image\" \/>\n<meta name=\"twitter:label1\" content=\"Estimated reading time\" \/>\n\t<meta name=\"twitter:data1\" content=\"1 minute\" \/>\n<script type=\"application\/ld+json\" class=\"yoast-schema-graph\">{\"@context\":\"https:\\\/\\\/schema.org\",\"@graph\":[{\"@type\":\"WebPage\",\"@id\":\"https:\\\/\\\/iberogrooming.com\\\/producto\\\/inscripcion-en-model-open-dog\\\/\",\"url\":\"https:\\\/\\\/iberogrooming.com\\\/producto\\\/inscripcion-en-model-open-dog\\\/\",\"name\":\"Inscripci\u00f3n en Model Open Dog - Iberogrooming\",\"isPartOf\":{\"@id\":\"https:\\\/\\\/iberogrooming.com\\\/#website\"},\"primaryImageOfPage\":{\"@id\":\"https:\\\/\\\/iberogrooming.com\\\/producto\\\/inscripcion-en-model-open-dog\\\/#primaryimage\"},\"image\":{\"@id\":\"https:\\\/\\\/iberogrooming.com\\\/producto\\\/inscripcion-en-model-open-dog\\\/#primaryimage\"},\"thumbnailUrl\":\"https:\\\/\\\/iberogrooming.com\\\/wp-content\\\/uploads\\\/2025\\\/03\\\/logoproducto.png\",\"datePublished\":\"2025-03-13T10:37:42+00:00\",\"dateModified\":\"2025-11-19T06:21:10+00:00\",\"breadcrumb\":{\"@id\":\"https:\\\/\\\/iberogrooming.com\\\/producto\\\/inscripcion-en-model-open-dog\\\/#breadcrumb\"},\"inLanguage\":\"en-GB\",\"potentialAction\":[{\"@type\":\"ReadAction\",\"target\":[\"https:\\\/\\\/iberogrooming.com\\\/producto\\\/inscripcion-en-model-open-dog\\\/\"]}]},{\"@type\":\"ImageObject\",\"inLanguage\":\"en-GB\",\"@id\":\"https:\\\/\\\/iberogrooming.com\\\/producto\\\/inscripcion-en-model-open-dog\\\/#primaryimage\",\"url\":\"https:\\\/\\\/iberogrooming.com\\\/wp-content\\\/uploads\\\/2025\\\/03\\\/logoproducto.png\",\"contentUrl\":\"https:\\\/\\\/iberogrooming.com\\\/wp-content\\\/uploads\\\/2025\\\/03\\\/logoproducto.png\",\"width\":797,\"height\":796},{\"@type\":\"BreadcrumbList\",\"@id\":\"https:\\\/\\\/iberogrooming.com\\\/producto\\\/inscripcion-en-model-open-dog\\\/#breadcrumb\",\"itemListElement\":[{\"@type\":\"ListItem\",\"position\":1,\"name\":\"Portada\",\"item\":\"https:\\\/\\\/iberogrooming.com\\\/\"},{\"@type\":\"ListItem\",\"position\":2,\"name\":\"Tienda\",\"item\":\"https:\\\/\\\/iberogrooming.com\\\/tienda\\\/\"},{\"@type\":\"ListItem\",\"position\":3,\"name\":\"Inscripci\u00f3n en Model Open Dog\"}]},{\"@type\":\"WebSite\",\"@id\":\"https:\\\/\\\/iberogrooming.com\\\/#website\",\"url\":\"https:\\\/\\\/iberogrooming.com\\\/\",\"name\":\"Iberogrooming\",\"description\":\"\",\"publisher\":{\"@id\":\"https:\\\/\\\/iberogrooming.com\\\/#organization\"},\"potentialAction\":[{\"@type\":\"SearchAction\",\"target\":{\"@type\":\"EntryPoint\",\"urlTemplate\":\"https:\\\/\\\/iberogrooming.com\\\/?s={search_term_string}\"},\"query-input\":{\"@type\":\"PropertyValueSpecification\",\"valueRequired\":true,\"valueName\":\"search_term_string\"}}],\"inLanguage\":\"en-GB\"},{\"@type\":\"Organization\",\"@id\":\"https:\\\/\\\/iberogrooming.com\\\/#organization\",\"name\":\"Iberogrooming\",\"url\":\"https:\\\/\\\/iberogrooming.com\\\/\",\"logo\":{\"@type\":\"ImageObject\",\"inLanguage\":\"en-GB\",\"@id\":\"https:\\\/\\\/iberogrooming.com\\\/#\\\/schema\\\/logo\\\/image\\\/\",\"url\":\"https:\\\/\\\/iberogrooming.com\\\/wp-content\\\/uploads\\\/2025\\\/03\\\/logoyfavicon.png\",\"contentUrl\":\"https:\\\/\\\/iberogrooming.com\\\/wp-content\\\/uploads\\\/2025\\\/03\\\/logoyfavicon.png\",\"width\":508,\"height\":396,\"caption\":\"Iberogrooming\"},\"image\":{\"@id\":\"https:\\\/\\\/iberogrooming.com\\\/#\\\/schema\\\/logo\\\/image\\\/\"}}]}<\/script>\n<!-- \/ Yoast SEO plugin. -->","yoast_head_json":{"title":"Inscripci\u00f3n en Model Open Dog - Iberogrooming","robots":{"index":"index","follow":"follow","max-snippet":"max-snippet:-1","max-image-preview":"max-image-preview:large","max-video-preview":"max-video-preview:-1"},"canonical":"https:\/\/iberogrooming.com\/en\/product\/inscripcion-en-model-open-dog\/","og_locale":"en_GB","og_type":"article","og_title":"Inscripci\u00f3n en Model Open Dog - Iberogrooming","og_description":"La categor\u00eda Model Dog de Iberogrooming est\u00e1 dise\u00f1ada para groomers que quieren mostrar todo su potencial art\u00edstico en un entorno sin restricciones, utilizando perros artificiales (maniqu\u00edes). Es una excelente oportunidad para explorar nuevas ideas, t\u00e9cnicas y dise\u00f1os innovadores sin depender del manejo de un perro real. \u2714\ufe0f Requisitos: Se trabaja exclusivamente sobre un Model Dog [&hellip;]","og_url":"https:\/\/iberogrooming.com\/en\/product\/inscripcion-en-model-open-dog\/","og_site_name":"Iberogrooming","article_modified_time":"2025-11-19T06:21:10+00:00","og_image":[{"width":797,"height":796,"url":"https:\/\/iberogrooming.com\/wp-content\/uploads\/2025\/03\/logoproducto.png","type":"image\/png"}],"twitter_card":"summary_large_image","twitter_misc":{"Estimated reading time":"1 minute"},"schema":{"@context":"https:\/\/schema.org","@graph":[{"@type":"WebPage","@id":"https:\/\/iberogrooming.com\/producto\/inscripcion-en-model-open-dog\/","url":"https:\/\/iberogrooming.com\/producto\/inscripcion-en-model-open-dog\/","name":"Inscripci\u00f3n en Model Open Dog - Iberogrooming","isPartOf":{"@id":"https:\/\/iberogrooming.com\/#website"},"primaryImageOfPage":{"@id":"https:\/\/iberogrooming.com\/producto\/inscripcion-en-model-open-dog\/#primaryimage"},"image":{"@id":"https:\/\/iberogrooming.com\/producto\/inscripcion-en-model-open-dog\/#primaryimage"},"thumbnailUrl":"https:\/\/iberogrooming.com\/wp-content\/uploads\/2025\/03\/logoproducto.png","datePublished":"2025-03-13T10:37:42+00:00","dateModified":"2025-11-19T06:21:10+00:00","breadcrumb":{"@id":"https:\/\/iberogrooming.com\/producto\/inscripcion-en-model-open-dog\/#breadcrumb"},"inLanguage":"en-GB","potentialAction":[{"@type":"ReadAction","target":["https:\/\/iberogrooming.com\/producto\/inscripcion-en-model-open-dog\/"]}]},{"@type":"ImageObject","inLanguage":"en-GB","@id":"https:\/\/iberogrooming.com\/producto\/inscripcion-en-model-open-dog\/#primaryimage","url":"https:\/\/iberogrooming.com\/wp-content\/uploads\/2025\/03\/logoproducto.png","contentUrl":"https:\/\/iberogrooming.com\/wp-content\/uploads\/2025\/03\/logoproducto.png","width":797,"height":796},{"@type":"BreadcrumbList","@id":"https:\/\/iberogrooming.com\/producto\/inscripcion-en-model-open-dog\/#breadcrumb","itemListElement":[{"@type":"ListItem","position":1,"name":"Portada","item":"https:\/\/iberogrooming.com\/"},{"@type":"ListItem","position":2,"name":"Tienda","item":"https:\/\/iberogrooming.com\/tienda\/"},{"@type":"ListItem","position":3,"name":"Inscripci\u00f3n en Model Open Dog"}]},{"@type":"WebSite","@id":"https:\/\/iberogrooming.com\/#website","url":"https:\/\/iberogrooming.com\/","name":"Iberogrooming","description":"","publisher":{"@id":"https:\/\/iberogrooming.com\/#organization"},"potentialAction":[{"@type":"SearchAction","target":{"@type":"EntryPoint","urlTemplate":"https:\/\/iberogrooming.com\/?s={search_term_string}"},"query-input":{"@type":"PropertyValueSpecification","valueRequired":true,"valueName":"search_term_string"}}],"inLanguage":"en-GB"},{"@type":"Organization","@id":"https:\/\/iberogrooming.com\/#organization","name":"Iberogrooming","url":"https:\/\/iberogrooming.com\/","logo":{"@type":"ImageObject","inLanguage":"en-GB","@id":"https:\/\/iberogrooming.com\/#\/schema\/logo\/image\/","url":"https:\/\/iberogrooming.com\/wp-content\/uploads\/2025\/03\/logoyfavicon.png","contentUrl":"https:\/\/iberogrooming.com\/wp-content\/uploads\/2025\/03\/logoyfavicon.png","width":508,"height":396,"caption":"Iberogrooming"},"image":{"@id":"https:\/\/iberogrooming.com\/#\/schema\/logo\/image\/"}}]}},"_links":{"self":[{"href":"https:\/\/iberogrooming.com\/en\/wp-json\/wp\/v2\/product\/67","targetHints":{"allow":["GET"]}}],"collection":[{"href":"https:\/\/iberogrooming.com\/en\/wp-json\/wp\/v2\/product"}],"about":[{"href":"https:\/\/iberogrooming.com\/en\/wp-json\/wp\/v2\/types\/product"}],"replies":[{"embeddable":true,"href":"https:\/\/iberogrooming.com\/en\/wp-json\/wp\/v2\/comments?post=67"}],"wp:featuredmedia":[{"embeddable":true,"href":"https:\/\/iberogrooming.com\/en\/wp-json\/wp\/v2\/media\/272"}],"wp:attachment":[{"href":"https:\/\/iberogrooming.com\/en\/wp-json\/wp\/v2\/media?parent=67"}],"wp:term":[{"taxonomy":"product_brand","embeddable":true,"href":"https:\/\/iberogrooming.com\/en\/wp-json\/wp\/v2\/product_brand?post=67"},{"taxonomy":"product_cat","embeddable":true,"href":"https:\/\/iberogrooming.com\/en\/wp-json\/wp\/v2\/product_cat?post=67"},{"taxonomy":"product_tag","embeddable":true,"href":"https:\/\/iberogrooming.com\/en\/wp-json\/wp\/v2\/product_tag?post=67"}],"curies":[{"name":"wp","href":"https:\/\/api.w.org\/{rel}","templated":true}]}}