{"id":92,"date":"2025-03-13T17:29:15","date_gmt":"2025-03-13T16:29:15","guid":{"rendered":"https:\/\/iberogrooming.com\/?page_id=92"},"modified":"2025-12-04T07:29:16","modified_gmt":"2025-12-04T06:29:16","slug":"reglamento","status":"publish","type":"page","link":"https:\/\/iberogrooming.com\/en\/reglamento\/","title":{"rendered":"Rules"},"content":{"rendered":"<div data-elementor-type=\"wp-page\" data-elementor-id=\"92\" class=\"elementor elementor-92\" data-elementor-post-type=\"page\">\n\t\t\t\t<div class=\"elementor-element elementor-element-52896f06 e-flex e-con-boxed e-con e-parent\" data-id=\"52896f06\" data-element_type=\"container\" data-e-type=\"container\" data-settings=\"{&quot;background_background&quot;:&quot;classic&quot;}\">\n\t\t\t\t\t<div class=\"e-con-inner\">\n\t\t\t\t<div class=\"elementor-element elementor-element-723a9767 elementor-widget elementor-widget-heading\" data-id=\"723a9767\" data-element_type=\"widget\" data-e-type=\"widget\" data-widget_type=\"heading.default\">\n\t\t\t\t<div class=\"elementor-widget-container\">\n\t\t\t\t\t<h2 class=\"elementor-heading-title elementor-size-default\">Reglamento 2026 iberogrooming<\/h2>\t\t\t\t<\/div>\n\t\t\t\t<\/div>\n\t\t\t\t<div class=\"elementor-element elementor-element-2d4d3e3 elementor-widget elementor-widget-heading\" data-id=\"2d4d3e3\" data-element_type=\"widget\" data-e-type=\"widget\" data-widget_type=\"heading.default\">\n\t\t\t\t<div class=\"elementor-widget-container\">\n\t\t\t\t\t<h2 class=\"elementor-heading-title elementor-size-default\">The International Dog Grooming Championship that brings together the best groomers in the world on a unique stage.<\/h2>\t\t\t\t<\/div>\n\t\t\t\t<\/div>\n\t\t\t\t\t<\/div>\n\t\t\t\t<\/div>\n\t\t<div class=\"elementor-element elementor-element-7f7c840 e-flex e-con-boxed e-con e-parent\" data-id=\"7f7c840\" data-element_type=\"container\" data-e-type=\"container\">\n\t\t\t\t\t<div class=\"e-con-inner\">\n\t\t<div class=\"elementor-element elementor-element-7e8b37b e-con-full e-flex e-con e-child\" data-id=\"7e8b37b\" data-element_type=\"container\" data-e-type=\"container\">\n\t\t\t\t<div class=\"elementor-element elementor-element-9dc591a elementor-widget elementor-widget-image\" data-id=\"9dc591a\" data-element_type=\"widget\" data-e-type=\"widget\" data-widget_type=\"image.default\">\n\t\t\t\t<div class=\"elementor-widget-container\">\n\t\t\t\t\t\t\t\t\t\t\t\t\t\t\t<img fetchpriority=\"high\" decoding=\"async\" width=\"300\" height=\"200\" src=\"https:\/\/iberogrooming.com\/wp-content\/uploads\/2025\/03\/espana.jpg\" class=\"attachment-large size-large wp-image-219\" alt=\"\" \/>\t\t\t\t\t\t\t\t\t\t\t\t\t\t\t<\/div>\n\t\t\t\t<\/div>\n\t\t\t\t<div class=\"elementor-element elementor-element-269d2d3 elementor-widget elementor-widget-heading\" data-id=\"269d2d3\" data-element_type=\"widget\" data-e-type=\"widget\" data-widget_type=\"heading.default\">\n\t\t\t\t<div class=\"elementor-widget-container\">\n\t\t\t\t\t<h2 class=\"elementor-heading-title elementor-size-default\">Descarga aqu\u00ed el reglamento oficial de Iberogrooming.\n<\/h2>\t\t\t\t<\/div>\n\t\t\t\t<\/div>\n\t\t\t\t<div class=\"elementor-element elementor-element-44f8067 elementor-align-justify elementor-widget elementor-widget-button\" data-id=\"44f8067\" data-element_type=\"widget\" data-e-type=\"widget\" data-widget_type=\"button.default\">\n\t\t\t\t<div class=\"elementor-widget-container\">\n\t\t\t\t\t\t\t\t\t<div class=\"elementor-button-wrapper\">\n\t\t\t\t\t<a class=\"elementor-button elementor-button-link elementor-size-sm\" href=\"https:\/\/iberogrooming.com\/wp-content\/uploads\/2025\/12\/REGLAMENTO-IBERO-2026-ES.pdf\" target=\"_blank\">\n\t\t\t\t\t\t<span class=\"elementor-button-content-wrapper\">\n\t\t\t\t\t\t\t\t\t<span class=\"elementor-button-text\">Descargar Reglamento<\/span>\n\t\t\t\t\t<\/span>\n\t\t\t\t\t<\/a>\n\t\t\t\t<\/div>\n\t\t\t\t\t\t\t\t<\/div>\n\t\t\t\t<\/div>\n\t\t\t\t<\/div>\n\t\t<div class=\"elementor-element elementor-element-131d724 e-con-full e-flex e-con e-child\" data-id=\"131d724\" data-element_type=\"container\" data-e-type=\"container\">\n\t\t\t\t<div class=\"elementor-element elementor-element-d8fa12b elementor-widget elementor-widget-image\" data-id=\"d8fa12b\" data-element_type=\"widget\" data-e-type=\"widget\" data-widget_type=\"image.default\">\n\t\t\t\t<div class=\"elementor-widget-container\">\n\t\t\t\t\t\t\t\t\t\t\t\t\t\t\t<img decoding=\"async\" width=\"300\" height=\"200\" src=\"https:\/\/iberogrooming.com\/wp-content\/uploads\/2025\/03\/reinounido.jpg\" class=\"attachment-large size-large wp-image-222\" alt=\"\" \/>\t\t\t\t\t\t\t\t\t\t\t\t\t\t\t<\/div>\n\t\t\t\t<\/div>\n\t\t\t\t<div class=\"elementor-element elementor-element-6b00cd4 elementor-widget elementor-widget-heading\" data-id=\"6b00cd4\" data-element_type=\"widget\" data-e-type=\"widget\" data-widget_type=\"heading.default\">\n\t\t\t\t<div class=\"elementor-widget-container\">\n\t\t\t\t\t<h2 class=\"elementor-heading-title elementor-size-default\">Download the official Iberogrooming <br>rules here.<\/h2>\t\t\t\t<\/div>\n\t\t\t\t<\/div>\n\t\t\t\t<div class=\"elementor-element elementor-element-1aa3755 elementor-align-justify elementor-widget elementor-widget-button\" data-id=\"1aa3755\" data-element_type=\"widget\" data-e-type=\"widget\" data-widget_type=\"button.default\">\n\t\t\t\t<div class=\"elementor-widget-container\">\n\t\t\t\t\t\t\t\t\t<div class=\"elementor-button-wrapper\">\n\t\t\t\t\t<a class=\"elementor-button elementor-button-link elementor-size-sm\" href=\"https:\/\/iberogrooming.com\/wp-content\/uploads\/2025\/12\/REGLAMENTO-IBERO-2026-EN.pdf\" target=\"_blank\">\n\t\t\t\t\t\t<span class=\"elementor-button-content-wrapper\">\n\t\t\t\t\t\t\t\t\t<span class=\"elementor-button-text\">Download<br> Rules<\/span>\n\t\t\t\t\t<\/span>\n\t\t\t\t\t<\/a>\n\t\t\t\t<\/div>\n\t\t\t\t\t\t\t\t<\/div>\n\t\t\t\t<\/div>\n\t\t\t\t<\/div>\n\t\t<div class=\"elementor-element elementor-element-25d872c e-con-full e-flex e-con e-child\" data-id=\"25d872c\" data-element_type=\"container\" data-e-type=\"container\">\n\t\t\t\t<div class=\"elementor-element elementor-element-44632e0 elementor-widget elementor-widget-image\" data-id=\"44632e0\" data-element_type=\"widget\" data-e-type=\"widget\" data-widget_type=\"image.default\">\n\t\t\t\t<div class=\"elementor-widget-container\">\n\t\t\t\t\t\t\t\t\t\t\t\t\t\t\t<img decoding=\"async\" width=\"300\" height=\"200\" src=\"https:\/\/iberogrooming.com\/wp-content\/uploads\/2025\/03\/francia.jpg\" class=\"attachment-large size-large wp-image-220\" alt=\"\" \/>\t\t\t\t\t\t\t\t\t\t\t\t\t\t\t<\/div>\n\t\t\t\t<\/div>\n\t\t\t\t<div class=\"elementor-element elementor-element-f3357f2 elementor-widget elementor-widget-heading\" data-id=\"f3357f2\" data-element_type=\"widget\" data-e-type=\"widget\" data-widget_type=\"heading.default\">\n\t\t\t\t<div class=\"elementor-widget-container\">\n\t\t\t\t\t<h2 class=\"elementor-heading-title elementor-size-default\">T\u00e9l\u00e9chargez ici le r\u00e8glement officiel d'Iberogrooming.<\/h2>\t\t\t\t<\/div>\n\t\t\t\t<\/div>\n\t\t\t\t<div class=\"elementor-element elementor-element-a1facc2 elementor-align-center elementor-widget elementor-widget-button\" data-id=\"a1facc2\" data-element_type=\"widget\" data-e-type=\"widget\" data-widget_type=\"button.default\">\n\t\t\t\t<div class=\"elementor-widget-container\">\n\t\t\t\t\t\t\t\t\t<div class=\"elementor-button-wrapper\">\n\t\t\t\t\t<a class=\"elementor-button elementor-button-link elementor-size-sm\" href=\"https:\/\/iberogrooming.com\/wp-content\/uploads\/2025\/12\/REGLAMENTO-IBERO-2026-FR.pdf\" target=\"_blank\">\n\t\t\t\t\t\t<span class=\"elementor-button-content-wrapper\">\n\t\t\t\t\t\t\t\t\t<span class=\"elementor-button-text\">T\u00e9l\u00e9charger le R\u00e8glement<\/span>\n\t\t\t\t\t<\/span>\n\t\t\t\t\t<\/a>\n\t\t\t\t<\/div>\n\t\t\t\t\t\t\t\t<\/div>\n\t\t\t\t<\/div>\n\t\t\t\t<\/div>\n\t\t<div class=\"elementor-element elementor-element-ce3db39 e-con-full e-flex e-con e-child\" data-id=\"ce3db39\" data-element_type=\"container\" data-e-type=\"container\">\n\t\t\t\t<div class=\"elementor-element elementor-element-ec55201 elementor-widget elementor-widget-image\" data-id=\"ec55201\" data-element_type=\"widget\" data-e-type=\"widget\" data-widget_type=\"image.default\">\n\t\t\t\t<div class=\"elementor-widget-container\">\n\t\t\t\t\t\t\t\t\t\t\t\t\t\t\t<img loading=\"lazy\" decoding=\"async\" width=\"300\" height=\"200\" src=\"https:\/\/iberogrooming.com\/wp-content\/uploads\/2025\/03\/italia.jpg\" class=\"attachment-large size-large wp-image-221\" alt=\"\" \/>\t\t\t\t\t\t\t\t\t\t\t\t\t\t\t<\/div>\n\t\t\t\t<\/div>\n\t\t\t\t<div class=\"elementor-element elementor-element-4c88fad elementor-widget elementor-widget-heading\" data-id=\"4c88fad\" data-element_type=\"widget\" data-e-type=\"widget\" data-widget_type=\"heading.default\">\n\t\t\t\t<div class=\"elementor-widget-container\">\n\t\t\t\t\t<h2 class=\"elementor-heading-title elementor-size-default\">Scarica qui il regolamento ufficiale di <br>Iberogrooming.<\/h2>\t\t\t\t<\/div>\n\t\t\t\t<\/div>\n\t\t\t\t<div class=\"elementor-element elementor-element-22891b0 elementor-align-justify elementor-widget elementor-widget-button\" data-id=\"22891b0\" data-element_type=\"widget\" data-e-type=\"widget\" data-widget_type=\"button.default\">\n\t\t\t\t<div class=\"elementor-widget-container\">\n\t\t\t\t\t\t\t\t\t<div class=\"elementor-button-wrapper\">\n\t\t\t\t\t<a class=\"elementor-button elementor-button-link elementor-size-sm\" href=\"https:\/\/iberogrooming.com\/wp-content\/uploads\/2025\/12\/REGLAMENTO-IBERO-2026-ITA.pdf\" target=\"_blank\">\n\t\t\t\t\t\t<span class=\"elementor-button-content-wrapper\">\n\t\t\t\t\t\t\t\t\t<span class=\"elementor-button-text\">Scarica il Regolamento<\/span>\n\t\t\t\t\t<\/span>\n\t\t\t\t\t<\/a>\n\t\t\t\t<\/div>\n\t\t\t\t\t\t\t\t<\/div>\n\t\t\t\t<\/div>\n\t\t\t\t<\/div>\n\t\t<div class=\"elementor-element elementor-element-34b8449 e-con-full e-flex e-con e-child\" data-id=\"34b8449\" data-element_type=\"container\" data-e-type=\"container\">\n\t\t\t\t<div class=\"elementor-element elementor-element-27b93de elementor-widget elementor-widget-image\" data-id=\"27b93de\" data-element_type=\"widget\" data-e-type=\"widget\" data-widget_type=\"image.default\">\n\t\t\t\t<div class=\"elementor-widget-container\">\n\t\t\t\t\t\t\t\t\t\t\t\t\t\t\t<img loading=\"lazy\" decoding=\"async\" width=\"300\" height=\"200\" src=\"https:\/\/iberogrooming.com\/wp-content\/uploads\/2025\/03\/bandera_portugal.jpg\" class=\"attachment-large size-large wp-image-520\" alt=\"\" \/>\t\t\t\t\t\t\t\t\t\t\t\t\t\t\t<\/div>\n\t\t\t\t<\/div>\n\t\t\t\t<div class=\"elementor-element elementor-element-3e96805 elementor-widget elementor-widget-heading\" data-id=\"3e96805\" data-element_type=\"widget\" data-e-type=\"widget\" data-widget_type=\"heading.default\">\n\t\t\t\t<div class=\"elementor-widget-container\">\n\t\t\t\t\t<h2 class=\"elementor-heading-title elementor-size-default\">Baixe aqui o regulamento oficial do <br> Iberogrooming.<\/h2>\t\t\t\t<\/div>\n\t\t\t\t<\/div>\n\t\t\t\t<div class=\"elementor-element elementor-element-07641e3 elementor-align-justify elementor-widget elementor-widget-button\" data-id=\"07641e3\" data-element_type=\"widget\" data-e-type=\"widget\" data-widget_type=\"button.default\">\n\t\t\t\t<div class=\"elementor-widget-container\">\n\t\t\t\t\t\t\t\t\t<div class=\"elementor-button-wrapper\">\n\t\t\t\t\t<a class=\"elementor-button elementor-button-link elementor-size-sm\" href=\"https:\/\/iberogrooming.com\/wp-content\/uploads\/2025\/12\/REGLAMENTO-IBERO-2026-PT.pdf\" target=\"_blank\">\n\t\t\t\t\t\t<span class=\"elementor-button-content-wrapper\">\n\t\t\t\t\t\t\t\t\t<span class=\"elementor-button-text\">Scarica il Regolamento<\/span>\n\t\t\t\t\t<\/span>\n\t\t\t\t\t<\/a>\n\t\t\t\t<\/div>\n\t\t\t\t\t\t\t\t<\/div>\n\t\t\t\t<\/div>\n\t\t\t\t<\/div>\n\t\t\t\t\t<\/div>\n\t\t\t\t<\/div>\n\t\t\t\t<\/div>","protected":false},"excerpt":{"rendered":"<p>Reglamento 2026 iberogrooming El campeonato internacional de peluquer\u00eda canina que re\u00fane a los mejores groomers del mundo en un escenario \u00fanico Descarga aqu\u00ed el reglamento oficial de Iberogrooming. Descargar Reglamento Download the official Iberogrooming rules here. Download Rules T\u00e9l\u00e9chargez ici le r\u00e8glement officiel d&#8217;Iberogrooming. T\u00e9l\u00e9charger le R\u00e8glement Scarica qui il regolamento ufficiale di Iberogrooming. Scarica [&hellip;]<\/p>","protected":false},"author":1,"featured_media":0,"parent":0,"menu_order":0,"comment_status":"closed","ping_status":"closed","template":"elementor_header_footer","meta":{"footnotes":""},"class_list":["post-92","page","type-page","status-publish","hentry"],"yoast_head":"<!-- This site is optimized with the Yoast SEO plugin v27.4 - https:\/\/yoast.com\/product\/yoast-seo-wordpress\/ -->\n<title>Reglamento - Iberogrooming<\/title>\n<meta name=\"robots\" content=\"index, follow, max-snippet:-1, max-image-preview:large, max-video-preview:-1\" \/>\n<link rel=\"canonical\" href=\"https:\/\/iberogrooming.com\/en\/reglamento\/\" \/>\n<meta property=\"og:locale\" content=\"en_GB\" \/>\n<meta property=\"og:type\" content=\"article\" \/>\n<meta property=\"og:title\" content=\"Reglamento - Iberogrooming\" \/>\n<meta property=\"og:description\" content=\"Reglamento 2026 iberogrooming El campeonato internacional de peluquer\u00eda canina que re\u00fane a los mejores groomers del mundo en un escenario \u00fanico Descarga aqu\u00ed el reglamento oficial de Iberogrooming. Descargar Reglamento Download the official Iberogrooming rules here. Download Rules T\u00e9l\u00e9chargez ici le r\u00e8glement officiel d&#8217;Iberogrooming. T\u00e9l\u00e9charger le R\u00e8glement Scarica qui il regolamento ufficiale di Iberogrooming. Scarica [&hellip;]\" \/>\n<meta property=\"og:url\" content=\"https:\/\/iberogrooming.com\/en\/reglamento\/\" \/>\n<meta property=\"og:site_name\" content=\"Iberogrooming\" \/>\n<meta property=\"article:modified_time\" content=\"2025-12-04T06:29:16+00:00\" \/>\n<meta property=\"og:image\" content=\"https:\/\/iberogrooming.com\/wp-content\/uploads\/2025\/03\/espana.jpg\" \/>\n\t<meta property=\"og:image:width\" content=\"300\" \/>\n\t<meta property=\"og:image:height\" content=\"200\" \/>\n\t<meta property=\"og:image:type\" content=\"image\/jpeg\" \/>\n<meta name=\"twitter:card\" content=\"summary_large_image\" \/>\n<meta name=\"twitter:label1\" content=\"Estimated reading time\" \/>\n\t<meta name=\"twitter:data1\" content=\"2 minutes\" \/>\n<script type=\"application\/ld+json\" class=\"yoast-schema-graph\">{\"@context\":\"https:\\\/\\\/schema.org\",\"@graph\":[{\"@type\":\"WebPage\",\"@id\":\"https:\\\/\\\/iberogrooming.com\\\/reglamento\\\/\",\"url\":\"https:\\\/\\\/iberogrooming.com\\\/reglamento\\\/\",\"name\":\"Reglamento - Iberogrooming\",\"isPartOf\":{\"@id\":\"https:\\\/\\\/iberogrooming.com\\\/#website\"},\"primaryImageOfPage\":{\"@id\":\"https:\\\/\\\/iberogrooming.com\\\/reglamento\\\/#primaryimage\"},\"image\":{\"@id\":\"https:\\\/\\\/iberogrooming.com\\\/reglamento\\\/#primaryimage\"},\"thumbnailUrl\":\"https:\\\/\\\/iberogrooming.com\\\/wp-content\\\/uploads\\\/2025\\\/03\\\/espana.jpg\",\"datePublished\":\"2025-03-13T16:29:15+00:00\",\"dateModified\":\"2025-12-04T06:29:16+00:00\",\"breadcrumb\":{\"@id\":\"https:\\\/\\\/iberogrooming.com\\\/reglamento\\\/#breadcrumb\"},\"inLanguage\":\"en-GB\",\"potentialAction\":[{\"@type\":\"ReadAction\",\"target\":[\"https:\\\/\\\/iberogrooming.com\\\/reglamento\\\/\"]}]},{\"@type\":\"ImageObject\",\"inLanguage\":\"en-GB\",\"@id\":\"https:\\\/\\\/iberogrooming.com\\\/reglamento\\\/#primaryimage\",\"url\":\"https:\\\/\\\/iberogrooming.com\\\/wp-content\\\/uploads\\\/2025\\\/03\\\/espana.jpg\",\"contentUrl\":\"https:\\\/\\\/iberogrooming.com\\\/wp-content\\\/uploads\\\/2025\\\/03\\\/espana.jpg\"},{\"@type\":\"BreadcrumbList\",\"@id\":\"https:\\\/\\\/iberogrooming.com\\\/reglamento\\\/#breadcrumb\",\"itemListElement\":[{\"@type\":\"ListItem\",\"position\":1,\"name\":\"Portada\",\"item\":\"https:\\\/\\\/iberogrooming.com\\\/\"},{\"@type\":\"ListItem\",\"position\":2,\"name\":\"Reglamento\"}]},{\"@type\":\"WebSite\",\"@id\":\"https:\\\/\\\/iberogrooming.com\\\/#website\",\"url\":\"https:\\\/\\\/iberogrooming.com\\\/\",\"name\":\"Iberogrooming\",\"description\":\"\",\"publisher\":{\"@id\":\"https:\\\/\\\/iberogrooming.com\\\/#organization\"},\"potentialAction\":[{\"@type\":\"SearchAction\",\"target\":{\"@type\":\"EntryPoint\",\"urlTemplate\":\"https:\\\/\\\/iberogrooming.com\\\/?s={search_term_string}\"},\"query-input\":{\"@type\":\"PropertyValueSpecification\",\"valueRequired\":true,\"valueName\":\"search_term_string\"}}],\"inLanguage\":\"en-GB\"},{\"@type\":\"Organization\",\"@id\":\"https:\\\/\\\/iberogrooming.com\\\/#organization\",\"name\":\"Iberogrooming\",\"url\":\"https:\\\/\\\/iberogrooming.com\\\/\",\"logo\":{\"@type\":\"ImageObject\",\"inLanguage\":\"en-GB\",\"@id\":\"https:\\\/\\\/iberogrooming.com\\\/#\\\/schema\\\/logo\\\/image\\\/\",\"url\":\"https:\\\/\\\/iberogrooming.com\\\/wp-content\\\/uploads\\\/2025\\\/03\\\/logoyfavicon.png\",\"contentUrl\":\"https:\\\/\\\/iberogrooming.com\\\/wp-content\\\/uploads\\\/2025\\\/03\\\/logoyfavicon.png\",\"width\":508,\"height\":396,\"caption\":\"Iberogrooming\"},\"image\":{\"@id\":\"https:\\\/\\\/iberogrooming.com\\\/#\\\/schema\\\/logo\\\/image\\\/\"}}]}<\/script>\n<!-- \/ Yoast SEO plugin. -->","yoast_head_json":{"title":"Reglamento - Iberogrooming","robots":{"index":"index","follow":"follow","max-snippet":"max-snippet:-1","max-image-preview":"max-image-preview:large","max-video-preview":"max-video-preview:-1"},"canonical":"https:\/\/iberogrooming.com\/en\/reglamento\/","og_locale":"en_GB","og_type":"article","og_title":"Reglamento - Iberogrooming","og_description":"Reglamento 2026 iberogrooming El campeonato internacional de peluquer\u00eda canina que re\u00fane a los mejores groomers del mundo en un escenario \u00fanico Descarga aqu\u00ed el reglamento oficial de Iberogrooming. Descargar Reglamento Download the official Iberogrooming rules here. Download Rules T\u00e9l\u00e9chargez ici le r\u00e8glement officiel d&#8217;Iberogrooming. T\u00e9l\u00e9charger le R\u00e8glement Scarica qui il regolamento ufficiale di Iberogrooming. Scarica [&hellip;]","og_url":"https:\/\/iberogrooming.com\/en\/reglamento\/","og_site_name":"Iberogrooming","article_modified_time":"2025-12-04T06:29:16+00:00","og_image":[{"width":300,"height":200,"url":"https:\/\/iberogrooming.com\/wp-content\/uploads\/2025\/03\/espana.jpg","type":"image\/jpeg"}],"twitter_card":"summary_large_image","twitter_misc":{"Estimated reading time":"2 minutes"},"schema":{"@context":"https:\/\/schema.org","@graph":[{"@type":"WebPage","@id":"https:\/\/iberogrooming.com\/reglamento\/","url":"https:\/\/iberogrooming.com\/reglamento\/","name":"Reglamento - Iberogrooming","isPartOf":{"@id":"https:\/\/iberogrooming.com\/#website"},"primaryImageOfPage":{"@id":"https:\/\/iberogrooming.com\/reglamento\/#primaryimage"},"image":{"@id":"https:\/\/iberogrooming.com\/reglamento\/#primaryimage"},"thumbnailUrl":"https:\/\/iberogrooming.com\/wp-content\/uploads\/2025\/03\/espana.jpg","datePublished":"2025-03-13T16:29:15+00:00","dateModified":"2025-12-04T06:29:16+00:00","breadcrumb":{"@id":"https:\/\/iberogrooming.com\/reglamento\/#breadcrumb"},"inLanguage":"en-GB","potentialAction":[{"@type":"ReadAction","target":["https:\/\/iberogrooming.com\/reglamento\/"]}]},{"@type":"ImageObject","inLanguage":"en-GB","@id":"https:\/\/iberogrooming.com\/reglamento\/#primaryimage","url":"https:\/\/iberogrooming.com\/wp-content\/uploads\/2025\/03\/espana.jpg","contentUrl":"https:\/\/iberogrooming.com\/wp-content\/uploads\/2025\/03\/espana.jpg"},{"@type":"BreadcrumbList","@id":"https:\/\/iberogrooming.com\/reglamento\/#breadcrumb","itemListElement":[{"@type":"ListItem","position":1,"name":"Portada","item":"https:\/\/iberogrooming.com\/"},{"@type":"ListItem","position":2,"name":"Reglamento"}]},{"@type":"WebSite","@id":"https:\/\/iberogrooming.com\/#website","url":"https:\/\/iberogrooming.com\/","name":"Iberogrooming","description":"","publisher":{"@id":"https:\/\/iberogrooming.com\/#organization"},"potentialAction":[{"@type":"SearchAction","target":{"@type":"EntryPoint","urlTemplate":"https:\/\/iberogrooming.com\/?s={search_term_string}"},"query-input":{"@type":"PropertyValueSpecification","valueRequired":true,"valueName":"search_term_string"}}],"inLanguage":"en-GB"},{"@type":"Organization","@id":"https:\/\/iberogrooming.com\/#organization","name":"Iberogrooming","url":"https:\/\/iberogrooming.com\/","logo":{"@type":"ImageObject","inLanguage":"en-GB","@id":"https:\/\/iberogrooming.com\/#\/schema\/logo\/image\/","url":"https:\/\/iberogrooming.com\/wp-content\/uploads\/2025\/03\/logoyfavicon.png","contentUrl":"https:\/\/iberogrooming.com\/wp-content\/uploads\/2025\/03\/logoyfavicon.png","width":508,"height":396,"caption":"Iberogrooming"},"image":{"@id":"https:\/\/iberogrooming.com\/#\/schema\/logo\/image\/"}}]}},"_links":{"self":[{"href":"https:\/\/iberogrooming.com\/en\/wp-json\/wp\/v2\/pages\/92","targetHints":{"allow":["GET"]}}],"collection":[{"href":"https:\/\/iberogrooming.com\/en\/wp-json\/wp\/v2\/pages"}],"about":[{"href":"https:\/\/iberogrooming.com\/en\/wp-json\/wp\/v2\/types\/page"}],"author":[{"embeddable":true,"href":"https:\/\/iberogrooming.com\/en\/wp-json\/wp\/v2\/users\/1"}],"replies":[{"embeddable":true,"href":"https:\/\/iberogrooming.com\/en\/wp-json\/wp\/v2\/comments?post=92"}],"version-history":[{"count":25,"href":"https:\/\/iberogrooming.com\/en\/wp-json\/wp\/v2\/pages\/92\/revisions"}],"predecessor-version":[{"id":940,"href":"https:\/\/iberogrooming.com\/en\/wp-json\/wp\/v2\/pages\/92\/revisions\/940"}],"wp:attachment":[{"href":"https:\/\/iberogrooming.com\/en\/wp-json\/wp\/v2\/media?parent=92"}],"curies":[{"name":"wp","href":"https:\/\/api.w.org\/{rel}","templated":true}]}}