{"id":310,"date":"2025-03-18T16:16:28","date_gmt":"2025-03-18T15:16:28","guid":{"rendered":"https:\/\/iberogrooming.com\/?page_id=310"},"modified":"2025-03-18T16:20:50","modified_gmt":"2025-03-18T15:20:50","slug":"aviso-legal","status":"publish","type":"page","link":"https:\/\/iberogrooming.com\/en\/aviso-legal\/","title":{"rendered":"Legal Notice"},"content":{"rendered":"<p>El siguiente texto regula la utilizaci\u00f3n del sitio Web de BURBUR PET CARE, S.L., en adelante IBEROGROOMING<strong>,<\/strong>\u00a0por parte de los usuarios de Internet. Lea atentamente este Aviso Legal, las Condiciones Generales de Servicio y la Pol\u00edtica de Privacidad cada vez que visite este sitio web ya que podr\u00e1 ser modificado en cualquier momento. En caso de no estar de acuerdo con lo estipulado no utilice el sitio web.<\/p>\n\n\n\n<h2 class=\"wp-block-heading\">Titularidad<\/h2>\n\n\n\n<p>En cumplimiento de lo previsto en la Ley 34\/2002, de 11 de julio, de Servicios de la Sociedad de la Informaci\u00f3n y de Comercio Electr\u00f3nico, se informa que el titular del sitio web es BURBUR PET CARE, S.L.con domicilio fiscal en Centro de negocios ULAB, Plaza San Crist\u00f3bal, n\u00famero 14 \u2013 03001 Alicante y CIF. B06797971.<\/p>\n\n\n\n<h2 class=\"wp-block-heading\">Objeto<\/h2>\n\n\n\n<p>A trav\u00e9s de este sitio web se facilita a los usuarios informaci\u00f3n sobre los productos de alimentaci\u00f3n para mascotas, perros y gatos, distribuidos por IBEROGROOMING. Asimismo, los usuarios pueden realizar el proceso de compra y env\u00edo de los productos. Tambi\u00e9n se puede facilitar diversos contenidos e informaci\u00f3n sobre los animales de compa\u00f1\u00eda puesto a disposici\u00f3n por IBEROGROOMING o por terceros proveedores de servicios y contenido. BURBURse reserva el derecho de modificar en cualquier momento la presentaci\u00f3n, configuraci\u00f3n y localizaci\u00f3n del sitio web, as\u00ed como los contenidos, productos y servicios en \u00e9l contenidos.<\/p>\n\n\n\n<p>El acceso, navegaci\u00f3n y uso del Sitio Web de IBEROGROOMING conlleva y supone la aceptaci\u00f3n por el Usuario de este Aviso legal, las Condiciones de Servicio y la Pol\u00edtica de Privacidad publicadas y actualizadas en el Sitio Web. En este sentido, se entender\u00e1 por Usuario a la persona que acceda, navegue, utilice o participe en los servicios y actividades, gratuitas u onerosas, desarrolladas en el Sitio Web.<\/p>\n\n\n\n<p>El presente Aviso Legal tiene por objeto regular el acceso, navegaci\u00f3n y uso del Sitio Web, sin perjuicio de que IBEROGROOMING pueda establecer condiciones particulares que regulen la utilizaci\u00f3n de servicios y\/o contrataci\u00f3n de productos espec\u00edficos ofrecidos a los Usuarios a trav\u00e9s del Sitio Web.<\/p>\n\n\n\n<h2 class=\"wp-block-heading\">Condiciones de acceso<\/h2>\n\n\n\n<p>El acceso al sitio web es libre y gratuito, no siendo necesaria para su utilizaci\u00f3n la previa autentificaci\u00f3n por medio de la introducci\u00f3n del nombre de usuario y contrase\u00f1a.<\/p>\n\n\n\n<p>Para entrar en el \u00e1rea de clientes con mayor comodidad o acceder a determinados servicios personalizados, puede registrar sus datos personales y elegir una contrase\u00f1a que le permitir\u00e1 acceder a todas aquellas zonas que requieran una identificaci\u00f3n previa. Esto evitar\u00e1 que, en lo sucesivo, tenga que volver a cumplimentarlos.<\/p>\n\n\n\n<p>Cuando para el acceso a determinados contenidos o para la utilizaci\u00f3n de alg\u00fan servicio sea necesario facilitar datos de car\u00e1cter personal, los usuarios garantizar\u00e1n su veracidad, exactitud, autenticidad y vigencia. IBEROGROOMING dar\u00e1 a dichos datos el tratamiento automatizado que corresponda en funci\u00f3n de su naturaleza o finalidad, en las condiciones y t\u00e9rminos indicados en la secci\u00f3n de Pol\u00edtica de Privacidad.<\/p>\n\n\n\n<h2 class=\"wp-block-heading\">Condiciones generales de utilizaci\u00f3n<\/h2>\n\n\n\n<p>El Usuario se compromete a hacer un uso adecuado y l\u00edcito del sitio web as\u00ed como de los contenidos y servicios, de conformidad con la legislaci\u00f3n aplicable en cada momento, el presente Aviso Legal, las Condiciones de Servicio, la moral y buenas costumbres generalmente aceptadas y el orden p\u00fablico.<\/p>\n\n\n\n<p>Se proh\u00edbe la reproducci\u00f3n total o parcial de los contenidos de esta web sin citar su origen o solicitar autorizaci\u00f3n. El acceso, navegaci\u00f3n y uso del Sitio Web es responsabilidad del Usuario y, en particular, se compromete a abstenerse de:<\/p>\n\n\n\n<ul class=\"wp-block-list\">\n<li>Reproducir o copiar, distribuir, permitir el acceso del p\u00fablico a trav\u00e9s de cualquier modalidad de comunicaci\u00f3n p\u00fablica, transformar o modificar los contenidos, a menos que se cuente con la autorizaci\u00f3n del titular de los correspondientes derechos o ello resulte legalmente permitido.<\/li>\n\n\n\n<li>Emplear los contenidos y, en particular, la informaci\u00f3n de cualquier clase obtenida a trav\u00e9s del Sitio Web o de los servicios para remitir publicidad, comunicaciones con fines de venta directa o con cualquier otra clase de finalidad comercial, mensajes no solicitados dirigidos a una pluralidad de personas con independencia de su finalidad, as\u00ed como a abstenerse de comercializar o divulgar de cualquier modo dicha informaci\u00f3n.<\/li>\n<\/ul>\n\n\n\n<h2 class=\"wp-block-heading\">Contenidos, hiperv\u00ednculos y enlaces<\/h2>\n\n\n\n<p>Los contenidos, organizaci\u00f3n y elecci\u00f3n de enlaces interesantes han sido seleccionados y coordinados por IBEROGROOMING<strong>,<\/strong>\u00a0asimismo la informaci\u00f3n contenida en esta web tambi\u00e9n ha sido elaborada por IBEROGROOMING.<\/p>\n\n\n\n<p>IBEROGROOMING pone a disposici\u00f3n de los Usuarios dispositivos t\u00e9cnicos de enlace que permiten acceder a p\u00e1ginas y\/o sitios web pertenecientes y\/o gestionados por terceros.<\/p>\n\n\n\n<p>IBEROGROOMING comprueba el contenido existente en dichas p\u00e1ginas en el momento en que establece un link a las mismas y lo hace en la creencia de buena fe de que tales contenidos cumplen con la legislaci\u00f3n aplicable. No obstante, en ning\u00fan caso, IBEROGROOMING se hace responsable, aprueba, ni hace propios los productos, servicios, contenidos, informaci\u00f3n, datos, archivos y cualquier clase de material existente en tales p\u00e1ginas web y no controla ni se hace responsable, aprueba o hace propias las sucesivas modificaciones de dichos materiales.<\/p>","protected":false},"excerpt":{"rendered":"<p>El siguiente texto regula la utilizaci\u00f3n del sitio Web de BURBUR PET CARE, S.L., en adelante IBEROGROOMING,\u00a0por parte de los usuarios de Internet. Lea atentamente este Aviso Legal, las Condiciones Generales de Servicio y la Pol\u00edtica de Privacidad cada vez que visite este sitio web ya que podr\u00e1 ser modificado en cualquier momento. En caso [&hellip;]<\/p>","protected":false},"author":1,"featured_media":0,"parent":0,"menu_order":0,"comment_status":"closed","ping_status":"closed","template":"","meta":{"footnotes":""},"class_list":["post-310","page","type-page","status-publish","hentry"],"yoast_head":"<!-- This site is optimized with the Yoast SEO plugin v27.4 - https:\/\/yoast.com\/product\/yoast-seo-wordpress\/ -->\n<title>Aviso Legal - Iberogrooming<\/title>\n<meta name=\"robots\" content=\"index, follow, max-snippet:-1, max-image-preview:large, max-video-preview:-1\" \/>\n<link rel=\"canonical\" href=\"https:\/\/iberogrooming.com\/en\/aviso-legal\/\" \/>\n<meta property=\"og:locale\" content=\"en_GB\" \/>\n<meta property=\"og:type\" content=\"article\" \/>\n<meta property=\"og:title\" content=\"Aviso Legal - Iberogrooming\" \/>\n<meta property=\"og:description\" content=\"El siguiente texto regula la utilizaci\u00f3n del sitio Web de BURBUR PET CARE, S.L., en adelante IBEROGROOMING,\u00a0por parte de los usuarios de Internet. Lea atentamente este Aviso Legal, las Condiciones Generales de Servicio y la Pol\u00edtica de Privacidad cada vez que visite este sitio web ya que podr\u00e1 ser modificado en cualquier momento. En caso [&hellip;]\" \/>\n<meta property=\"og:url\" content=\"https:\/\/iberogrooming.com\/en\/aviso-legal\/\" \/>\n<meta property=\"og:site_name\" content=\"Iberogrooming\" \/>\n<meta property=\"article:modified_time\" content=\"2025-03-18T15:20:50+00:00\" \/>\n<meta name=\"twitter:card\" content=\"summary_large_image\" \/>\n<meta name=\"twitter:label1\" content=\"Estimated reading time\" \/>\n\t<meta name=\"twitter:data1\" content=\"4 minutes\" \/>\n<script type=\"application\/ld+json\" class=\"yoast-schema-graph\">{\"@context\":\"https:\\\/\\\/schema.org\",\"@graph\":[{\"@type\":\"WebPage\",\"@id\":\"https:\\\/\\\/iberogrooming.com\\\/aviso-legal\\\/\",\"url\":\"https:\\\/\\\/iberogrooming.com\\\/aviso-legal\\\/\",\"name\":\"Aviso Legal - Iberogrooming\",\"isPartOf\":{\"@id\":\"https:\\\/\\\/iberogrooming.com\\\/#website\"},\"datePublished\":\"2025-03-18T15:16:28+00:00\",\"dateModified\":\"2025-03-18T15:20:50+00:00\",\"breadcrumb\":{\"@id\":\"https:\\\/\\\/iberogrooming.com\\\/aviso-legal\\\/#breadcrumb\"},\"inLanguage\":\"en-GB\",\"potentialAction\":[{\"@type\":\"ReadAction\",\"target\":[\"https:\\\/\\\/iberogrooming.com\\\/aviso-legal\\\/\"]}]},{\"@type\":\"BreadcrumbList\",\"@id\":\"https:\\\/\\\/iberogrooming.com\\\/aviso-legal\\\/#breadcrumb\",\"itemListElement\":[{\"@type\":\"ListItem\",\"position\":1,\"name\":\"Portada\",\"item\":\"https:\\\/\\\/iberogrooming.com\\\/\"},{\"@type\":\"ListItem\",\"position\":2,\"name\":\"Aviso Legal\"}]},{\"@type\":\"WebSite\",\"@id\":\"https:\\\/\\\/iberogrooming.com\\\/#website\",\"url\":\"https:\\\/\\\/iberogrooming.com\\\/\",\"name\":\"Iberogrooming\",\"description\":\"\",\"publisher\":{\"@id\":\"https:\\\/\\\/iberogrooming.com\\\/#organization\"},\"potentialAction\":[{\"@type\":\"SearchAction\",\"target\":{\"@type\":\"EntryPoint\",\"urlTemplate\":\"https:\\\/\\\/iberogrooming.com\\\/?s={search_term_string}\"},\"query-input\":{\"@type\":\"PropertyValueSpecification\",\"valueRequired\":true,\"valueName\":\"search_term_string\"}}],\"inLanguage\":\"en-GB\"},{\"@type\":\"Organization\",\"@id\":\"https:\\\/\\\/iberogrooming.com\\\/#organization\",\"name\":\"Iberogrooming\",\"url\":\"https:\\\/\\\/iberogrooming.com\\\/\",\"logo\":{\"@type\":\"ImageObject\",\"inLanguage\":\"en-GB\",\"@id\":\"https:\\\/\\\/iberogrooming.com\\\/#\\\/schema\\\/logo\\\/image\\\/\",\"url\":\"https:\\\/\\\/iberogrooming.com\\\/wp-content\\\/uploads\\\/2025\\\/03\\\/logoyfavicon.png\",\"contentUrl\":\"https:\\\/\\\/iberogrooming.com\\\/wp-content\\\/uploads\\\/2025\\\/03\\\/logoyfavicon.png\",\"width\":508,\"height\":396,\"caption\":\"Iberogrooming\"},\"image\":{\"@id\":\"https:\\\/\\\/iberogrooming.com\\\/#\\\/schema\\\/logo\\\/image\\\/\"}}]}<\/script>\n<!-- \/ Yoast SEO plugin. -->","yoast_head_json":{"title":"Aviso Legal - Iberogrooming","robots":{"index":"index","follow":"follow","max-snippet":"max-snippet:-1","max-image-preview":"max-image-preview:large","max-video-preview":"max-video-preview:-1"},"canonical":"https:\/\/iberogrooming.com\/en\/aviso-legal\/","og_locale":"en_GB","og_type":"article","og_title":"Aviso Legal - Iberogrooming","og_description":"El siguiente texto regula la utilizaci\u00f3n del sitio Web de BURBUR PET CARE, S.L., en adelante IBEROGROOMING,\u00a0por parte de los usuarios de Internet. Lea atentamente este Aviso Legal, las Condiciones Generales de Servicio y la Pol\u00edtica de Privacidad cada vez que visite este sitio web ya que podr\u00e1 ser modificado en cualquier momento. En caso [&hellip;]","og_url":"https:\/\/iberogrooming.com\/en\/aviso-legal\/","og_site_name":"Iberogrooming","article_modified_time":"2025-03-18T15:20:50+00:00","twitter_card":"summary_large_image","twitter_misc":{"Estimated reading time":"4 minutes"},"schema":{"@context":"https:\/\/schema.org","@graph":[{"@type":"WebPage","@id":"https:\/\/iberogrooming.com\/aviso-legal\/","url":"https:\/\/iberogrooming.com\/aviso-legal\/","name":"Aviso Legal - Iberogrooming","isPartOf":{"@id":"https:\/\/iberogrooming.com\/#website"},"datePublished":"2025-03-18T15:16:28+00:00","dateModified":"2025-03-18T15:20:50+00:00","breadcrumb":{"@id":"https:\/\/iberogrooming.com\/aviso-legal\/#breadcrumb"},"inLanguage":"en-GB","potentialAction":[{"@type":"ReadAction","target":["https:\/\/iberogrooming.com\/aviso-legal\/"]}]},{"@type":"BreadcrumbList","@id":"https:\/\/iberogrooming.com\/aviso-legal\/#breadcrumb","itemListElement":[{"@type":"ListItem","position":1,"name":"Portada","item":"https:\/\/iberogrooming.com\/"},{"@type":"ListItem","position":2,"name":"Aviso Legal"}]},{"@type":"WebSite","@id":"https:\/\/iberogrooming.com\/#website","url":"https:\/\/iberogrooming.com\/","name":"Iberogrooming","description":"","publisher":{"@id":"https:\/\/iberogrooming.com\/#organization"},"potentialAction":[{"@type":"SearchAction","target":{"@type":"EntryPoint","urlTemplate":"https:\/\/iberogrooming.com\/?s={search_term_string}"},"query-input":{"@type":"PropertyValueSpecification","valueRequired":true,"valueName":"search_term_string"}}],"inLanguage":"en-GB"},{"@type":"Organization","@id":"https:\/\/iberogrooming.com\/#organization","name":"Iberogrooming","url":"https:\/\/iberogrooming.com\/","logo":{"@type":"ImageObject","inLanguage":"en-GB","@id":"https:\/\/iberogrooming.com\/#\/schema\/logo\/image\/","url":"https:\/\/iberogrooming.com\/wp-content\/uploads\/2025\/03\/logoyfavicon.png","contentUrl":"https:\/\/iberogrooming.com\/wp-content\/uploads\/2025\/03\/logoyfavicon.png","width":508,"height":396,"caption":"Iberogrooming"},"image":{"@id":"https:\/\/iberogrooming.com\/#\/schema\/logo\/image\/"}}]}},"_links":{"self":[{"href":"https:\/\/iberogrooming.com\/en\/wp-json\/wp\/v2\/pages\/310","targetHints":{"allow":["GET"]}}],"collection":[{"href":"https:\/\/iberogrooming.com\/en\/wp-json\/wp\/v2\/pages"}],"about":[{"href":"https:\/\/iberogrooming.com\/en\/wp-json\/wp\/v2\/types\/page"}],"author":[{"embeddable":true,"href":"https:\/\/iberogrooming.com\/en\/wp-json\/wp\/v2\/users\/1"}],"replies":[{"embeddable":true,"href":"https:\/\/iberogrooming.com\/en\/wp-json\/wp\/v2\/comments?post=310"}],"version-history":[{"count":3,"href":"https:\/\/iberogrooming.com\/en\/wp-json\/wp\/v2\/pages\/310\/revisions"}],"predecessor-version":[{"id":318,"href":"https:\/\/iberogrooming.com\/en\/wp-json\/wp\/v2\/pages\/310\/revisions\/318"}],"wp:attachment":[{"href":"https:\/\/iberogrooming.com\/en\/wp-json\/wp\/v2\/media?parent=310"}],"curies":[{"name":"wp","href":"https:\/\/api.w.org\/{rel}","templated":true}]}}